{"id":10086,"date":"2022-03-13T13:23:24","date_gmt":"2022-03-13T13:23:24","guid":{"rendered":"https:\/\/turismobailen.com\/tras-las-huellas-de-bailen\/"},"modified":"2022-03-30T11:12:12","modified_gmt":"2022-03-30T11:12:12","slug":"tras-las-huellas-de-bailen","status":"publish","type":"page","link":"https:\/\/turismobailen.com\/de\/tras-las-huellas-de-bailen\/","title":{"rendered":"In den Spuren der Schlacht."},"content":{"rendered":"\t\t<div data-elementor-type=\"wp-page\" data-elementor-id=\"10086\" class=\"elementor elementor-10086 elementor-10084\" data-elementor-post-type=\"page\">\n\t\t\t\t\t\t<section class=\"elementor-section elementor-top-section elementor-element elementor-element-76396c2 elementor-section-full_width elementor-section-height-default elementor-section-height-default\" data-id=\"76396c2\" data-element_type=\"section\" data-e-type=\"section\" data-settings=\"{&quot;jet_parallax_layout_list&quot;:[],&quot;background_background&quot;:&quot;classic&quot;}\">\n\t\t\t\t\t\t\t<div class=\"elementor-background-overlay\"><\/div>\n\t\t\t\t\t\t\t<div class=\"elementor-container elementor-column-gap-default\">\n\t\t\t\t\t<div class=\"elementor-column elementor-col-100 elementor-top-column elementor-element elementor-element-7948b8c\" data-id=\"7948b8c\" data-element_type=\"column\" data-e-type=\"column\">\n\t\t\t<div class=\"elementor-widget-wrap elementor-element-populated\">\n\t\t\t\t\t\t\t<\/div>\n\t\t<\/div>\n\t\t\t\t\t<\/div>\n\t\t<\/section>\n\t\t\t\t<section class=\"elementor-section elementor-top-section elementor-element elementor-element-38dccae elementor-section-content-middle elementor-section-boxed elementor-section-height-default elementor-section-height-default\" data-id=\"38dccae\" data-element_type=\"section\" data-e-type=\"section\" data-settings=\"{&quot;jet_parallax_layout_list&quot;:[]}\">\n\t\t\t\t\t\t<div class=\"elementor-container elementor-column-gap-default\">\n\t\t\t\t\t<div class=\"elementor-column elementor-col-50 elementor-top-column elementor-element elementor-element-3db242f\" data-id=\"3db242f\" data-element_type=\"column\" data-e-type=\"column\">\n\t\t\t<div class=\"elementor-widget-wrap elementor-element-populated\">\n\t\t\t\t\t\t<div class=\"elementor-element elementor-element-cadcfc9 elementor-widget elementor-widget-text-editor\" data-id=\"cadcfc9\" data-element_type=\"widget\" data-e-type=\"widget\" data-widget_type=\"text-editor.default\">\n\t\t\t\t<div class=\"elementor-widget-container\">\n\t\t\t\t\t\t\t\t\t<p>Eine Tour zur Entdeckung der Enklaven und Meilensteinen von besonderer Bedeutung, die \u00fcber die weite Landschaft verstreut sind, in der die historische Schlacht von Bail\u00e9n stattfand. Denkm\u00e4ler und Erinnerungen, die an diese historische Tat erinnern, sowie eine Reihe von sechs Monolithen, die die wichtigsten Zusammenst\u00f6\u00dfe und Truppen w\u00e4hrend der Schlacht markieren. Bei der Ankunft an den einzelnen Meilensteinen k\u00f6nnen Sie weitere Informationen \u00fcber eine audiovisuelle Pr\u00e4sentation erhalten, die \u00fcber einen QR-Code aufgerufen werden kann.<\/p>\t\t\t\t\t\t\t\t<\/div>\n\t\t\t\t<\/div>\n\t\t\t\t\t<\/div>\n\t\t<\/div>\n\t\t\t\t<div class=\"elementor-column elementor-col-50 elementor-top-column elementor-element elementor-element-bd3a397\" data-id=\"bd3a397\" data-element_type=\"column\" data-e-type=\"column\">\n\t\t\t<div class=\"elementor-widget-wrap elementor-element-populated\">\n\t\t\t\t\t\t<div class=\"elementor-element elementor-element-60e7876 elementor-widget elementor-widget-image\" data-id=\"60e7876\" data-element_type=\"widget\" data-e-type=\"widget\" data-widget_type=\"image.default\">\n\t\t\t\t<div class=\"elementor-widget-container\">\n\t\t\t\t\t\t\t\t\t\t\t\t\t\t\t\t<a href=\"https:\/\/turismobailen.pruebas.tic4you.com\/wp-content\/uploads\/2022\/03\/Monolitos.jpg\" data-elementor-open-lightbox=\"yes\" data-elementor-lightbox-title=\"Monolitos\" data-e-action-hash=\"#elementor-action%3Aaction%3Dlightbox%26settings%3DeyJpZCI6ODY2NywidXJsIjoiaHR0cHM6XC9cL3R1cmlzbW9iYWlsZW4uY29tXC93cC1jb250ZW50XC91cGxvYWRzXC8yMDIyXC8wM1wvTW9ub2xpdG9zLmpwZyJ9\">\n\t\t\t\t\t\t\t<img fetchpriority=\"high\" decoding=\"async\" width=\"768\" height=\"806\" src=\"https:\/\/turismobailen.com\/wp-content\/uploads\/2022\/03\/Monolitos-768x806.jpg\" class=\"attachment-medium_large size-medium_large wp-image-8667\" alt=\"\" srcset=\"https:\/\/turismobailen.com\/wp-content\/uploads\/2022\/03\/Monolitos-768x806.jpg 768w, https:\/\/turismobailen.com\/wp-content\/uploads\/2022\/03\/Monolitos-286x300.jpg 286w, https:\/\/turismobailen.com\/wp-content\/uploads\/2022\/03\/Monolitos-572x600.jpg 572w, https:\/\/turismobailen.com\/wp-content\/uploads\/2022\/03\/Monolitos-534x560.jpg 534w, https:\/\/turismobailen.com\/wp-content\/uploads\/2022\/03\/Monolitos.jpg 778w\" sizes=\"(max-width: 768px) 100vw, 768px\" \/>\t\t\t\t\t\t\t\t<\/a>\n\t\t\t\t\t\t\t\t\t\t\t\t\t\t\t<\/div>\n\t\t\t\t<\/div>\n\t\t\t\t\t<\/div>\n\t\t<\/div>\n\t\t\t\t\t<\/div>\n\t\t<\/section>\n\t\t\t\t<section class=\"elementor-section elementor-top-section elementor-element elementor-element-33a0a91 elementor-section-boxed elementor-section-height-default elementor-section-height-default\" data-id=\"33a0a91\" data-element_type=\"section\" data-e-type=\"section\" data-settings=\"{&quot;jet_parallax_layout_list&quot;:[]}\">\n\t\t\t\t\t\t<div class=\"elementor-container elementor-column-gap-default\">\n\t\t\t\t\t<div class=\"elementor-column elementor-col-100 elementor-top-column elementor-element elementor-element-34b7635\" data-id=\"34b7635\" data-element_type=\"column\" data-e-type=\"column\">\n\t\t\t<div class=\"elementor-widget-wrap elementor-element-populated\">\n\t\t\t\t\t\t<div class=\"elementor-element elementor-element-7f9f4e6 elementor-widget elementor-widget-heading\" data-id=\"7f9f4e6\" data-element_type=\"widget\" data-e-type=\"widget\" data-widget_type=\"heading.default\">\n\t\t\t\t<div class=\"elementor-widget-container\">\n\t\t\t\t\t<h2 class=\"elementor-heading-title elementor-size-default\">Huerta de Arteaga<\/h2>\t\t\t\t<\/div>\n\t\t\t\t<\/div>\n\t\t\t\t<div class=\"elementor-element elementor-element-42916b2 elementor-widget elementor-widget-text-editor\" data-id=\"42916b2\" data-element_type=\"widget\" data-e-type=\"widget\" data-widget_type=\"text-editor.default\">\n\t\t\t\t<div class=\"elementor-widget-container\">\n\t\t\t\t\t\t\t\t\t<p>Befindet sich im alten Huerta de Artega, dem heutigen Vivero, dem Ort, an dem sich der spanische Generalstab sowie das k\u00fcrzlich entdeckte Wasserrad befanden.<\/p>\t\t\t\t\t\t\t\t<\/div>\n\t\t\t\t<\/div>\n\t\t\t\t\t<\/div>\n\t\t<\/div>\n\t\t\t\t\t<\/div>\n\t\t<\/section>\n\t\t\t\t<section class=\"elementor-section elementor-top-section elementor-element elementor-element-f52c942 elementor-section-boxed elementor-section-height-default elementor-section-height-default\" data-id=\"f52c942\" data-element_type=\"section\" data-e-type=\"section\" data-settings=\"{&quot;jet_parallax_layout_list&quot;:[]}\">\n\t\t\t\t\t\t<div class=\"elementor-container elementor-column-gap-default\">\n\t\t\t\t\t<div class=\"elementor-column elementor-col-100 elementor-top-column elementor-element elementor-element-f414084\" data-id=\"f414084\" data-element_type=\"column\" data-e-type=\"column\">\n\t\t\t<div class=\"elementor-widget-wrap elementor-element-populated\">\n\t\t\t\t\t\t<div class=\"elementor-element elementor-element-36c1d06 elementor-widget elementor-widget-heading\" data-id=\"36c1d06\" data-element_type=\"widget\" data-e-type=\"widget\" data-widget_type=\"heading.default\">\n\t\t\t\t<div class=\"elementor-widget-container\">\n\t\t\t\t\t<h2 class=\"elementor-heading-title elementor-size-default\">Linke Flanke Spaniens<\/h2>\t\t\t\t<\/div>\n\t\t\t\t<\/div>\n\t\t\t\t<div class=\"elementor-element elementor-element-aed9e4d elementor-widget elementor-widget-text-editor\" data-id=\"aed9e4d\" data-element_type=\"widget\" data-e-type=\"widget\" data-widget_type=\"text-editor.default\">\n\t\t\t\t<div class=\"elementor-widget-container\">\n\t\t\t\t\t\t\t\t\t<p>Liegt an der Landstra\u00dfe hinter dem Pol\u00edgono El Cruce in Richtung des als La Toscana bekannten Gebiets und befindet sich auf dem linken spanischen Fl\u00fcgel.<\/p>\t\t\t\t\t\t\t\t<\/div>\n\t\t\t\t<\/div>\n\t\t\t\t\t<\/div>\n\t\t<\/div>\n\t\t\t\t\t<\/div>\n\t\t<\/section>\n\t\t\t\t<section class=\"elementor-section elementor-top-section elementor-element elementor-element-c6f00ac elementor-section-boxed elementor-section-height-default elementor-section-height-default\" data-id=\"c6f00ac\" data-element_type=\"section\" data-e-type=\"section\" data-settings=\"{&quot;jet_parallax_layout_list&quot;:[]}\">\n\t\t\t\t\t\t<div class=\"elementor-container elementor-column-gap-default\">\n\t\t\t\t\t<div class=\"elementor-column elementor-col-100 elementor-top-column elementor-element elementor-element-377a51f\" data-id=\"377a51f\" data-element_type=\"column\" data-e-type=\"column\">\n\t\t\t<div class=\"elementor-widget-wrap elementor-element-populated\">\n\t\t\t\t\t\t<div class=\"elementor-element elementor-element-e340162 elementor-widget elementor-widget-heading\" data-id=\"e340162\" data-element_type=\"widget\" data-e-type=\"widget\" data-widget_type=\"heading.default\">\n\t\t\t\t<div class=\"elementor-widget-container\">\n\t\t\t\t\t<h2 class=\"elementor-heading-title elementor-size-default\">Schlacht in Haza Walona<\/h2>\t\t\t\t<\/div>\n\t\t\t\t<\/div>\n\t\t\t\t<div class=\"elementor-element elementor-element-656dab6 elementor-widget elementor-widget-text-editor\" data-id=\"656dab6\" data-element_type=\"widget\" data-e-type=\"widget\" data-widget_type=\"text-editor.default\">\n\t\t\t\t<div class=\"elementor-widget-container\">\n\t\t\t\t\t\t\t\t\t<p>Auf dem gleichen Landweg wie Monolith 2 gelegen, verweist dieser Meilenstein auf Haza Walona, wo wichtige Schlachten stattfanden.<\/p>\t\t\t\t\t\t\t\t<\/div>\n\t\t\t\t<\/div>\n\t\t\t\t\t<\/div>\n\t\t<\/div>\n\t\t\t\t\t<\/div>\n\t\t<\/section>\n\t\t\t\t<section class=\"elementor-section elementor-top-section elementor-element elementor-element-71a3816 elementor-section-boxed elementor-section-height-default elementor-section-height-default\" data-id=\"71a3816\" data-element_type=\"section\" data-e-type=\"section\" data-settings=\"{&quot;jet_parallax_layout_list&quot;:[]}\">\n\t\t\t\t\t\t<div class=\"elementor-container elementor-column-gap-default\">\n\t\t\t\t\t<div class=\"elementor-column elementor-col-100 elementor-top-column elementor-element elementor-element-ec46167\" data-id=\"ec46167\" data-element_type=\"column\" data-e-type=\"column\">\n\t\t\t<div class=\"elementor-widget-wrap elementor-element-populated\">\n\t\t\t\t\t\t<div class=\"elementor-element elementor-element-c0891ab elementor-widget elementor-widget-heading\" data-id=\"c0891ab\" data-element_type=\"widget\" data-e-type=\"widget\" data-widget_type=\"heading.default\">\n\t\t\t\t<div class=\"elementor-widget-container\">\n\t\t\t\t\t<h2 class=\"elementor-heading-title elementor-size-default\">Zentrum der spanischen Armee<\/h2>\t\t\t\t<\/div>\n\t\t\t\t<\/div>\n\t\t\t\t<div class=\"elementor-element elementor-element-62e3ca9 elementor-widget elementor-widget-text-editor\" data-id=\"62e3ca9\" data-element_type=\"widget\" data-e-type=\"widget\" data-widget_type=\"text-editor.default\">\n\t\t\t\t<div class=\"elementor-widget-container\">\n\t\t\t\t\t\t\t\t\t<p>In der Calle And\u00fajar, in der N\u00e4he der Noria de la Huerta de San L\u00e1zaro, befindet sich das Zentrum der spanischen Linie.<\/p>\t\t\t\t\t\t\t\t<\/div>\n\t\t\t\t<\/div>\n\t\t\t\t\t<\/div>\n\t\t<\/div>\n\t\t\t\t\t<\/div>\n\t\t<\/section>\n\t\t\t\t<section class=\"elementor-section elementor-top-section elementor-element elementor-element-f68a538 elementor-section-boxed elementor-section-height-default elementor-section-height-default\" data-id=\"f68a538\" data-element_type=\"section\" data-e-type=\"section\" data-settings=\"{&quot;jet_parallax_layout_list&quot;:[]}\">\n\t\t\t\t\t\t<div class=\"elementor-container elementor-column-gap-default\">\n\t\t\t\t\t<div class=\"elementor-column elementor-col-100 elementor-top-column elementor-element elementor-element-af47d41\" data-id=\"af47d41\" data-element_type=\"column\" data-e-type=\"column\">\n\t\t\t<div class=\"elementor-widget-wrap elementor-element-populated\">\n\t\t\t\t\t\t<div class=\"elementor-element elementor-element-309110d elementor-widget elementor-widget-heading\" data-id=\"309110d\" data-element_type=\"widget\" data-e-type=\"widget\" data-widget_type=\"heading.default\">\n\t\t\t\t<div class=\"elementor-widget-container\">\n\t\t\t\t\t<h2 class=\"elementor-heading-title elementor-size-default\">Monolith f\u00fcr die Gefallenen von 1808<\/h2>\t\t\t\t<\/div>\n\t\t\t\t<\/div>\n\t\t\t\t<section class=\"elementor-section elementor-inner-section elementor-element elementor-element-583ac35 elementor-section-content-middle elementor-section-boxed elementor-section-height-default elementor-section-height-default\" data-id=\"583ac35\" data-element_type=\"section\" data-e-type=\"section\" data-settings=\"{&quot;jet_parallax_layout_list&quot;:[]}\">\n\t\t\t\t\t\t<div class=\"elementor-container elementor-column-gap-default\">\n\t\t\t\t\t<div class=\"elementor-column elementor-col-50 elementor-inner-column elementor-element elementor-element-6788a28\" data-id=\"6788a28\" data-element_type=\"column\" data-e-type=\"column\">\n\t\t\t<div class=\"elementor-widget-wrap elementor-element-populated\">\n\t\t\t\t\t\t<div class=\"elementor-element elementor-element-8858a62 elementor-widget elementor-widget-text-editor\" data-id=\"8858a62\" data-element_type=\"widget\" data-e-type=\"widget\" data-widget_type=\"text-editor.default\">\n\t\t\t\t<div class=\"elementor-widget-container\">\n\t\t\t\t\t\t\t\t\t<p>Dieser Monolith auf dem Camino de las Aguas ist den Gefallenen von 1808 gewidmet und dient als Tribut an sie.<\/p>\t\t\t\t\t\t\t\t<\/div>\n\t\t\t\t<\/div>\n\t\t\t\t\t<\/div>\n\t\t<\/div>\n\t\t\t\t<div class=\"elementor-column elementor-col-50 elementor-inner-column elementor-element elementor-element-9823a87\" data-id=\"9823a87\" data-element_type=\"column\" data-e-type=\"column\">\n\t\t\t<div class=\"elementor-widget-wrap elementor-element-populated\">\n\t\t\t\t\t\t<div class=\"elementor-element elementor-element-1fca8e9 elementor-widget elementor-widget-image\" data-id=\"1fca8e9\" data-element_type=\"widget\" data-e-type=\"widget\" data-widget_type=\"image.default\">\n\t\t\t\t<div class=\"elementor-widget-container\">\n\t\t\t\t\t\t\t\t\t\t\t\t\t\t\t<img decoding=\"async\" width=\"274\" height=\"300\" src=\"https:\/\/turismobailen.com\/wp-content\/uploads\/2022\/03\/Monolitos3-274x300.jpg\" class=\"attachment-medium size-medium wp-image-8675\" alt=\"\" srcset=\"https:\/\/turismobailen.com\/wp-content\/uploads\/2022\/03\/Monolitos3-274x300.jpg 274w, https:\/\/turismobailen.com\/wp-content\/uploads\/2022\/03\/Monolitos3.jpg 506w\" sizes=\"(max-width: 274px) 100vw, 274px\" \/>\t\t\t\t\t\t\t\t\t\t\t\t\t\t\t<\/div>\n\t\t\t\t<\/div>\n\t\t\t\t\t<\/div>\n\t\t<\/div>\n\t\t\t\t\t<\/div>\n\t\t<\/section>\n\t\t\t\t\t<\/div>\n\t\t<\/div>\n\t\t\t\t\t<\/div>\n\t\t<\/section>\n\t\t\t\t<section class=\"elementor-section elementor-top-section elementor-element elementor-element-5a7da5e elementor-section-boxed elementor-section-height-default elementor-section-height-default\" data-id=\"5a7da5e\" data-element_type=\"section\" data-e-type=\"section\" data-settings=\"{&quot;jet_parallax_layout_list&quot;:[]}\">\n\t\t\t\t\t\t<div class=\"elementor-container elementor-column-gap-default\">\n\t\t\t\t\t<div class=\"elementor-column elementor-col-100 elementor-top-column elementor-element elementor-element-157b90c\" data-id=\"157b90c\" data-element_type=\"column\" data-e-type=\"column\">\n\t\t\t<div class=\"elementor-widget-wrap elementor-element-populated\">\n\t\t\t\t\t\t<div class=\"elementor-element elementor-element-e535895 elementor-widget elementor-widget-heading\" data-id=\"e535895\" data-element_type=\"widget\" data-e-type=\"widget\" data-widget_type=\"heading.default\">\n\t\t\t\t<div class=\"elementor-widget-container\">\n\t\t\t\t\t<h2 class=\"elementor-heading-title elementor-size-default\">H\u00fcgel von San Crist\u00f3bal<\/h2>\t\t\t\t<\/div>\n\t\t\t\t<\/div>\n\t\t\t\t<section class=\"elementor-section elementor-inner-section elementor-element elementor-element-95d3ea5 elementor-section-content-middle elementor-section-boxed elementor-section-height-default elementor-section-height-default\" data-id=\"95d3ea5\" data-element_type=\"section\" data-e-type=\"section\" data-settings=\"{&quot;jet_parallax_layout_list&quot;:[]}\">\n\t\t\t\t\t\t<div class=\"elementor-container elementor-column-gap-default\">\n\t\t\t\t\t<div class=\"elementor-column elementor-col-50 elementor-inner-column elementor-element elementor-element-e3b3807\" data-id=\"e3b3807\" data-element_type=\"column\" data-e-type=\"column\">\n\t\t\t<div class=\"elementor-widget-wrap elementor-element-populated\">\n\t\t\t\t\t\t<div class=\"elementor-element elementor-element-27d903a elementor-widget elementor-widget-text-editor\" data-id=\"27d903a\" data-element_type=\"widget\" data-e-type=\"widget\" data-widget_type=\"text-editor.default\">\n\t\t\t\t<div class=\"elementor-widget-container\">\n\t\t\t\t\t\t\t\t\t<p>Letzterer befindet sich in Cerro San Crist\u00f3bal, einer Enklave, die weit vom eigentlichen Schlachtfeld entfernt ist, in der aber am 19. Juli ebenfalls K\u00e4mpfe stattfanden.<\/p>\t\t\t\t\t\t\t\t<\/div>\n\t\t\t\t<\/div>\n\t\t\t\t\t<\/div>\n\t\t<\/div>\n\t\t\t\t<div class=\"elementor-column elementor-col-50 elementor-inner-column elementor-element elementor-element-47c6a05\" data-id=\"47c6a05\" data-element_type=\"column\" data-e-type=\"column\">\n\t\t\t<div class=\"elementor-widget-wrap elementor-element-populated\">\n\t\t\t\t\t\t<div class=\"elementor-element elementor-element-2c73e06 elementor-widget elementor-widget-image\" data-id=\"2c73e06\" data-element_type=\"widget\" data-e-type=\"widget\" data-widget_type=\"image.default\">\n\t\t\t\t<div class=\"elementor-widget-container\">\n\t\t\t\t\t\t\t\t\t\t\t\t\t\t\t\t<a href=\"https:\/\/turismobailen.pruebas.tic4you.com\/wp-content\/uploads\/2022\/03\/Monolitos4.jpg\" data-elementor-open-lightbox=\"yes\" data-elementor-lightbox-title=\"Monolitos4\" data-e-action-hash=\"#elementor-action%3Aaction%3Dlightbox%26settings%3DeyJpZCI6ODY3OSwidXJsIjoiaHR0cHM6XC9cL3R1cmlzbW9iYWlsZW4uY29tXC93cC1jb250ZW50XC91cGxvYWRzXC8yMDIyXC8wM1wvTW9ub2xpdG9zNC5qcGcifQ%3D%3D\">\n\t\t\t\t\t\t\t<img decoding=\"async\" width=\"212\" height=\"300\" src=\"https:\/\/turismobailen.com\/wp-content\/uploads\/2022\/03\/Monolitos4-212x300.jpg\" class=\"attachment-medium size-medium wp-image-8679\" alt=\"\" srcset=\"https:\/\/turismobailen.com\/wp-content\/uploads\/2022\/03\/Monolitos4-212x300.jpg 212w, https:\/\/turismobailen.com\/wp-content\/uploads\/2022\/03\/Monolitos4-723x1024.jpg 723w, https:\/\/turismobailen.com\/wp-content\/uploads\/2022\/03\/Monolitos4-768x1088.jpg 768w, https:\/\/turismobailen.com\/wp-content\/uploads\/2022\/03\/Monolitos4-424x600.jpg 424w, https:\/\/turismobailen.com\/wp-content\/uploads\/2022\/03\/Monolitos4-395x560.jpg 395w, https:\/\/turismobailen.com\/wp-content\/uploads\/2022\/03\/Monolitos4.jpg 977w\" sizes=\"(max-width: 212px) 100vw, 212px\" \/>\t\t\t\t\t\t\t\t<\/a>\n\t\t\t\t\t\t\t\t\t\t\t\t\t\t\t<\/div>\n\t\t\t\t<\/div>\n\t\t\t\t\t<\/div>\n\t\t<\/div>\n\t\t\t\t\t<\/div>\n\t\t<\/section>\n\t\t\t\t\t<\/div>\n\t\t<\/div>\n\t\t\t\t\t<\/div>\n\t\t<\/section>\n\t\t\t\t<\/div>\n\t\t","protected":false},"excerpt":{"rendered":"<p>Eine Tour zur Entdeckung der Enklaven und Meilensteinen von besonderer Bedeutung, die \u00fcber die weite Landschaft verstreut sind, in der die historische Schlacht von Bail\u00e9n stattfand. Denkm\u00e4ler und Erinnerungen, die an diese historische Tat erinnern, sowie eine Reihe von sechs Monolithen, die die wichtigsten Zusammenst\u00f6\u00dfe und Truppen w\u00e4hrend der Schlacht markieren. Bei der Ankunft an [&hellip;]<\/p>\n","protected":false},"author":1,"featured_media":0,"parent":0,"menu_order":0,"comment_status":"closed","ping_status":"closed","template":"elementor_header_footer","meta":{"footnotes":""},"class_list":["post-10086","page","type-page","status-publish","hentry"],"_links":{"self":[{"href":"https:\/\/turismobailen.com\/de\/wp-json\/wp\/v2\/pages\/10086","targetHints":{"allow":["GET"]}}],"collection":[{"href":"https:\/\/turismobailen.com\/de\/wp-json\/wp\/v2\/pages"}],"about":[{"href":"https:\/\/turismobailen.com\/de\/wp-json\/wp\/v2\/types\/page"}],"author":[{"embeddable":true,"href":"https:\/\/turismobailen.com\/de\/wp-json\/wp\/v2\/users\/1"}],"replies":[{"embeddable":true,"href":"https:\/\/turismobailen.com\/de\/wp-json\/wp\/v2\/comments?post=10086"}],"version-history":[{"count":0,"href":"https:\/\/turismobailen.com\/de\/wp-json\/wp\/v2\/pages\/10086\/revisions"}],"wp:attachment":[{"href":"https:\/\/turismobailen.com\/de\/wp-json\/wp\/v2\/media?parent=10086"}],"curies":[{"name":"wp","href":"https:\/\/api.w.org\/{rel}","templated":true}]}}