{"id":6762,"date":"2022-02-24T10:07:56","date_gmt":"2022-02-24T10:07:56","guid":{"rendered":"https:\/\/turismobailen.com\/rutas\/"},"modified":"2022-09-15T10:26:32","modified_gmt":"2022-09-15T10:26:32","slug":"rutas","status":"publish","type":"page","link":"https:\/\/turismobailen.com\/de\/rutas\/","title":{"rendered":"Wanderwege"},"content":{"rendered":"\t\t<div data-elementor-type=\"wp-page\" data-elementor-id=\"6762\" class=\"elementor elementor-6762 elementor-6395\" data-elementor-post-type=\"page\">\n\t\t\t\t\t\t<section class=\"elementor-section elementor-top-section elementor-element elementor-element-c39daad elementor-section-boxed elementor-section-height-default elementor-section-height-default\" data-id=\"c39daad\" data-element_type=\"section\" data-e-type=\"section\" data-settings=\"{&quot;jet_parallax_layout_list&quot;:[],&quot;background_background&quot;:&quot;classic&quot;}\">\n\t\t\t\t\t\t<div class=\"elementor-container elementor-column-gap-default\">\n\t\t\t\t\t<div class=\"elementor-column elementor-col-100 elementor-top-column elementor-element elementor-element-0c3d245\" data-id=\"0c3d245\" data-element_type=\"column\" data-e-type=\"column\">\n\t\t\t<div class=\"elementor-widget-wrap elementor-element-populated\">\n\t\t\t\t\t\t\t<\/div>\n\t\t<\/div>\n\t\t\t\t\t<\/div>\n\t\t<\/section>\n\t\t\t\t<section class=\"elementor-section elementor-top-section elementor-element elementor-element-df5be55 elementor-section-boxed elementor-section-height-default elementor-section-height-default\" data-id=\"df5be55\" data-element_type=\"section\" data-e-type=\"section\" data-settings=\"{&quot;jet_parallax_layout_list&quot;:[]}\">\n\t\t\t\t\t\t<div class=\"elementor-container elementor-column-gap-default\">\n\t\t\t\t\t<div class=\"elementor-column elementor-col-100 elementor-top-column elementor-element elementor-element-cd4e6e6\" data-id=\"cd4e6e6\" data-element_type=\"column\" data-e-type=\"column\">\n\t\t\t<div class=\"elementor-widget-wrap elementor-element-populated\">\n\t\t\t\t\t\t<div class=\"elementor-element elementor-element-24e20ba elementor-headline--style-highlight elementor-widget elementor-widget-animated-headline\" data-id=\"24e20ba\" data-element_type=\"widget\" data-e-type=\"widget\" data-settings=\"{&quot;marker&quot;:&quot;underline_zigzag&quot;,&quot;highlighted_text&quot;:&quot;Tourist&quot;,&quot;headline_style&quot;:&quot;highlight&quot;,&quot;loop&quot;:&quot;yes&quot;,&quot;highlight_animation_duration&quot;:1200,&quot;highlight_iteration_delay&quot;:8000}\" data-widget_type=\"animated-headline.default\">\n\t\t\t\t<div class=\"elementor-widget-container\">\n\t\t\t\t\t\t\t<h3 class=\"elementor-headline\">\n\t\t\t\t<span class=\"elementor-headline-dynamic-wrapper elementor-headline-text-wrapper\">\n\t\t\t\t\t<span class=\"elementor-headline-dynamic-text elementor-headline-text-active\">Tourist<\/span>\n\t\t\t\t<\/span>\n\t\t\t\t<\/h3>\n\t\t\t\t\t\t<\/div>\n\t\t\t\t<\/div>\n\t\t\t\t\t<\/div>\n\t\t<\/div>\n\t\t\t\t\t<\/div>\n\t\t<\/section>\n\t\t\t\t<section class=\"elementor-section elementor-top-section elementor-element elementor-element-f63218c elementor-section-boxed elementor-section-height-default elementor-section-height-default\" data-id=\"f63218c\" data-element_type=\"section\" data-e-type=\"section\" data-settings=\"{&quot;jet_parallax_layout_list&quot;:[]}\">\n\t\t\t\t\t\t<div class=\"elementor-container elementor-column-gap-default\">\n\t\t\t\t\t<div class=\"elementor-column elementor-col-100 elementor-top-column elementor-element elementor-element-c9626d4\" data-id=\"c9626d4\" data-element_type=\"column\" data-e-type=\"column\">\n\t\t\t<div class=\"elementor-widget-wrap elementor-element-populated\">\n\t\t\t\t\t\t<div class=\"elementor-element elementor-element-7785889 elementor-widget elementor-widget-spacer\" data-id=\"7785889\" data-element_type=\"widget\" data-e-type=\"widget\" data-widget_type=\"spacer.default\">\n\t\t\t\t<div class=\"elementor-widget-container\">\n\t\t\t\t\t\t\t<div class=\"elementor-spacer\">\n\t\t\t<div class=\"elementor-spacer-inner\"><\/div>\n\t\t<\/div>\n\t\t\t\t\t\t<\/div>\n\t\t\t\t<\/div>\n\t\t\t\t<div class=\"elementor-element elementor-element-29861f2 elementor-widget elementor-widget-heading\" data-id=\"29861f2\" data-element_type=\"widget\" data-e-type=\"widget\" data-widget_type=\"heading.default\">\n\t\t\t\t<div class=\"elementor-widget-container\">\n\t\t\t\t\t<h2 class=\"elementor-heading-title elementor-size-default\">Wandbilder des Gewissens<\/h2>\t\t\t\t<\/div>\n\t\t\t\t<\/div>\n\t\t\t\t<div class=\"elementor-element elementor-element-e71fd17 elementor-widget elementor-widget-text-editor\" data-id=\"e71fd17\" data-element_type=\"widget\" data-e-type=\"widget\" data-widget_type=\"text-editor.default\">\n\t\t\t\t<div class=\"elementor-widget-container\">\n\t\t\t\t\t\t\t\t\t<p>Die urbane Kunst und die wissenschaftliche Kommunikation haben ein gemeinsames Ziel: den \u00e4sthetischen, informativen, kulturellen, denkmalpflegerischen und touristischen Wert der Stadt aufzuzeigen. R\u00e4ume, die nicht nur \u00e4sthetisch ansprechend sind, sondern auch eine innovative Verbreitung erm\u00f6glichen, die neue Ausdrucksformen in der Stadt durch die besondere Vision jedes einzelnen K\u00fcnstlers in jedem Projekt in den gro\u00dfen Gebieten der Wissenschaft vorstellen.<\/p>\t\t\t\t\t\t\t\t<\/div>\n\t\t\t\t<\/div>\n\t\t\t\t<div class=\"elementor-element elementor-element-59d5952 elementor-align-center elementor-widget elementor-widget-button\" data-id=\"59d5952\" data-element_type=\"widget\" data-e-type=\"widget\" data-widget_type=\"button.default\">\n\t\t\t\t<div class=\"elementor-widget-container\">\n\t\t\t\t\t\t\t\t\t<div class=\"elementor-button-wrapper\">\n\t\t\t\t\t<a class=\"elementor-button elementor-button-link elementor-size-md\" href=\"http:\/\/turismobailen.com\/de\/murales-conciencia\/\">\n\t\t\t\t\t\t<span class=\"elementor-button-content-wrapper\">\n\t\t\t\t\t\t<span class=\"elementor-button-icon\">\n\t\t\t\t<i aria-hidden=\"true\" class=\"fas fa-plus\"><\/i>\t\t\t<\/span>\n\t\t\t\t\t\t\t\t\t<span class=\"elementor-button-text\">Lesen Sie Mehr<\/span>\n\t\t\t\t\t<\/span>\n\t\t\t\t\t<\/a>\n\t\t\t\t<\/div>\n\t\t\t\t\t\t\t\t<\/div>\n\t\t\t\t<\/div>\n\t\t\t\t\t<\/div>\n\t\t<\/div>\n\t\t\t\t\t<\/div>\n\t\t<\/section>\n\t\t\t\t<section class=\"elementor-section elementor-top-section elementor-element elementor-element-c6f7488 elementor-section-boxed elementor-section-height-default elementor-section-height-default\" data-id=\"c6f7488\" data-element_type=\"section\" data-e-type=\"section\" data-settings=\"{&quot;jet_parallax_layout_list&quot;:[]}\">\n\t\t\t\t\t\t<div class=\"elementor-container elementor-column-gap-default\">\n\t\t\t\t\t<div class=\"elementor-column elementor-col-100 elementor-top-column elementor-element elementor-element-e893118\" data-id=\"e893118\" data-element_type=\"column\" data-e-type=\"column\">\n\t\t\t<div class=\"elementor-widget-wrap elementor-element-populated\">\n\t\t\t\t\t\t<div class=\"elementor-element elementor-element-96ae957 elementor-headline--style-highlight elementor-widget elementor-widget-animated-headline\" data-id=\"96ae957\" data-element_type=\"widget\" data-e-type=\"widget\" data-settings=\"{&quot;marker&quot;:&quot;underline_zigzag&quot;,&quot;highlighted_text&quot;:&quot;Natur&quot;,&quot;headline_style&quot;:&quot;highlight&quot;,&quot;loop&quot;:&quot;yes&quot;,&quot;highlight_animation_duration&quot;:1200,&quot;highlight_iteration_delay&quot;:8000}\" data-widget_type=\"animated-headline.default\">\n\t\t\t\t<div class=\"elementor-widget-container\">\n\t\t\t\t\t\t\t<h3 class=\"elementor-headline\">\n\t\t\t\t\t<span class=\"elementor-headline-plain-text elementor-headline-text-wrapper\">In der <\/span>\n\t\t\t\t<span class=\"elementor-headline-dynamic-wrapper elementor-headline-text-wrapper\">\n\t\t\t\t\t<span class=\"elementor-headline-dynamic-text elementor-headline-text-active\">Natur<\/span>\n\t\t\t\t<\/span>\n\t\t\t\t<\/h3>\n\t\t\t\t\t\t<\/div>\n\t\t\t\t<\/div>\n\t\t\t\t<div class=\"elementor-element elementor-element-0c8806c elementor-widget elementor-widget-text-editor\" data-id=\"0c8806c\" data-element_type=\"widget\" data-e-type=\"widget\" data-widget_type=\"text-editor.default\">\n\t\t\t\t<div class=\"elementor-widget-container\">\n\t\t\t\t\t\t\t\t\t<p>Wenn Sie ein Naturfreund sind und sich gerne an der frischen Luft aufhalten, ist die Dehesa de Burguillos die perfekte nat\u00fcrliche Umgebung f\u00fcr Sie. Dieser Berg befindet sich im n\u00f6rdlichen Teil der Gemeinde Bail\u00e9n, 5,5 km vom Ortskern entfernt.<\/p><p>Fr\u00fcher diente die Dehesa de Burguillos der Viehzucht, heute ist sie ein Erholungs- und Freizeitgebiet mit Grillpl\u00e4tzen, Brunnen, einem Besucherempfangszentrum und Wanderwegen f\u00fcr Naturliebhaber. Wenn wir uns die Entwicklung chronologisch vergegenw\u00e4rtigen wollen, m\u00fcssen wir zu den Urspr\u00fcngen zur\u00fcckgehen, als dieses Land f\u00fcr die Ochsenf\u00fctterung bestimmt war und jedem Landwirt pro Joch 14 Quadratmeter zugestanden wurden, da sie von der ganzen Gemeinschaft benutzt wurde.<\/p><p>Gegen Ende des 16. Jahrhunderts wurde die \u201eDehesa de la villa\u201c, wie sie damals genannt wurde, zur Steuererhebung genutzt, indem \u00fcbersch\u00fcssiges Weideland, Eicheln oder verpachtetes Wild versteigert wurden, um die k\u00f6niglichen Steuern zu bezahlen.<\/p><p>Ende des 19. Jahrhunderts wurden die Gewinne aus der Dehesa, die \u00fcber einen Zeitraum von etwa zwanzig Jahren erzielt wurden, dazu verwendet, die Schulden zu begleichen, die die Gemeinde bei der Stadt Torreperogil in Ja\u00e9n aufgrund eines Darlehens eingegangen war.<\/p><p>Unter Isabel II. kam es zu Beschlagnahmungen, aber da es sich um das einzige Weideland handelte, das der Gemeinde geh\u00f6rte und auf dem die 717 Rinder weideten, die sie besa\u00df, musste Bail\u00e9n dennoch nicht darauf verzichten.<\/p><p>Im Laufe der Zeit wurde die Wirtschaft vielf\u00e4ltiger und die Viehzucht nahm ab, was dazu f\u00fchrte, dass das Gebiet einer anderen Nutzung zugef\u00fchrt werden musste.<br \/><br \/><\/p>\t\t\t\t\t\t\t\t<\/div>\n\t\t\t\t<\/div>\n\t\t\t\t\t<\/div>\n\t\t<\/div>\n\t\t\t\t\t<\/div>\n\t\t<\/section>\n\t\t\t\t<section class=\"elementor-section elementor-top-section elementor-element elementor-element-02063d0 elementor-section-boxed elementor-section-height-default elementor-section-height-default\" data-id=\"02063d0\" data-element_type=\"section\" data-e-type=\"section\" data-settings=\"{&quot;jet_parallax_layout_list&quot;:[]}\">\n\t\t\t\t\t\t<div class=\"elementor-container elementor-column-gap-default\">\n\t\t\t\t\t<div class=\"elementor-column elementor-col-100 elementor-top-column elementor-element elementor-element-c0914da\" data-id=\"c0914da\" data-element_type=\"column\" data-e-type=\"column\">\n\t\t\t<div class=\"elementor-widget-wrap elementor-element-populated\">\n\t\t\t\t\t\t<div class=\"elementor-element elementor-element-11a26fa elementor-widget elementor-widget-heading\" data-id=\"11a26fa\" data-element_type=\"widget\" data-e-type=\"widget\" data-widget_type=\"heading.default\">\n\t\t\t\t<div class=\"elementor-widget-container\">\n\t\t\t\t\t<h2 class=\"elementor-heading-title elementor-size-default\">In den Spuren der Schlacht.\n<\/h2>\t\t\t\t<\/div>\n\t\t\t\t<\/div>\n\t\t\t\t<div class=\"elementor-element elementor-element-38f835d elementor-widget elementor-widget-text-editor\" data-id=\"38f835d\" data-element_type=\"widget\" data-e-type=\"widget\" data-widget_type=\"text-editor.default\">\n\t\t\t\t<div class=\"elementor-widget-container\">\n\t\t\t\t\t\t\t\t\t<p>Eine Tour zur Entdeckung der Enklaven und Meilensteinen von besonderer Bedeutung, die \u00fcber die weite Landschaft verstreut sind, in der die historische Schlacht von Bail\u00e9n stattfand. Denkm\u00e4ler und Erinnerungen, die an diese historische Tat erinnern, sowie eine Reihe von sechs Monolithen, die die wichtigsten Zusammenst\u00f6\u00dfe und Truppen w\u00e4hrend der Schlacht markieren. Bei der Ankunft an den einzelnen Meilensteinen k\u00f6nnen Sie weitere Informationen \u00fcber eine audiovisuelle Pr\u00e4sentation erhalten, die \u00fcber einen QR-Code aufgerufen werden kann.<\/p>\t\t\t\t\t\t\t\t<\/div>\n\t\t\t\t<\/div>\n\t\t\t\t<div class=\"elementor-element elementor-element-5e2b7ce elementor-align-center elementor-widget elementor-widget-button\" data-id=\"5e2b7ce\" data-element_type=\"widget\" data-e-type=\"widget\" data-widget_type=\"button.default\">\n\t\t\t\t<div class=\"elementor-widget-container\">\n\t\t\t\t\t\t\t\t\t<div class=\"elementor-button-wrapper\">\n\t\t\t\t\t<a class=\"elementor-button elementor-button-link elementor-size-md\" href=\"http:\/\/prueba.turismobailen.com\/de\/tras-las-huellas-de-bailen\/\">\n\t\t\t\t\t\t<span class=\"elementor-button-content-wrapper\">\n\t\t\t\t\t\t<span class=\"elementor-button-icon\">\n\t\t\t\t<i aria-hidden=\"true\" class=\"fas fa-plus\"><\/i>\t\t\t<\/span>\n\t\t\t\t\t\t\t\t\t<span class=\"elementor-button-text\">Lesen Sie Mehr<\/span>\n\t\t\t\t\t<\/span>\n\t\t\t\t\t<\/a>\n\t\t\t\t<\/div>\n\t\t\t\t\t\t\t\t<\/div>\n\t\t\t\t<\/div>\n\t\t\t\t\t<\/div>\n\t\t<\/div>\n\t\t\t\t\t<\/div>\n\t\t<\/section>\n\t\t\t\t<\/div>\n\t\t","protected":false},"excerpt":{"rendered":"<p>Tourist Wandbilder des Gewissens Die urbane Kunst und die wissenschaftliche Kommunikation haben ein gemeinsames Ziel: den \u00e4sthetischen, informativen, kulturellen, denkmalpflegerischen und touristischen Wert der Stadt aufzuzeigen. R\u00e4ume, die nicht nur \u00e4sthetisch ansprechend sind, sondern auch eine innovative Verbreitung erm\u00f6glichen, die neue Ausdrucksformen in der Stadt durch die besondere Vision jedes einzelnen K\u00fcnstlers in jedem Projekt [&hellip;]<\/p>\n","protected":false},"author":1,"featured_media":0,"parent":0,"menu_order":0,"comment_status":"closed","ping_status":"closed","template":"elementor_header_footer","meta":{"footnotes":""},"class_list":["post-6762","page","type-page","status-publish","hentry"],"_links":{"self":[{"href":"https:\/\/turismobailen.com\/de\/wp-json\/wp\/v2\/pages\/6762","targetHints":{"allow":["GET"]}}],"collection":[{"href":"https:\/\/turismobailen.com\/de\/wp-json\/wp\/v2\/pages"}],"about":[{"href":"https:\/\/turismobailen.com\/de\/wp-json\/wp\/v2\/types\/page"}],"author":[{"embeddable":true,"href":"https:\/\/turismobailen.com\/de\/wp-json\/wp\/v2\/users\/1"}],"replies":[{"embeddable":true,"href":"https:\/\/turismobailen.com\/de\/wp-json\/wp\/v2\/comments?post=6762"}],"version-history":[{"count":12,"href":"https:\/\/turismobailen.com\/de\/wp-json\/wp\/v2\/pages\/6762\/revisions"}],"predecessor-version":[{"id":11880,"href":"https:\/\/turismobailen.com\/de\/wp-json\/wp\/v2\/pages\/6762\/revisions\/11880"}],"wp:attachment":[{"href":"https:\/\/turismobailen.com\/de\/wp-json\/wp\/v2\/media?parent=6762"}],"curies":[{"name":"wp","href":"https:\/\/api.w.org\/{rel}","templated":true}]}}