{"id":8003,"date":"2022-03-04T09:14:04","date_gmt":"2022-03-04T09:14:04","guid":{"rendered":"https:\/\/turismobailen.com\/paseo-gastronomico\/"},"modified":"2025-09-04T08:03:41","modified_gmt":"2025-09-04T08:03:41","slug":"paseo-gastronomico","status":"publish","type":"page","link":"https:\/\/turismobailen.com\/de\/paseo-gastronomico\/","title":{"rendered":"Paseo gastron\u00f3mico"},"content":{"rendered":"\t\t<div data-elementor-type=\"wp-page\" data-elementor-id=\"8003\" class=\"elementor elementor-8003 elementor-8001\" data-elementor-post-type=\"page\">\n\t\t\t\t\t\t<section class=\"elementor-section elementor-top-section elementor-element elementor-element-b8cee50 elementor-section-boxed elementor-section-height-default elementor-section-height-default\" data-id=\"b8cee50\" data-element_type=\"section\" data-e-type=\"section\" data-settings=\"{&quot;jet_parallax_layout_list&quot;:[],&quot;background_background&quot;:&quot;classic&quot;}\">\n\t\t\t\t\t\t\t<div class=\"elementor-background-overlay\"><\/div>\n\t\t\t\t\t\t\t<div class=\"elementor-container elementor-column-gap-default\">\n\t\t\t\t\t<div class=\"elementor-column elementor-col-100 elementor-top-column elementor-element elementor-element-10d3dea\" data-id=\"10d3dea\" data-element_type=\"column\" data-e-type=\"column\">\n\t\t\t<div class=\"elementor-widget-wrap elementor-element-populated\">\n\t\t\t\t\t\t\t<\/div>\n\t\t<\/div>\n\t\t\t\t\t<\/div>\n\t\t<\/section>\n\t\t\t\t<section class=\"elementor-section elementor-top-section elementor-element elementor-element-e5d087c elementor-section-boxed elementor-section-height-default elementor-section-height-default\" data-id=\"e5d087c\" data-element_type=\"section\" data-e-type=\"section\" data-settings=\"{&quot;jet_parallax_layout_list&quot;:[]}\">\n\t\t\t\t\t\t<div class=\"elementor-container elementor-column-gap-default\">\n\t\t\t\t\t<div class=\"elementor-column elementor-col-100 elementor-top-column elementor-element elementor-element-6d92080\" data-id=\"6d92080\" data-element_type=\"column\" data-e-type=\"column\">\n\t\t\t<div class=\"elementor-widget-wrap elementor-element-populated\">\n\t\t\t\t\t\t<div class=\"elementor-element elementor-element-89496f7 elementor-widget elementor-widget-spacer\" data-id=\"89496f7\" data-element_type=\"widget\" data-e-type=\"widget\" data-widget_type=\"spacer.default\">\n\t\t\t\t<div class=\"elementor-widget-container\">\n\t\t\t\t\t\t\t<div class=\"elementor-spacer\">\n\t\t\t<div class=\"elementor-spacer-inner\"><\/div>\n\t\t<\/div>\n\t\t\t\t\t\t<\/div>\n\t\t\t\t<\/div>\n\t\t\t\t\t<\/div>\n\t\t<\/div>\n\t\t\t\t\t<\/div>\n\t\t<\/section>\n\t\t\t\t<section class=\"elementor-section elementor-top-section elementor-element elementor-element-a064c83 elementor-reverse-tablet elementor-reverse-mobile elementor-section-boxed elementor-section-height-default elementor-section-height-default\" data-id=\"a064c83\" data-element_type=\"section\" data-e-type=\"section\" data-settings=\"{&quot;jet_parallax_layout_list&quot;:[]}\">\n\t\t\t\t\t\t<div class=\"elementor-container elementor-column-gap-default\">\n\t\t\t\t\t<div class=\"elementor-column elementor-col-66 elementor-top-column elementor-element elementor-element-7b1cebf\" data-id=\"7b1cebf\" data-element_type=\"column\" data-e-type=\"column\">\n\t\t\t<div class=\"elementor-widget-wrap elementor-element-populated\">\n\t\t\t\t\t\t<div class=\"elementor-element elementor-element-468cd79 elementor-widget elementor-widget-text-editor\" data-id=\"468cd79\" data-element_type=\"widget\" data-e-type=\"widget\" data-widget_type=\"text-editor.default\">\n\t\t\t\t<div class=\"elementor-widget-container\">\n\t\t\t\t\t\t\t\t\t<p>Ha llegado la hora de saciar el apetito y Bail\u00e9n te plantea un amplio abanico de posibilidades.&nbsp;<\/p>\n<p>Su localizaci\u00f3n ha contribuido a que desde hace ya mucho tiempo haya sido parada y fonda para todos aquellos que transitaban por este territorio, manteni\u00e9ndose hasta nuestros d\u00edas platos t\u00edpicos que ya eran servidos en la antigua Posada del Majuelo de la conocida calle Real.<\/p>\n<p>En el recetario tradicional de la cocina bailenense encontramos los \u201c<b>Gui\u00f1apos<\/b>\u201d como aqu\u00ed se denominan o tambi\u00e9n conocidos como \u201c<b>Andrajos<\/b>\u201d, las \u201c<b>Patatas con Caldo<\/b>\u201d o las \u201c<b>Papas a lo pobre<\/b>\u201d, elaborados todos ellos con el aceite obtenido de la molienda de la aceituna de la variedad picual, y regados por los vinos propios de esta tierra.<\/p>\n<p>Si lo que deseas es realizar una comida al tiempo que recorres el municipio disfrutando del ambiente local, podr\u00e1s hacerlo a trav\u00e9s de la <b>Ruta del Tapeo <\/b>que encontrar\u00e1s durante todo el a\u00f1o en Bail\u00e9n.<\/p>\n<p>Degustar\u00e1s acompa\u00f1ado de una refrescante bebida las conocida \u201c<b>tapa<\/b>\u201d de cada uno de los bares, tabernas y mesones que se reparten por toda la ciudad.<\/p>\n<p>Si lo que prefieres es deleitar tu paladar con una comida formal, podr\u00e1s hacerlo en los restaurantes de cocina tanto tradicional como actual que Bail\u00e9n te ofrece.<\/p>\n<p><span style=\"letter-spacing: 0px;\">Si necesitas informaci\u00f3n m\u00e1s concreta o asesoramiento sobre la tem\u00e1tica gastron\u00f3mica, dir\u00edgete a:<\/span><a style=\"background-color: #ffffff; letter-spacing: 0px;\" href=\"mailto:turismo@ayto-bailen.com\"> turismo@ayto-bailen.com<\/a><span style=\"letter-spacing: 0px;\"> o tambi\u00e9n v\u00eda telef\u00f3nica al: <\/span><a style=\"background-color: #ffffff; letter-spacing: 0px;\" href=\"tel:953678394\">953678394<\/a><\/p>\t\t\t\t\t\t\t\t<\/div>\n\t\t\t\t<\/div>\n\t\t\t\t<div class=\"elementor-element elementor-element-0779a52 elementor-align-center elementor-widget elementor-widget-button\" data-id=\"0779a52\" data-element_type=\"widget\" data-e-type=\"widget\" data-widget_type=\"button.default\">\n\t\t\t\t<div class=\"elementor-widget-container\">\n\t\t\t\t\t\t\t\t\t<div class=\"elementor-button-wrapper\">\n\t\t\t\t\t<a class=\"elementor-button elementor-button-link elementor-size-sm\" href=\"https:\/\/turismobailen.com\/donde-comer\/\">\n\t\t\t\t\t\t<span class=\"elementor-button-content-wrapper\">\n\t\t\t\t\t\t\t\t\t<span class=\"elementor-button-text\">Bares y Restaurantes<\/span>\n\t\t\t\t\t<\/span>\n\t\t\t\t\t<\/a>\n\t\t\t\t<\/div>\n\t\t\t\t\t\t\t\t<\/div>\n\t\t\t\t<\/div>\n\t\t\t\t\t<\/div>\n\t\t<\/div>\n\t\t\t\t<div class=\"elementor-column elementor-col-33 elementor-top-column elementor-element elementor-element-c638527\" data-id=\"c638527\" data-element_type=\"column\" data-e-type=\"column\">\n\t\t\t<div class=\"elementor-widget-wrap elementor-element-populated\">\n\t\t\t\t\t\t<div class=\"elementor-element elementor-element-f6b466d elementor-widget elementor-widget-image\" data-id=\"f6b466d\" data-element_type=\"widget\" data-e-type=\"widget\" data-widget_type=\"image.default\">\n\t\t\t\t<div class=\"elementor-widget-container\">\n\t\t\t\t\t\t\t\t\t\t\t\t\t\t\t<img fetchpriority=\"high\" decoding=\"async\" width=\"377\" height=\"250\" src=\"https:\/\/turismobailen.com\/wp-content\/uploads\/2022\/03\/gastronomia.jpg\" class=\"attachment-large size-large wp-image-7377\" alt=\"\" srcset=\"https:\/\/turismobailen.com\/wp-content\/uploads\/2022\/03\/gastronomia.jpg 377w, https:\/\/turismobailen.com\/wp-content\/uploads\/2022\/03\/gastronomia-300x199.jpg 300w\" sizes=\"(max-width: 377px) 100vw, 377px\" \/>\t\t\t\t\t\t\t\t\t\t\t\t\t\t\t<\/div>\n\t\t\t\t<\/div>\n\t\t\t\t\t<\/div>\n\t\t<\/div>\n\t\t\t\t\t<\/div>\n\t\t<\/section>\n\t\t\t\t<section class=\"elementor-section elementor-top-section elementor-element elementor-element-8cd8797 elementor-section-boxed elementor-section-height-default elementor-section-height-default\" data-id=\"8cd8797\" data-element_type=\"section\" data-e-type=\"section\" data-settings=\"{&quot;jet_parallax_layout_list&quot;:[]}\">\n\t\t\t\t\t\t<div class=\"elementor-container elementor-column-gap-default\">\n\t\t\t\t\t<div class=\"elementor-column elementor-col-100 elementor-top-column elementor-element elementor-element-f2e1b18\" data-id=\"f2e1b18\" data-element_type=\"column\" data-e-type=\"column\">\n\t\t\t<div class=\"elementor-widget-wrap elementor-element-populated\">\n\t\t\t\t\t\t<div class=\"elementor-element elementor-element-d517875 elementor-widget elementor-widget-spacer\" data-id=\"d517875\" data-element_type=\"widget\" data-e-type=\"widget\" data-widget_type=\"spacer.default\">\n\t\t\t\t<div class=\"elementor-widget-container\">\n\t\t\t\t\t\t\t<div class=\"elementor-spacer\">\n\t\t\t<div class=\"elementor-spacer-inner\"><\/div>\n\t\t<\/div>\n\t\t\t\t\t\t<\/div>\n\t\t\t\t<\/div>\n\t\t\t\t\t<\/div>\n\t\t<\/div>\n\t\t\t\t\t<\/div>\n\t\t<\/section>\n\t\t\t\t<\/div>\n\t\t","protected":false},"excerpt":{"rendered":"<p>Ha llegado la hora de saciar el apetito y Bail\u00e9n te plantea un amplio abanico de posibilidades.&nbsp; Su localizaci\u00f3n ha contribuido a que desde hace ya mucho tiempo haya sido parada y fonda para todos aquellos que transitaban por este territorio, manteni\u00e9ndose hasta nuestros d\u00edas platos t\u00edpicos que ya eran servidos en la antigua Posada [&hellip;]<\/p>\n","protected":false},"author":1,"featured_media":0,"parent":0,"menu_order":0,"comment_status":"closed","ping_status":"closed","template":"elementor_header_footer","meta":{"footnotes":""},"class_list":["post-8003","page","type-page","status-publish","hentry"],"_links":{"self":[{"href":"https:\/\/turismobailen.com\/de\/wp-json\/wp\/v2\/pages\/8003","targetHints":{"allow":["GET"]}}],"collection":[{"href":"https:\/\/turismobailen.com\/de\/wp-json\/wp\/v2\/pages"}],"about":[{"href":"https:\/\/turismobailen.com\/de\/wp-json\/wp\/v2\/types\/page"}],"author":[{"embeddable":true,"href":"https:\/\/turismobailen.com\/de\/wp-json\/wp\/v2\/users\/1"}],"replies":[{"embeddable":true,"href":"https:\/\/turismobailen.com\/de\/wp-json\/wp\/v2\/comments?post=8003"}],"version-history":[{"count":13,"href":"https:\/\/turismobailen.com\/de\/wp-json\/wp\/v2\/pages\/8003\/revisions"}],"predecessor-version":[{"id":13615,"href":"https:\/\/turismobailen.com\/de\/wp-json\/wp\/v2\/pages\/8003\/revisions\/13615"}],"wp:attachment":[{"href":"https:\/\/turismobailen.com\/de\/wp-json\/wp\/v2\/media?parent=8003"}],"curies":[{"name":"wp","href":"https:\/\/api.w.org\/{rel}","templated":true}]}}