{"id":8090,"date":"2022-03-04T09:36:40","date_gmt":"2022-03-04T09:36:40","guid":{"rendered":"https:\/\/turismobailen.com\/almazaras\/"},"modified":"2025-09-03T07:44:24","modified_gmt":"2025-09-03T07:44:24","slug":"almazaras","status":"publish","type":"page","link":"https:\/\/turismobailen.com\/de\/almazaras\/","title":{"rendered":"Almazaras"},"content":{"rendered":"\t\t<div data-elementor-type=\"wp-page\" data-elementor-id=\"8090\" class=\"elementor elementor-8090 elementor-7407\" data-elementor-post-type=\"page\">\n\t\t\t\t\t\t<section class=\"elementor-section elementor-top-section elementor-element elementor-element-68fcc6b elementor-section-boxed elementor-section-height-default elementor-section-height-default\" data-id=\"68fcc6b\" data-element_type=\"section\" data-e-type=\"section\" data-settings=\"{&quot;jet_parallax_layout_list&quot;:[],&quot;background_background&quot;:&quot;classic&quot;}\">\n\t\t\t\t\t\t\t<div class=\"elementor-background-overlay\"><\/div>\n\t\t\t\t\t\t\t<div class=\"elementor-container elementor-column-gap-default\">\n\t\t\t\t\t<div class=\"elementor-column elementor-col-100 elementor-top-column elementor-element elementor-element-ad7d943\" data-id=\"ad7d943\" data-element_type=\"column\" data-e-type=\"column\">\n\t\t\t<div class=\"elementor-widget-wrap elementor-element-populated\">\n\t\t\t\t\t\t\t<\/div>\n\t\t<\/div>\n\t\t\t\t\t<\/div>\n\t\t<\/section>\n\t\t\t\t<section class=\"elementor-section elementor-top-section elementor-element elementor-element-94596d2 elementor-section-boxed elementor-section-height-default elementor-section-height-default\" data-id=\"94596d2\" data-element_type=\"section\" data-e-type=\"section\" data-settings=\"{&quot;jet_parallax_layout_list&quot;:[]}\">\n\t\t\t\t\t\t<div class=\"elementor-container elementor-column-gap-default\">\n\t\t\t\t\t<div class=\"elementor-column elementor-col-100 elementor-top-column elementor-element elementor-element-830b935\" data-id=\"830b935\" data-element_type=\"column\" data-e-type=\"column\">\n\t\t\t<div class=\"elementor-widget-wrap elementor-element-populated\">\n\t\t\t\t\t\t<div class=\"elementor-element elementor-element-7bc2804 elementor-widget elementor-widget-spacer\" data-id=\"7bc2804\" data-element_type=\"widget\" data-e-type=\"widget\" data-widget_type=\"spacer.default\">\n\t\t\t\t<div class=\"elementor-widget-container\">\n\t\t\t\t\t\t\t<div class=\"elementor-spacer\">\n\t\t\t<div class=\"elementor-spacer-inner\"><\/div>\n\t\t<\/div>\n\t\t\t\t\t\t<\/div>\n\t\t\t\t<\/div>\n\t\t\t\t\t<\/div>\n\t\t<\/div>\n\t\t\t\t\t<\/div>\n\t\t<\/section>\n\t\t\t\t<section class=\"elementor-section elementor-top-section elementor-element elementor-element-83828cb elementor-section-boxed elementor-section-height-default elementor-section-height-default\" data-id=\"83828cb\" data-element_type=\"section\" data-e-type=\"section\" data-settings=\"{&quot;jet_parallax_layout_list&quot;:[]}\">\n\t\t\t\t\t\t<div class=\"elementor-container elementor-column-gap-default\">\n\t\t\t\t\t<div class=\"elementor-column elementor-col-100 elementor-top-column elementor-element elementor-element-e41c232\" data-id=\"e41c232\" data-element_type=\"column\" data-e-type=\"column\">\n\t\t\t<div class=\"elementor-widget-wrap elementor-element-populated\">\n\t\t\t\t\t\t<div class=\"elementor-element elementor-element-f17e4f8 elementor-widget elementor-widget-ile-item-lists-elementor-widget\" data-id=\"f17e4f8\" data-element_type=\"widget\" data-e-type=\"widget\" data-widget_type=\"ile-item-lists-elementor-widget.default\">\n\t\t\t\t<div class=\"elementor-widget-container\">\n\t\t\t\t\t<!-- Start Material Bullet Style -->\r\n <div class=\"ile-material-bullet-style\" style=\"direction:ltr;\">\r\n    <div class=\"ile-container-holder\">\r\n            <div class=\"ile-container-row\">            <div class=\"ile-content-box\" style=\"background-color:#DE5600AD;\">\r\n                <h2 class=\"ile-title\" style=\"color:#ffffff;\">Picualia<\/h2>\r\n                <p class=\"ile-content\" style=\"color:#ffffff;\">De la fusi\u00f3n de las cooperativas Agr\u00edcola de Bail\u00e9n y Virgen de Zocueca surge esta potente y moderna almazara. Hace 70 a\u00f1os que sus agricultores se marcaron como objetivo producir aceites de oliva de manera sostenible y en respeto constante con el medio ambiente. Como resultado se obtiene un producto con una excelencia digna de los paladares m\u00e1s exigentes. Un aceite de color verde esmeralda, con una especial frescura que lo hace ideal para ensaladas, tostadas y potenciar platos con intenso sabor a picual.\n<br> <br>\nAutov\u00eda Madrid-C\u00e1diz, Km. 298 (Salida 299 Direcci\u00f3n Madrid)\n23710 Bail\u00e9n (Ja\u00e9n)<br>\nwww.picualia.com<br>\nTlf.: 953670565<br>\nFax: 953673514<br>\nE-mail: info@picualia.com<br><\/p>\r\n            <\/div>\r\n        <\/div>\r\n                <div class=\"ile-container-row\">            <div class=\"ile-content-box\" style=\"background-color:#AAAAAA9E;\">\r\n                <h2 class=\"ile-title\" style=\"color:#ffffff;\">Aceites Ba\u00e9cula<\/h2>\r\n                <p class=\"ile-content\" style=\"color:#ffffff;\">Durante 90 a\u00f1os esta empresa familiar ha estado dedicada a la producci\u00f3n de aceites de oliva v\u00edrgenes, manteniendo en esencia el legado que agricultores y olivareros han ido transmitiendo en el tiempo. Elaboran un aceite de oliva de categor\u00eda superior, de color verde, frutado y fragante con intenso sabor a aceituna fresca, que en degustaci\u00f3n en boca deja un poso exquisitamente amargo. Es ideal para el consumo en crudo como en ensaladas, aderezos y salsas. Adem\u00e1s es muy recomendado en platos con poca elaboraci\u00f3n.\n<br><br>\nCamino de Jabalquinto, s\/n (Junto a Pol\u00edgono Industrial \"Llave de Andaluc\u00eda\")\n23710 Bail\u00e9n (Ja\u00e9n)<br>\nwww.aceitesbaecula.com<br>\nTlf.: 953670099<br>\nFax: 953672950<br>\nE-mail: info@aceitesbaecula.com<br><\/p>\r\n            <\/div>\r\n        <\/div>\r\n                <div class=\"ile-container-row\">            <div class=\"ile-content-box\" style=\"background-color:#DE5600AD;\">\r\n                <h2 class=\"ile-title\" style=\"color:#ffffff;\">Oro Bail\u00e9n<\/h2>\r\n                <p class=\"ile-content\" style=\"color:#ffffff;\">Una aventura familiar que se convierte en una filosof\u00eda de vida con el deseo de ofrecer una visi\u00f3n innovadora del zumo de aceitunas. Un firme compromiso por la divulgaci\u00f3n y promoci\u00f3n de la excelencia del producto es fusionado con nuevas concepciones, en las que el aceite se convierte como elemento clave en el maridaje del cocinado en los alimentos. Aceite monovarietal picual, de color verde brillante, con intenso frutado de aceituna fresca y gran complejidad de aromas a herb\u00e1ceos y frutales, destacando el pl\u00e1tano verde, la almendra y el tomate verde. Dulce, ligeramente picante y muy equilibrado.\n<br><br>\nCtra. Plomeros, Casa del Agua Autov\u00eda A4 Salida 310 (Direcci\u00f3n Plomeros)\n23730 Villanueva de la Reina, Ja\u00e9n Espa\u00f1a<br>\nwww.orobailen.com<br>\nTlf.: 953548038<br>\nFax: 953537116<br>\nE-mail: info@orobailen.com<br><\/p>\r\n            <\/div>\r\n        <\/div>\r\n                <div class=\"ile-container-row\">            <div class=\"ile-content-box\" style=\"background-color:#AAAAAA9E;\">\r\n                <h2 class=\"ile-title\" style=\"color:#ffffff;\">Aceites Padilla<\/h2>\r\n                <p class=\"ile-content\" style=\"color:#ffffff;\">Empresa familiar fundada en 1999, fruto del esfuerzo y la tenacidad. Un proyecto sobre el que depositan su ilusi\u00f3n para darle valor y poner en alza el mayor tesoro natural de la provincia de Ja\u00e9n. Mimando y cuidando todos los procesos de producci\u00f3n y elaboraci\u00f3n, practicando la olivicultura ecol\u00f3gica, con la que consiguen elaborar un aceite de oliva virgen extra de cosecha propia y de alta calidad. Su sabor de entrada es suave, de densidad, amargor y persistencia media, con revoques de picor elegante.\n<br><br>\nCtra. Madrid-C\u00e1diz km. 294,5\n23710 Bail\u00e9n (Ja\u00e9n)<br>\nwww.aceitespadilla.com<br>\nTlf.: 953670517<br>\nE-mail: tiendaonline@aceitespadilla.com<br><\/p>\r\n            <\/div>\r\n        <\/div>\r\n            <\/div>\r\n<\/div>\r\n<!-- End Material Bullet Style -->\r\n\t\t\t\t<\/div>\n\t\t\t\t<\/div>\n\t\t\t\t\t<\/div>\n\t\t<\/div>\n\t\t\t\t\t<\/div>\n\t\t<\/section>\n\t\t\t\t<\/div>\n\t\t","protected":false},"excerpt":{"rendered":"<p>Picualia De la fusi\u00f3n de las cooperativas Agr\u00edcola de Bail\u00e9n y Virgen de Zocueca surge esta potente y moderna almazara. Hace 70 a\u00f1os que sus agricultores se marcaron como objetivo producir aceites de oliva de manera sostenible y en respeto constante con el medio ambiente. Como resultado se obtiene un producto con una excelencia digna [&hellip;]<\/p>\n","protected":false},"author":1,"featured_media":0,"parent":0,"menu_order":0,"comment_status":"closed","ping_status":"closed","template":"elementor_header_footer","meta":{"footnotes":""},"class_list":["post-8090","page","type-page","status-publish","hentry"],"_links":{"self":[{"href":"https:\/\/turismobailen.com\/de\/wp-json\/wp\/v2\/pages\/8090","targetHints":{"allow":["GET"]}}],"collection":[{"href":"https:\/\/turismobailen.com\/de\/wp-json\/wp\/v2\/pages"}],"about":[{"href":"https:\/\/turismobailen.com\/de\/wp-json\/wp\/v2\/types\/page"}],"author":[{"embeddable":true,"href":"https:\/\/turismobailen.com\/de\/wp-json\/wp\/v2\/users\/1"}],"replies":[{"embeddable":true,"href":"https:\/\/turismobailen.com\/de\/wp-json\/wp\/v2\/comments?post=8090"}],"version-history":[{"count":18,"href":"https:\/\/turismobailen.com\/de\/wp-json\/wp\/v2\/pages\/8090\/revisions"}],"predecessor-version":[{"id":13561,"href":"https:\/\/turismobailen.com\/de\/wp-json\/wp\/v2\/pages\/8090\/revisions\/13561"}],"wp:attachment":[{"href":"https:\/\/turismobailen.com\/de\/wp-json\/wp\/v2\/media?parent=8090"}],"curies":[{"name":"wp","href":"https:\/\/api.w.org\/{rel}","templated":true}]}}