{"id":8088,"date":"2022-03-04T09:36:40","date_gmt":"2022-03-04T09:36:40","guid":{"rendered":"https:\/\/turismobailen.com\/almazaras\/"},"modified":"2025-09-05T07:19:13","modified_gmt":"2025-09-05T07:19:13","slug":"almazaras","status":"publish","type":"page","link":"https:\/\/turismobailen.com\/en\/almazaras\/","title":{"rendered":"Oil press"},"content":{"rendered":"\t\t<div data-elementor-type=\"wp-page\" data-elementor-id=\"8088\" class=\"elementor elementor-8088 elementor-7407\" data-elementor-post-type=\"page\">\n\t\t\t\t\t\t<section class=\"elementor-section elementor-top-section elementor-element elementor-element-68fcc6b elementor-section-boxed elementor-section-height-default elementor-section-height-default\" data-id=\"68fcc6b\" data-element_type=\"section\" data-e-type=\"section\" data-settings=\"{&quot;jet_parallax_layout_list&quot;:[],&quot;background_background&quot;:&quot;classic&quot;}\">\n\t\t\t\t\t\t\t<div class=\"elementor-background-overlay\"><\/div>\n\t\t\t\t\t\t\t<div class=\"elementor-container elementor-column-gap-default\">\n\t\t\t\t\t<div class=\"elementor-column elementor-col-100 elementor-top-column elementor-element elementor-element-ad7d943\" data-id=\"ad7d943\" data-element_type=\"column\" data-e-type=\"column\">\n\t\t\t<div class=\"elementor-widget-wrap elementor-element-populated\">\n\t\t\t\t\t\t\t<\/div>\n\t\t<\/div>\n\t\t\t\t\t<\/div>\n\t\t<\/section>\n\t\t\t\t<section class=\"elementor-section elementor-top-section elementor-element elementor-element-94596d2 elementor-section-boxed elementor-section-height-default elementor-section-height-default\" data-id=\"94596d2\" data-element_type=\"section\" data-e-type=\"section\" data-settings=\"{&quot;jet_parallax_layout_list&quot;:[]}\">\n\t\t\t\t\t\t<div class=\"elementor-container elementor-column-gap-default\">\n\t\t\t\t\t<div class=\"elementor-column elementor-col-100 elementor-top-column elementor-element elementor-element-830b935\" data-id=\"830b935\" data-element_type=\"column\" data-e-type=\"column\">\n\t\t\t<div class=\"elementor-widget-wrap elementor-element-populated\">\n\t\t\t\t\t\t<div class=\"elementor-element elementor-element-7bc2804 elementor-widget elementor-widget-spacer\" data-id=\"7bc2804\" data-element_type=\"widget\" data-e-type=\"widget\" data-widget_type=\"spacer.default\">\n\t\t\t\t<div class=\"elementor-widget-container\">\n\t\t\t\t\t\t\t<div class=\"elementor-spacer\">\n\t\t\t<div class=\"elementor-spacer-inner\"><\/div>\n\t\t<\/div>\n\t\t\t\t\t\t<\/div>\n\t\t\t\t<\/div>\n\t\t\t\t\t<\/div>\n\t\t<\/div>\n\t\t\t\t\t<\/div>\n\t\t<\/section>\n\t\t\t\t<section class=\"elementor-section elementor-top-section elementor-element elementor-element-561f118 elementor-section-boxed elementor-section-height-default elementor-section-height-default\" data-id=\"561f118\" data-element_type=\"section\" data-e-type=\"section\" data-settings=\"{&quot;jet_parallax_layout_list&quot;:[]}\">\n\t\t\t\t\t\t<div class=\"elementor-container elementor-column-gap-default\">\n\t\t\t\t\t<div class=\"elementor-column elementor-col-100 elementor-top-column elementor-element elementor-element-3f23da1\" data-id=\"3f23da1\" data-element_type=\"column\" data-e-type=\"column\">\n\t\t\t<div class=\"elementor-widget-wrap elementor-element-populated\">\n\t\t\t\t\t\t<div class=\"elementor-element elementor-element-48a90bc elementor-widget elementor-widget-ile-item-lists-elementor-widget\" data-id=\"48a90bc\" data-element_type=\"widget\" data-e-type=\"widget\" id=\"almazaras-list\" data-widget_type=\"ile-item-lists-elementor-widget.default\">\n\t\t\t\t<div class=\"elementor-widget-container\">\n\t\t\t\t\t<!-- Start Material Bullet Style -->\r\n <div class=\"ile-material-bullet-style\" style=\"direction:ltr;\">\r\n    <div class=\"ile-container-holder\">\r\n            <div class=\"ile-container-row\">            <div class=\"ile-content-box\" style=\"background-color:#DE5600AD;\">\r\n                <h2 class=\"ile-title\" style=\"color:#ffffff;\">Picualia<\/h2>\r\n                <p class=\"ile-content\" style=\"color:#ffffff;\">This powerful and modern oil mill emerged from the merger of the Agr\u00edcola of Bail\u00e9n and Virgin of Zocueca cooperatives. 70 years ago its farmers set  the goal of producing olive oil in a way that is both sustainable and consistently respectful towards environment for themselves. This resulted in a product with an excellence worthy of the most demanding palates. An emerald green oil, with a particular freshness that makes it ideal for salads, toasts and enhancing dishes with an intense picual flavor.\n<br> <br>\nAutov\u00eda Madrid-C\u00e1diz, Km. 298 (Salida 299 Direcci\u00f3n Madrid)\n23710 Bail\u00e9n (Ja\u00e9n)<br>\nwww.picualia.com<br>\nTlf.: 953670565<br>\nFax: 953673514<br>\nE-mail: info@picualia.com<br><\/p>\r\n            <\/div>\r\n        <\/div>\r\n                <div class=\"ile-container-row\">            <div class=\"ile-content-box\" style=\"background-color:#AAAAAA9E;\">\r\n                <h2 class=\"ile-title\" style=\"color:#ffffff;\">Aceites Ba\u00e9cula<\/h2>\r\n                <p class=\"ile-content\" style=\"color:#ffffff;\">For 90 years this family business has been dedicated to the production of virgin olive oil, essentially maintaining the legacy that farmers and olive growers have passed on over time. They make superior olive oil, green in color, fruity and fragant with the intense flavor of fresh olives, which leaves an exquisite bitter taste in the mouth. It is ideal for raw consumption in salads, dressings and sauces. It is also highly recommended in dishes with little preparation. \n<br><br>\nCamino de Jabalquinto, s\/n (Junto a Pol\u00edgono Industrial \"Llave de Andaluc\u00eda\")\n23710 Bail\u00e9n (Ja\u00e9n)<br>\nwww.aceitesbaecula.com<br>\nTlf.: 953670099<br>\nFax: 953672950<br>\nE-mail: info@aceitesbaecula.com<br><\/p>\r\n            <\/div>\r\n        <\/div>\r\n                <div class=\"ile-container-row\">            <div class=\"ile-content-box\" style=\"background-color:#DE5600AD;\">\r\n                <h2 class=\"ile-title\" style=\"color:#ffffff;\">Oro Bail\u00e9n<\/h2>\r\n                <p class=\"ile-content\" style=\"color:#ffffff;\">A family adventure that becomes a way of life with the desire to offer an innovative vision of olive juice. A firm commitment to the dissemination and promotion of product excellence is fused with new concepts, in which oil becomes a key element of the combination with food during the cooking process. Monovarietal picual oil, bright green in color, with intense fruitiness of fresh olive and great complexity of herbaceous and fruity aromas, highlighting green banana, almond and green tomatoe. Sweet, slightly spicy and very balanced. \n<br><br>\nCtra. Plomeros, Casa del Agua Autov\u00eda A4 Salida 310 (Direcci\u00f3n Plomeros)\n23730 Villanueva de la Reina, Ja\u00e9n Espa\u00f1a<br>\nwww.orobailen.com<br>\nTlf.: 953548038<br>\nFax: 953537116<br>\nE-mail: info@orobailen.com<br><\/p>\r\n            <\/div>\r\n        <\/div>\r\n                <div class=\"ile-container-row\">            <div class=\"ile-content-box\" style=\"background-color:#AAAAAA9E;\">\r\n                <h2 class=\"ile-title\" style=\"color:#ffffff;\">Aceites Padilla<\/h2>\r\n                <p class=\"ile-content\" style=\"color:#ffffff;\">Family business founded in 1999, the result of effort and tenacity. A project on which they place their hope to give value and enhance the greatest natural treasure of the province of Ja\u00e9n. Pampering and taking care of all the production and elaboration processes, practicing organic olive growing, with which they manage to produce high-quality, home-grown extra virgin olive oil. Its initial flavor is smooth, with medium density, bitterness and persistence, with hints of elegant spiciness.\n<br><br>\nCtra. Madrid-C\u00e1diz km. 294,5\n23710 Bail\u00e9n (Ja\u00e9n)<br>\nwww.aceitespadilla.com<br>\nTlf.: 953670517<br>\nE-mail: tiendaonline@aceitespadilla.com<br><\/p>\r\n            <\/div>\r\n        <\/div>\r\n            <\/div>\r\n<\/div>\r\n<!-- End Material Bullet Style -->\r\n\t\t\t\t<\/div>\n\t\t\t\t<\/div>\n\t\t\t\t\t<\/div>\n\t\t<\/div>\n\t\t\t\t\t<\/div>\n\t\t<\/section>\n\t\t\t\t<\/div>\n\t\t","protected":false},"excerpt":{"rendered":"<p>Picualia This powerful and modern oil mill emerged from the merger of the Agr\u00edcola of Bail\u00e9n and Virgin of Zocueca cooperatives. 70 years ago its farmers set the goal of producing olive oil in a way that is both sustainable and consistently respectful towards environment for themselves. This resulted in a product with an excellence [&hellip;]<\/p>\n","protected":false},"author":1,"featured_media":0,"parent":0,"menu_order":0,"comment_status":"closed","ping_status":"closed","template":"elementor_header_footer","meta":{"footnotes":""},"class_list":["post-8088","page","type-page","status-publish","hentry"],"_links":{"self":[{"href":"https:\/\/turismobailen.com\/en\/wp-json\/wp\/v2\/pages\/8088","targetHints":{"allow":["GET"]}}],"collection":[{"href":"https:\/\/turismobailen.com\/en\/wp-json\/wp\/v2\/pages"}],"about":[{"href":"https:\/\/turismobailen.com\/en\/wp-json\/wp\/v2\/types\/page"}],"author":[{"embeddable":true,"href":"https:\/\/turismobailen.com\/en\/wp-json\/wp\/v2\/users\/1"}],"replies":[{"embeddable":true,"href":"https:\/\/turismobailen.com\/en\/wp-json\/wp\/v2\/comments?post=8088"}],"version-history":[{"count":8,"href":"https:\/\/turismobailen.com\/en\/wp-json\/wp\/v2\/pages\/8088\/revisions"}],"predecessor-version":[{"id":13702,"href":"https:\/\/turismobailen.com\/en\/wp-json\/wp\/v2\/pages\/8088\/revisions\/13702"}],"wp:attachment":[{"href":"https:\/\/turismobailen.com\/en\/wp-json\/wp\/v2\/media?parent=8088"}],"curies":[{"name":"wp","href":"https:\/\/api.w.org\/{rel}","templated":true}]}}