{"id":6761,"date":"2022-02-24T10:07:56","date_gmt":"2022-02-24T10:07:56","guid":{"rendered":"https:\/\/turismobailen.com\/rutas\/"},"modified":"2025-09-04T10:44:59","modified_gmt":"2025-09-04T10:44:59","slug":"rutas","status":"publish","type":"page","link":"https:\/\/turismobailen.com\/fr\/rutas\/","title":{"rendered":"Itin\u00e9raires touristiques"},"content":{"rendered":"\t\t<div data-elementor-type=\"wp-page\" data-elementor-id=\"6761\" class=\"elementor elementor-6761 elementor-6395\" data-elementor-post-type=\"page\">\n\t\t\t\t\t\t<section class=\"elementor-section elementor-top-section elementor-element elementor-element-c39daad elementor-section-boxed elementor-section-height-default elementor-section-height-default\" data-id=\"c39daad\" data-element_type=\"section\" data-e-type=\"section\" data-settings=\"{&quot;jet_parallax_layout_list&quot;:[],&quot;background_background&quot;:&quot;classic&quot;}\">\n\t\t\t\t\t\t<div class=\"elementor-container elementor-column-gap-default\">\n\t\t\t\t\t<div class=\"elementor-column elementor-col-100 elementor-top-column elementor-element elementor-element-0c3d245\" data-id=\"0c3d245\" data-element_type=\"column\" data-e-type=\"column\">\n\t\t\t<div class=\"elementor-widget-wrap elementor-element-populated\">\n\t\t\t\t\t\t\t<\/div>\n\t\t<\/div>\n\t\t\t\t\t<\/div>\n\t\t<\/section>\n\t\t\t\t<section class=\"elementor-section elementor-top-section elementor-element elementor-element-df5be55 elementor-section-boxed elementor-section-height-default elementor-section-height-default\" data-id=\"df5be55\" data-element_type=\"section\" data-e-type=\"section\" data-settings=\"{&quot;jet_parallax_layout_list&quot;:[]}\">\n\t\t\t\t\t\t<div class=\"elementor-container elementor-column-gap-default\">\n\t\t\t\t\t<div class=\"elementor-column elementor-col-100 elementor-top-column elementor-element elementor-element-cd4e6e6\" data-id=\"cd4e6e6\" data-element_type=\"column\" data-e-type=\"column\">\n\t\t\t<div class=\"elementor-widget-wrap elementor-element-populated\">\n\t\t\t\t\t\t<div class=\"elementor-element elementor-element-24e20ba elementor-headline--style-highlight elementor-widget elementor-widget-animated-headline\" data-id=\"24e20ba\" data-element_type=\"widget\" data-e-type=\"widget\" data-settings=\"{&quot;marker&quot;:&quot;underline_zigzag&quot;,&quot;highlighted_text&quot;:&quot;Touristique&quot;,&quot;headline_style&quot;:&quot;highlight&quot;,&quot;loop&quot;:&quot;yes&quot;,&quot;highlight_animation_duration&quot;:1200,&quot;highlight_iteration_delay&quot;:8000}\" data-widget_type=\"animated-headline.default\">\n\t\t\t\t<div class=\"elementor-widget-container\">\n\t\t\t\t\t\t\t<h3 class=\"elementor-headline\">\n\t\t\t\t<span class=\"elementor-headline-dynamic-wrapper elementor-headline-text-wrapper\">\n\t\t\t\t\t<span class=\"elementor-headline-dynamic-text elementor-headline-text-active\">Touristique<\/span>\n\t\t\t\t<\/span>\n\t\t\t\t<\/h3>\n\t\t\t\t\t\t<\/div>\n\t\t\t\t<\/div>\n\t\t\t\t\t<\/div>\n\t\t<\/div>\n\t\t\t\t\t<\/div>\n\t\t<\/section>\n\t\t\t\t<section class=\"elementor-section elementor-top-section elementor-element elementor-element-37cbc21 elementor-section-boxed elementor-section-height-default elementor-section-height-default\" data-id=\"37cbc21\" data-element_type=\"section\" data-e-type=\"section\" data-settings=\"{&quot;jet_parallax_layout_list&quot;:[]}\">\n\t\t\t\t\t\t<div class=\"elementor-container elementor-column-gap-default\">\n\t\t\t\t\t<div class=\"elementor-column elementor-col-100 elementor-top-column elementor-element elementor-element-0ed9108\" data-id=\"0ed9108\" data-element_type=\"column\" data-e-type=\"column\">\n\t\t\t<div class=\"elementor-widget-wrap elementor-element-populated\">\n\t\t\t\t\t\t<div class=\"elementor-element elementor-element-866c5d7 elementor-widget elementor-widget-spacer\" data-id=\"866c5d7\" data-element_type=\"widget\" data-e-type=\"widget\" data-widget_type=\"spacer.default\">\n\t\t\t\t<div class=\"elementor-widget-container\">\n\t\t\t\t\t\t\t<div class=\"elementor-spacer\">\n\t\t\t<div class=\"elementor-spacer-inner\"><\/div>\n\t\t<\/div>\n\t\t\t\t\t\t<\/div>\n\t\t\t\t<\/div>\n\t\t\t\t<div class=\"elementor-element elementor-element-88b8fe0 elementor-widget elementor-widget-heading\" data-id=\"88b8fe0\" data-element_type=\"widget\" data-e-type=\"widget\" data-widget_type=\"heading.default\">\n\t\t\t\t<div class=\"elementor-widget-container\">\n\t\t\t\t\t<h2 class=\"elementor-heading-title elementor-size-default\">Peintures Murales de Sensibilitation<\/h2>\t\t\t\t<\/div>\n\t\t\t\t<\/div>\n\t\t\t\t<div class=\"elementor-element elementor-element-54ed52b elementor-widget elementor-widget-text-editor\" data-id=\"54ed52b\" data-element_type=\"widget\" data-e-type=\"widget\" data-widget_type=\"text-editor.default\">\n\t\t\t\t<div class=\"elementor-widget-container\">\n\t\t\t\t\t\t\t\t\t<p>L\u2019art urbain et la communication scientifique se rejoignent avec un objectif commun: montrer la valeur esth\u00e9tique, informative, culturelle, patrimoniale et touristique de la ville. Des espaces non seulement esth\u00e9tiquement attrayants, mais aussi de diffusion innovante qui proposent de nouveaux langages autour de la ville \u00e0 travers la vision particuli\u00e8re de chacun des artistes de chaque projet sur les grands domaines de la science. <\/p>\t\t\t\t\t\t\t\t<\/div>\n\t\t\t\t<\/div>\n\t\t\t\t<div class=\"elementor-element elementor-element-45d10b3 elementor-align-center elementor-widget elementor-widget-button\" data-id=\"45d10b3\" data-element_type=\"widget\" data-e-type=\"widget\" data-widget_type=\"button.default\">\n\t\t\t\t<div class=\"elementor-widget-container\">\n\t\t\t\t\t\t\t\t\t<div class=\"elementor-button-wrapper\">\n\t\t\t\t\t<a class=\"elementor-button elementor-button-link elementor-size-md\" href=\"https:\/\/turismobailen.com\/fr\/murales-conciencia\/\">\n\t\t\t\t\t\t<span class=\"elementor-button-content-wrapper\">\n\t\t\t\t\t\t<span class=\"elementor-button-icon\">\n\t\t\t\t<i aria-hidden=\"true\" class=\"fas fa-plus\"><\/i>\t\t\t<\/span>\n\t\t\t\t\t\t\t\t\t<span class=\"elementor-button-text\">En savoir plus <\/span>\n\t\t\t\t\t<\/span>\n\t\t\t\t\t<\/a>\n\t\t\t\t<\/div>\n\t\t\t\t\t\t\t\t<\/div>\n\t\t\t\t<\/div>\n\t\t\t\t\t<\/div>\n\t\t<\/div>\n\t\t\t\t\t<\/div>\n\t\t<\/section>\n\t\t\t\t<section class=\"elementor-section elementor-top-section elementor-element elementor-element-c6f7488 elementor-section-boxed elementor-section-height-default elementor-section-height-default\" data-id=\"c6f7488\" data-element_type=\"section\" data-e-type=\"section\" data-settings=\"{&quot;jet_parallax_layout_list&quot;:[]}\">\n\t\t\t\t\t\t<div class=\"elementor-container elementor-column-gap-default\">\n\t\t\t\t\t<div class=\"elementor-column elementor-col-100 elementor-top-column elementor-element elementor-element-e893118\" data-id=\"e893118\" data-element_type=\"column\" data-e-type=\"column\">\n\t\t\t<div class=\"elementor-widget-wrap elementor-element-populated\">\n\t\t\t\t\t\t<div class=\"elementor-element elementor-element-96ae957 elementor-headline--style-highlight elementor-widget elementor-widget-animated-headline\" data-id=\"96ae957\" data-element_type=\"widget\" data-e-type=\"widget\" data-settings=\"{&quot;marker&quot;:&quot;underline_zigzag&quot;,&quot;highlighted_text&quot;:&quot;Nature&quot;,&quot;headline_style&quot;:&quot;highlight&quot;,&quot;loop&quot;:&quot;yes&quot;,&quot;highlight_animation_duration&quot;:1200,&quot;highlight_iteration_delay&quot;:8000}\" data-widget_type=\"animated-headline.default\">\n\t\t\t\t<div class=\"elementor-widget-container\">\n\t\t\t\t\t\t\t<h3 class=\"elementor-headline\">\n\t\t\t\t\t<span class=\"elementor-headline-plain-text elementor-headline-text-wrapper\">Dans la<\/span>\n\t\t\t\t<span class=\"elementor-headline-dynamic-wrapper elementor-headline-text-wrapper\">\n\t\t\t\t\t<span class=\"elementor-headline-dynamic-text elementor-headline-text-active\">Nature<\/span>\n\t\t\t\t<\/span>\n\t\t\t\t<\/h3>\n\t\t\t\t\t\t<\/div>\n\t\t\t\t<\/div>\n\t\t\t\t<div class=\"elementor-element elementor-element-0c8806c elementor-widget elementor-widget-text-editor\" data-id=\"0c8806c\" data-element_type=\"widget\" data-e-type=\"widget\" data-widget_type=\"text-editor.default\">\n\t\t\t\t<div class=\"elementor-widget-container\">\n\t\t\t\t\t\t\t\t\t<p>Si ce que vous recherchez est de profiter de la nature et de respirer l\u2019air frais, le P\u00e2turage de Burguillos est l\u2019environnement id\u00e9al. Cette montagne est situ\u00e9e dans la zone nord de la commune de Bail\u00e9n, \u00e0 5,5 kilom\u00e8tres du centre urbain. <\/p><p>Le P\u00e2turage de Burguillos \u00e9tait autrefois utilis\u00e9e pour les activit\u00e9s d\u2019\u00e9levage, aujourd\u2019hui elle devient une zone de loisirs et de loisirs, \u00e9quip\u00e9e de barbecues, de fontaines \u00e0 eau, d\u2019un centre d\u2019accueil des visiteurs et de sentiers de randonn\u00e9 pour les amateurs de tourisme naturel. Pour visualiser son \u00e9volution chronologiquement, nous remontons \u00e0 ses origines dans lesquelles ces terres \u00e9taient destin\u00e9es \u00e0 l\u2019alimentation des b\u0153ufs, o\u00f9 trois charrues par joug \u00e9taient accord\u00e9es \u00e0 chaque agriculteur, car elles \u00e9taient destin\u00e9es \u00e0 un usage communal. <\/p><p>\u00c0 la fin du XVIe si\u00e8cle, le \u201cP\u00e2turage de la Ville\u201d, comme on l\u2019appelait \u00e0 l\u2019\u00e9poque, serait utilis\u00e9e \u00e0 des fins fiscales en vendant aux ench\u00e8res les exc\u00e9dents d\u2019herbe, de glands ou de baux de chasse afin de payer les imp\u00f4ts royaux, devenant alors une \u201cpropri\u00e9t\u00e9\u201d et restant incluse dans cette figure l\u00e9gale pendant trois si\u00e8cles.<\/p><p>\u00c0 la fin du XIXe si\u00e8cle, les b\u00e9n\u00e9ficies obtenus de le P\u00e2turage pendant une vingtaine d\u2019ann\u00e9es servaient \u00e0 r\u00e9gler une dette que la municipalit\u00e9 avait contract\u00e9e avec la Ville de Ja\u00e9n de Torreperogil, r\u00e9sultant d\u2019un pr\u00eat.<\/p><p>Plus tard, les confiscations interviendront sous le r\u00e8gne d\u2019Isabelle II, mais comme il s\u2019agissait du seul P\u00e2turage appartenant \u00e0 la municipalit\u00e9 et destin\u00e9 \u00e0 un P\u00e2turage destin\u00e9 de mani\u00e8re stricte aux 717 t\u00eates de b\u00e9tail qu\u2019elle poss\u00e9dait, cela permettait \u00e0 Bail\u00e9n de en pas se retrouver sans lui.<\/p><p>Au fil du temps, l\u2019\u00e9conomie se diversifie et le secteur de l\u2019\u00e9levage en souffre, ce qui n\u00e9cessite de rechercher diff\u00e9rents utilisations pour la zone.<\/p>\t\t\t\t\t\t\t\t<\/div>\n\t\t\t\t<\/div>\n\t\t\t\t\t<\/div>\n\t\t<\/div>\n\t\t\t\t\t<\/div>\n\t\t<\/section>\n\t\t\t\t<section class=\"elementor-section elementor-top-section elementor-element elementor-element-92cfc02 elementor-section-boxed elementor-section-height-default elementor-section-height-default\" data-id=\"92cfc02\" data-element_type=\"section\" data-e-type=\"section\" data-settings=\"{&quot;jet_parallax_layout_list&quot;:[]}\">\n\t\t\t\t\t\t<div class=\"elementor-container elementor-column-gap-default\">\n\t\t\t\t\t<div class=\"elementor-column elementor-col-100 elementor-top-column elementor-element elementor-element-317bd63\" data-id=\"317bd63\" data-element_type=\"column\" data-e-type=\"column\">\n\t\t\t<div class=\"elementor-widget-wrap elementor-element-populated\">\n\t\t\t\t\t\t<div class=\"elementor-element elementor-element-c3d64ac elementor-widget elementor-widget-heading\" data-id=\"c3d64ac\" data-element_type=\"widget\" data-e-type=\"widget\" data-widget_type=\"heading.default\">\n\t\t\t\t<div class=\"elementor-widget-container\">\n\t\t\t\t\t<h2 class=\"elementor-heading-title elementor-size-default\">Sur les traces de la Bataille.<\/h2>\t\t\t\t<\/div>\n\t\t\t\t<\/div>\n\t\t\t\t<div class=\"elementor-element elementor-element-fdd4ec1 elementor-widget elementor-widget-text-editor\" data-id=\"fdd4ec1\" data-element_type=\"widget\" data-e-type=\"widget\" data-widget_type=\"text-editor.default\">\n\t\t\t\t<div class=\"elementor-widget-container\">\n\t\t\t\t\t\t\t\t\t<p>Un parcours pour d\u00e9couvrir les sites et monuments particuli\u00e8rement significatifs diss\u00e9min\u00e9s sur le vaste champ de bataille historique de Bail\u00e9n. Vous y d\u00e9couvrirez \u00e9galement des monuments et vestiges de cet exploit historique, ainsi qu&#8217;un ensemble de six monolithes marquant les principaux combats et les troupes durant le conflit. \u00c0 votre arriv\u00e9e \u00e0 chaque monument, vous pourrez en apprendre davantage gr\u00e2ce \u00e0 une pr\u00e9sentation audiovisuelle accessible via un QR code.  <\/p>\t\t\t\t\t\t\t\t<\/div>\n\t\t\t\t<\/div>\n\t\t\t\t<div class=\"elementor-element elementor-element-4a7a98e elementor-align-center elementor-widget elementor-widget-button\" data-id=\"4a7a98e\" data-element_type=\"widget\" data-e-type=\"widget\" data-widget_type=\"button.default\">\n\t\t\t\t<div class=\"elementor-widget-container\">\n\t\t\t\t\t\t\t\t\t<div class=\"elementor-button-wrapper\">\n\t\t\t\t\t<a class=\"elementor-button elementor-button-link elementor-size-md\" href=\"https:\/\/turismobailen.com\/fr\/tras-las-huellas-de-bailen\/\">\n\t\t\t\t\t\t<span class=\"elementor-button-content-wrapper\">\n\t\t\t\t\t\t<span class=\"elementor-button-icon\">\n\t\t\t\t<i aria-hidden=\"true\" class=\"fas fa-plus\"><\/i>\t\t\t<\/span>\n\t\t\t\t\t\t\t\t\t<span class=\"elementor-button-text\">En savoir plus <\/span>\n\t\t\t\t\t<\/span>\n\t\t\t\t\t<\/a>\n\t\t\t\t<\/div>\n\t\t\t\t\t\t\t\t<\/div>\n\t\t\t\t<\/div>\n\t\t\t\t\t<\/div>\n\t\t<\/div>\n\t\t\t\t\t<\/div>\n\t\t<\/section>\n\t\t\t\t<section class=\"elementor-section elementor-top-section elementor-element elementor-element-f5716e0 elementor-section-boxed elementor-section-height-default elementor-section-height-default\" data-id=\"f5716e0\" data-element_type=\"section\" data-e-type=\"section\" data-settings=\"{&quot;jet_parallax_layout_list&quot;:[]}\">\n\t\t\t\t\t\t<div class=\"elementor-container elementor-column-gap-default\">\n\t\t\t\t\t<div class=\"elementor-column elementor-col-100 elementor-top-column elementor-element elementor-element-af9a635\" data-id=\"af9a635\" data-element_type=\"column\" data-e-type=\"column\">\n\t\t\t<div class=\"elementor-widget-wrap elementor-element-populated\">\n\t\t\t\t\t\t<div class=\"elementor-element elementor-element-0e06758 elementor-widget elementor-widget-spacer\" data-id=\"0e06758\" data-element_type=\"widget\" data-e-type=\"widget\" data-widget_type=\"spacer.default\">\n\t\t\t\t<div class=\"elementor-widget-container\">\n\t\t\t\t\t\t\t<div class=\"elementor-spacer\">\n\t\t\t<div class=\"elementor-spacer-inner\"><\/div>\n\t\t<\/div>\n\t\t\t\t\t\t<\/div>\n\t\t\t\t<\/div>\n\t\t\t\t\t<\/div>\n\t\t<\/div>\n\t\t\t\t\t<\/div>\n\t\t<\/section>\n\t\t\t\t<\/div>\n\t\t","protected":false},"excerpt":{"rendered":"<p>Touristique Peintures Murales de Sensibilitation L\u2019art urbain et la communication scientifique se rejoignent avec un objectif commun: montrer la valeur esth\u00e9tique, informative, culturelle, patrimoniale et touristique de la ville. Des espaces non seulement esth\u00e9tiquement attrayants, mais aussi de diffusion innovante qui proposent de nouveaux langages autour de la ville \u00e0 travers la vision particuli\u00e8re de [&hellip;]<\/p>\n","protected":false},"author":1,"featured_media":0,"parent":0,"menu_order":0,"comment_status":"closed","ping_status":"closed","template":"elementor_header_footer","meta":{"footnotes":""},"class_list":["post-6761","page","type-page","status-publish","hentry"],"_links":{"self":[{"href":"https:\/\/turismobailen.com\/fr\/wp-json\/wp\/v2\/pages\/6761","targetHints":{"allow":["GET"]}}],"collection":[{"href":"https:\/\/turismobailen.com\/fr\/wp-json\/wp\/v2\/pages"}],"about":[{"href":"https:\/\/turismobailen.com\/fr\/wp-json\/wp\/v2\/types\/page"}],"author":[{"embeddable":true,"href":"https:\/\/turismobailen.com\/fr\/wp-json\/wp\/v2\/users\/1"}],"replies":[{"embeddable":true,"href":"https:\/\/turismobailen.com\/fr\/wp-json\/wp\/v2\/comments?post=6761"}],"version-history":[{"count":22,"href":"https:\/\/turismobailen.com\/fr\/wp-json\/wp\/v2\/pages\/6761\/revisions"}],"predecessor-version":[{"id":13696,"href":"https:\/\/turismobailen.com\/fr\/wp-json\/wp\/v2\/pages\/6761\/revisions\/13696"}],"wp:attachment":[{"href":"https:\/\/turismobailen.com\/fr\/wp-json\/wp\/v2\/media?parent=6761"}],"curies":[{"name":"wp","href":"https:\/\/api.w.org\/{rel}","templated":true}]}}