{"id":8002,"date":"2022-03-04T09:14:04","date_gmt":"2022-03-04T09:14:04","guid":{"rendered":"https:\/\/turismobailen.com\/paseo-gastronomico\/"},"modified":"2025-09-04T08:11:23","modified_gmt":"2025-09-04T08:11:23","slug":"paseo-gastronomico","status":"publish","type":"page","link":"https:\/\/turismobailen.com\/fr\/paseo-gastronomico\/","title":{"rendered":"Promenade gastronomique"},"content":{"rendered":"\t\t<div data-elementor-type=\"wp-page\" data-elementor-id=\"8002\" class=\"elementor elementor-8002 elementor-8001\" data-elementor-post-type=\"page\">\n\t\t\t\t\t\t<section class=\"elementor-section elementor-top-section elementor-element elementor-element-b8cee50 elementor-section-boxed elementor-section-height-default elementor-section-height-default\" data-id=\"b8cee50\" data-element_type=\"section\" data-e-type=\"section\" data-settings=\"{&quot;jet_parallax_layout_list&quot;:[],&quot;background_background&quot;:&quot;classic&quot;}\">\n\t\t\t\t\t\t\t<div class=\"elementor-background-overlay\"><\/div>\n\t\t\t\t\t\t\t<div class=\"elementor-container elementor-column-gap-default\">\n\t\t\t\t\t<div class=\"elementor-column elementor-col-100 elementor-top-column elementor-element elementor-element-10d3dea\" data-id=\"10d3dea\" data-element_type=\"column\" data-e-type=\"column\">\n\t\t\t<div class=\"elementor-widget-wrap elementor-element-populated\">\n\t\t\t\t\t\t\t<\/div>\n\t\t<\/div>\n\t\t\t\t\t<\/div>\n\t\t<\/section>\n\t\t\t\t<section class=\"elementor-section elementor-top-section elementor-element elementor-element-e5d087c elementor-section-boxed elementor-section-height-default elementor-section-height-default\" data-id=\"e5d087c\" data-element_type=\"section\" data-e-type=\"section\" data-settings=\"{&quot;jet_parallax_layout_list&quot;:[]}\">\n\t\t\t\t\t\t<div class=\"elementor-container elementor-column-gap-default\">\n\t\t\t\t\t<div class=\"elementor-column elementor-col-100 elementor-top-column elementor-element elementor-element-6d92080\" data-id=\"6d92080\" data-element_type=\"column\" data-e-type=\"column\">\n\t\t\t<div class=\"elementor-widget-wrap elementor-element-populated\">\n\t\t\t\t\t\t<div class=\"elementor-element elementor-element-89496f7 elementor-widget elementor-widget-spacer\" data-id=\"89496f7\" data-element_type=\"widget\" data-e-type=\"widget\" data-widget_type=\"spacer.default\">\n\t\t\t\t<div class=\"elementor-widget-container\">\n\t\t\t\t\t\t\t<div class=\"elementor-spacer\">\n\t\t\t<div class=\"elementor-spacer-inner\"><\/div>\n\t\t<\/div>\n\t\t\t\t\t\t<\/div>\n\t\t\t\t<\/div>\n\t\t\t\t\t<\/div>\n\t\t<\/div>\n\t\t\t\t\t<\/div>\n\t\t<\/section>\n\t\t\t\t<section class=\"elementor-section elementor-top-section elementor-element elementor-element-a064c83 elementor-reverse-tablet elementor-reverse-mobile elementor-section-boxed elementor-section-height-default elementor-section-height-default\" data-id=\"a064c83\" data-element_type=\"section\" data-e-type=\"section\" data-settings=\"{&quot;jet_parallax_layout_list&quot;:[]}\">\n\t\t\t\t\t\t<div class=\"elementor-container elementor-column-gap-default\">\n\t\t\t\t\t<div class=\"elementor-column elementor-col-66 elementor-top-column elementor-element elementor-element-7b1cebf\" data-id=\"7b1cebf\" data-element_type=\"column\" data-e-type=\"column\">\n\t\t\t<div class=\"elementor-widget-wrap elementor-element-populated\">\n\t\t\t\t\t\t<div class=\"elementor-element elementor-element-468cd79 elementor-widget elementor-widget-text-editor\" data-id=\"468cd79\" data-element_type=\"widget\" data-e-type=\"widget\" data-widget_type=\"text-editor.default\">\n\t\t\t\t<div class=\"elementor-widget-container\">\n\t\t\t\t\t\t\t\t\t<p>Le moment est venu de satisfaire votre app\u00e9tit et Bail\u00e9n vous offre un large \u00e9ventail de possibilit\u00e9s.&nbsp;<\/p>\n<p>Son emplacement a contribu\u00e9 \u00e0 ce qu\u2019il soit depuis longtemps une halte et une auberge pour tous ceux qui passaient par ce territoire, conservant encore aujourd\u2019hui des plats typiques qui \u00e9taient d\u00e9j\u00e0 servis dans l\u2019ancienne Posada del Majuelo, sur la c\u00e9l\u00e8bre Rue Royale.<\/p>\n<p>Dans le livre de recettes traditionnelles de la cuisine de Bail\u00e9n, nous trouvons les \u201c<b>Gui\u00f1apos<\/b>\u201d comme on les appelle ici ou \u00e9galement connus sous le nom de \u201c<b>Andrajos<\/b>\u201d, les \u201c<b>Pommes de Terre avec du bouillon<\/b>\u201d ou les \u201c<b>Pauvres Pomme de Terre<\/b>\u201d, toutes \u00e9labor\u00e9es avec l\u2019huile obtenu du broyage des olives de la vari\u00e9t\u00e9 picual, et arros\u00e9es avec les vins typiques de cette terre.<\/p>\n<p>Si vous souhaitez prendre un repas tout en parcourant la commune en profitant de l\u2019atmosph\u00e8re locale, vous pouvez le faire gr\u00e2ce \u00e0 la <b>Route Tapeo<\/b> que vous trouverez tout au long de l\u2019ann\u00e9e \u00e0 Bail\u00e9n.<\/p>\n<p>Vous d\u00e9gusterez, accompagn\u00e9 d\u2019une boisson rafra\u00eechissante, la c\u00e9l\u00e8bre \u201c<b>tapa<\/b>\u201d de chacun des bars, tavernes et auberges r\u00e9partis dans toute la ville.<\/p>\n<p>Si vous pr\u00e9f\u00e9rez ravi votre palais avec un repas formel, vous pouvez le faire dans les restaurants proposant une cuisine \u00e0 la fois traditionnelle et moderne que Bail\u00e9n vous propose.<\/p>\n<p><span style=\"letter-spacing: 0px;\">Si vous avez besoin d&#8217;informations plus sp\u00e9cifiques ou de conseils sur des sujets gastronomiques, veuillez contacter:<\/span><a style=\"background-color: #ffffff; letter-spacing: 0px;\" href=\"mailto:turismo@ayto-bailen.com\"> turismo@ayto-bailen.com<\/a><span style=\"letter-spacing: 0px;\"> ou par t\u00e9l\u00e9phone au: <\/span><a style=\"background-color: #ffffff; letter-spacing: 0px;\" href=\"tel:953678394\">953678394<\/a><\/p>\t\t\t\t\t\t\t\t<\/div>\n\t\t\t\t<\/div>\n\t\t\t\t<div class=\"elementor-element elementor-element-0779a52 elementor-align-center elementor-widget elementor-widget-button\" data-id=\"0779a52\" data-element_type=\"widget\" data-e-type=\"widget\" data-widget_type=\"button.default\">\n\t\t\t\t<div class=\"elementor-widget-container\">\n\t\t\t\t\t\t\t\t\t<div class=\"elementor-button-wrapper\">\n\t\t\t\t\t<a class=\"elementor-button elementor-button-link elementor-size-sm\" href=\"https:\/\/turismobailen.com\/fr\/donde-comer\/\">\n\t\t\t\t\t\t<span class=\"elementor-button-content-wrapper\">\n\t\t\t\t\t\t\t\t\t<span class=\"elementor-button-text\">Barres et Restaurants<\/span>\n\t\t\t\t\t<\/span>\n\t\t\t\t\t<\/a>\n\t\t\t\t<\/div>\n\t\t\t\t\t\t\t\t<\/div>\n\t\t\t\t<\/div>\n\t\t\t\t\t<\/div>\n\t\t<\/div>\n\t\t\t\t<div class=\"elementor-column elementor-col-33 elementor-top-column elementor-element elementor-element-c638527\" data-id=\"c638527\" data-element_type=\"column\" data-e-type=\"column\">\n\t\t\t<div class=\"elementor-widget-wrap elementor-element-populated\">\n\t\t\t\t\t\t<div class=\"elementor-element elementor-element-f6b466d elementor-widget elementor-widget-image\" data-id=\"f6b466d\" data-element_type=\"widget\" data-e-type=\"widget\" data-widget_type=\"image.default\">\n\t\t\t\t<div class=\"elementor-widget-container\">\n\t\t\t\t\t\t\t\t\t\t\t\t\t\t\t<img fetchpriority=\"high\" decoding=\"async\" width=\"377\" height=\"250\" src=\"https:\/\/turismobailen.com\/wp-content\/uploads\/2022\/03\/gastronomia.jpg\" class=\"attachment-large size-large wp-image-7376\" alt=\"\" srcset=\"https:\/\/turismobailen.com\/wp-content\/uploads\/2022\/03\/gastronomia.jpg 377w, https:\/\/turismobailen.com\/wp-content\/uploads\/2022\/03\/gastronomia-300x199.jpg 300w\" sizes=\"(max-width: 377px) 100vw, 377px\" \/>\t\t\t\t\t\t\t\t\t\t\t\t\t\t\t<\/div>\n\t\t\t\t<\/div>\n\t\t\t\t\t<\/div>\n\t\t<\/div>\n\t\t\t\t\t<\/div>\n\t\t<\/section>\n\t\t\t\t<section class=\"elementor-section elementor-top-section elementor-element elementor-element-8cd8797 elementor-section-boxed elementor-section-height-default elementor-section-height-default\" data-id=\"8cd8797\" data-element_type=\"section\" data-e-type=\"section\" data-settings=\"{&quot;jet_parallax_layout_list&quot;:[]}\">\n\t\t\t\t\t\t<div class=\"elementor-container elementor-column-gap-default\">\n\t\t\t\t\t<div class=\"elementor-column elementor-col-100 elementor-top-column elementor-element elementor-element-f2e1b18\" data-id=\"f2e1b18\" data-element_type=\"column\" data-e-type=\"column\">\n\t\t\t<div class=\"elementor-widget-wrap elementor-element-populated\">\n\t\t\t\t\t\t<div class=\"elementor-element elementor-element-d517875 elementor-widget elementor-widget-spacer\" data-id=\"d517875\" data-element_type=\"widget\" data-e-type=\"widget\" data-widget_type=\"spacer.default\">\n\t\t\t\t<div class=\"elementor-widget-container\">\n\t\t\t\t\t\t\t<div class=\"elementor-spacer\">\n\t\t\t<div class=\"elementor-spacer-inner\"><\/div>\n\t\t<\/div>\n\t\t\t\t\t\t<\/div>\n\t\t\t\t<\/div>\n\t\t\t\t\t<\/div>\n\t\t<\/div>\n\t\t\t\t\t<\/div>\n\t\t<\/section>\n\t\t\t\t<\/div>\n\t\t","protected":false},"excerpt":{"rendered":"<p>Le moment est venu de satisfaire votre app\u00e9tit et Bail\u00e9n vous offre un large \u00e9ventail de possibilit\u00e9s.&nbsp; Son emplacement a contribu\u00e9 \u00e0 ce qu\u2019il soit depuis longtemps une halte et une auberge pour tous ceux qui passaient par ce territoire, conservant encore aujourd\u2019hui des plats typiques qui \u00e9taient d\u00e9j\u00e0 servis dans l\u2019ancienne Posada del Majuelo, [&hellip;]<\/p>\n","protected":false},"author":1,"featured_media":0,"parent":0,"menu_order":0,"comment_status":"closed","ping_status":"closed","template":"elementor_header_footer","meta":{"footnotes":""},"class_list":["post-8002","page","type-page","status-publish","hentry"],"_links":{"self":[{"href":"https:\/\/turismobailen.com\/fr\/wp-json\/wp\/v2\/pages\/8002","targetHints":{"allow":["GET"]}}],"collection":[{"href":"https:\/\/turismobailen.com\/fr\/wp-json\/wp\/v2\/pages"}],"about":[{"href":"https:\/\/turismobailen.com\/fr\/wp-json\/wp\/v2\/types\/page"}],"author":[{"embeddable":true,"href":"https:\/\/turismobailen.com\/fr\/wp-json\/wp\/v2\/users\/1"}],"replies":[{"embeddable":true,"href":"https:\/\/turismobailen.com\/fr\/wp-json\/wp\/v2\/comments?post=8002"}],"version-history":[{"count":15,"href":"https:\/\/turismobailen.com\/fr\/wp-json\/wp\/v2\/pages\/8002\/revisions"}],"predecessor-version":[{"id":13617,"href":"https:\/\/turismobailen.com\/fr\/wp-json\/wp\/v2\/pages\/8002\/revisions\/13617"}],"wp:attachment":[{"href":"https:\/\/turismobailen.com\/fr\/wp-json\/wp\/v2\/media?parent=8002"}],"curies":[{"name":"wp","href":"https:\/\/api.w.org\/{rel}","templated":true}]}}