{"id":8089,"date":"2022-03-04T09:36:40","date_gmt":"2022-03-04T09:36:40","guid":{"rendered":"https:\/\/turismobailen.com\/almazaras\/"},"modified":"2025-09-05T07:26:17","modified_gmt":"2025-09-05T07:26:17","slug":"almazaras","status":"publish","type":"page","link":"https:\/\/turismobailen.com\/fr\/almazaras\/","title":{"rendered":"Presse \u00e0 huile"},"content":{"rendered":"\t\t<div data-elementor-type=\"wp-page\" data-elementor-id=\"8089\" class=\"elementor elementor-8089 elementor-7407\" data-elementor-post-type=\"page\">\n\t\t\t\t\t\t<section class=\"elementor-section elementor-top-section elementor-element elementor-element-68fcc6b elementor-section-boxed elementor-section-height-default elementor-section-height-default\" data-id=\"68fcc6b\" data-element_type=\"section\" data-e-type=\"section\" data-settings=\"{&quot;jet_parallax_layout_list&quot;:[],&quot;background_background&quot;:&quot;classic&quot;}\">\n\t\t\t\t\t\t\t<div class=\"elementor-background-overlay\"><\/div>\n\t\t\t\t\t\t\t<div class=\"elementor-container elementor-column-gap-default\">\n\t\t\t\t\t<div class=\"elementor-column elementor-col-100 elementor-top-column elementor-element elementor-element-ad7d943\" data-id=\"ad7d943\" data-element_type=\"column\" data-e-type=\"column\">\n\t\t\t<div class=\"elementor-widget-wrap elementor-element-populated\">\n\t\t\t\t\t\t\t<\/div>\n\t\t<\/div>\n\t\t\t\t\t<\/div>\n\t\t<\/section>\n\t\t\t\t<section class=\"elementor-section elementor-top-section elementor-element elementor-element-94596d2 elementor-section-boxed elementor-section-height-default elementor-section-height-default\" data-id=\"94596d2\" data-element_type=\"section\" data-e-type=\"section\" data-settings=\"{&quot;jet_parallax_layout_list&quot;:[]}\">\n\t\t\t\t\t\t<div class=\"elementor-container elementor-column-gap-default\">\n\t\t\t\t\t<div class=\"elementor-column elementor-col-100 elementor-top-column elementor-element elementor-element-830b935\" data-id=\"830b935\" data-element_type=\"column\" data-e-type=\"column\">\n\t\t\t<div class=\"elementor-widget-wrap elementor-element-populated\">\n\t\t\t\t\t\t<div class=\"elementor-element elementor-element-7bc2804 elementor-widget elementor-widget-spacer\" data-id=\"7bc2804\" data-element_type=\"widget\" data-e-type=\"widget\" data-widget_type=\"spacer.default\">\n\t\t\t\t<div class=\"elementor-widget-container\">\n\t\t\t\t\t\t\t<div class=\"elementor-spacer\">\n\t\t\t<div class=\"elementor-spacer-inner\"><\/div>\n\t\t<\/div>\n\t\t\t\t\t\t<\/div>\n\t\t\t\t<\/div>\n\t\t\t\t\t<\/div>\n\t\t<\/div>\n\t\t\t\t\t<\/div>\n\t\t<\/section>\n\t\t\t\t<section class=\"elementor-section elementor-top-section elementor-element elementor-element-83828cb elementor-section-boxed elementor-section-height-default elementor-section-height-default\" data-id=\"83828cb\" data-element_type=\"section\" data-e-type=\"section\" data-settings=\"{&quot;jet_parallax_layout_list&quot;:[]}\">\n\t\t\t\t\t\t<div class=\"elementor-container elementor-column-gap-default\">\n\t\t\t\t\t<div class=\"elementor-column elementor-col-100 elementor-top-column elementor-element elementor-element-e41c232\" data-id=\"e41c232\" data-element_type=\"column\" data-e-type=\"column\">\n\t\t\t<div class=\"elementor-widget-wrap elementor-element-populated\">\n\t\t\t\t\t\t<div class=\"elementor-element elementor-element-f17e4f8 elementor-widget elementor-widget-ile-item-lists-elementor-widget\" data-id=\"f17e4f8\" data-element_type=\"widget\" data-e-type=\"widget\" data-widget_type=\"ile-item-lists-elementor-widget.default\">\n\t\t\t\t<div class=\"elementor-widget-container\">\n\t\t\t\t\t<!-- Start Material Bullet Style -->\r\n <div class=\"ile-material-bullet-style\" style=\"direction:ltr;\">\r\n    <div class=\"ile-container-holder\">\r\n            <div class=\"ile-container-row\">            <div class=\"ile-content-box\" style=\"background-color:#DE5600AD;\">\r\n                <h2 class=\"ile-title\" style=\"color:#ffffff;\">Picualia<\/h2>\r\n                <p class=\"ile-content\" style=\"color:#ffffff;\">Ce moulin \u00e0 huile puissant et moderne est n\u00e9 de la fusion des Coop\u00e9ratives Agricole de Bail\u00e9n et Vierge de Zocueca. Il y a 70 ans, ses agriculteurs se sont fix\u00e9 pour objectif de produire des huiles d\u2019olive de mani\u00e8re durable et dans le respect constant de l\u2019environnement. Le r\u00e9sultat est un produit d\u2019une excellence digne des palais les plus exigeants. Une huile vert \u00e9meraude, avec une fra\u00eecheur particuli\u00e8re qui la rend id\u00e9ale pour les salades, les toasts et pour rehausser les plats au go\u00fbt picuel intense.\n<br> <br>\nAutov\u00eda Madrid-C\u00e1diz, Km. 298 (Salida 299 Direcci\u00f3n Madrid)\n23710 Bail\u00e9n (Ja\u00e9n)<br>\nwww.picualia.com<br>\nTlf.: 953670565<br>\nFax: 953673514<br>\nE-mail: info@picualia.com<br><\/p>\r\n            <\/div>\r\n        <\/div>\r\n                <div class=\"ile-container-row\">            <div class=\"ile-content-box\" style=\"background-color:#AAAAAA9E;\">\r\n                <h2 class=\"ile-title\" style=\"color:#ffffff;\">Aceites Ba\u00e9cula<\/h2>\r\n                <p class=\"ile-content\" style=\"color:#ffffff;\">Depuis 90 ans, cette entreprise familiale se consacre \u00e0 la production d\u2019huiles d\u2019olive vierges, conservant essentiellement l\u2019h\u00e9ritage que les agriculteurs et ol\u00e9iculteurs ont transmis au fil du temps. Ils donnent une huile d\u2019olive de qualit\u00e9 sup\u00e9rieure, de couleur verte, fruit\u00e9e et parfum\u00e9e, avec une saveur intense d\u2019olives fra\u00eeches, qui laisse en bouche un go\u00fbt d\u00e9licieusement amer. Il est id\u00e9al pour \u00eatre consomm\u00e9 cru comme dans les salades, les vinaigrettes et les sauces. Il est \u00e9galement fortement recommand\u00e9 dans les plats de petite \u00e9laboration. \n<br><br>\nCamino de Jabalquinto, s\/n (Junto a Pol\u00edgono Industrial \"Llave de Andaluc\u00eda\")\n23710 Bail\u00e9n (Ja\u00e9n)<br>\nwww.aceitesbaecula.com<br>\nTlf.: 953670099<br>\nFax: 953672950<br>\nE-mail: info@aceitesbaecula.com<br><\/p>\r\n            <\/div>\r\n        <\/div>\r\n                <div class=\"ile-container-row\">            <div class=\"ile-content-box\" style=\"background-color:#DE5600AD;\">\r\n                <h2 class=\"ile-title\" style=\"color:#ffffff;\">Oro Bail\u00e9n<\/h2>\r\n                <p class=\"ile-content\" style=\"color:#ffffff;\">Une aventure familiale qui devient une philosophie de vie avec la volont\u00e9 de proposer une vision innovante du jus d\u2019olive. Un engagement ferm\u00e9 dans la diffusion et la promotion de l\u2019excellence du produit se conjugue avec de nouveaux dans lesquels l\u2019huile devient un \u00e9l\u00e9ment cl\u00e9 dans l\u2019accord entre la cuisine et les aliments. Huile picual monovari\u00e8tale, de couleur vert vif, au fruit\u00e9 intense d\u2019olive fra\u00eeche et d\u2019une grande complexit\u00e9 d\u2019ar\u00f4mes herbac\u00e9s et fruit\u00e9s, mettant en valeur la banane verte, l\u2019amande et la tomate verte. Doux l\u00e9g\u00e8rement \u00e9pic\u00e9 et tr\u00e8s \u00e9quilibr\u00e9. \n<br><br>\nCtra. Plomeros, Casa del Agua Autov\u00eda A4 Salida 310 (Direcci\u00f3n Plomeros)\n23730 Villanueva de la Reina, Ja\u00e9n Espa\u00f1a<br>\nwww.orobailen.com<br>\nTlf.: 953548038<br>\nFax: 953537116<br>\nE-mail: info@orobailen.com<br><\/p>\r\n            <\/div>\r\n        <\/div>\r\n                <div class=\"ile-container-row\">            <div class=\"ile-content-box\" style=\"background-color:#AAAAAA9E;\">\r\n                <h2 class=\"ile-title\" style=\"color:#ffffff;\">Aceites Padilla<\/h2>\r\n                <p class=\"ile-content\" style=\"color:#ffffff;\">Entreprise familiale fond\u00e9e en 1999, fruit d\u2019efforts et de t\u00e9nacit\u00e9. Un projet sur lequel ils esp\u00e8rent valoriser et fait des r\u00e9serves le plus grand tr\u00e9sor naturel de la province de Ja\u00e9n. Dorloter et prendre soin de tous les processus de production et d\u2019\u00e9laboration, en pratiquant l\u2019ol\u00e9iculture biologique, avec laquelle ils parviennent \u00e0 produire de l\u2019huile d\u2019olive extra vierge de haute qualit\u00e9 et cultiv\u00e9e sur place. Sa saveur initiale est douce, de densit\u00e9, d\u2019amertume et de persistance moyennes, avec des notes \u00e9pic\u00e9es \u00e9l\u00e9gantes. \n<br><br>\nCtra. Madrid-C\u00e1diz km. 294,5\n23710 Bail\u00e9n (Ja\u00e9n)<br>\nwww.aceitespadilla.com<br>\nTlf.: 953670517<br>\nE-mail: tiendaonline@aceitespadilla.com<br><\/p>\r\n            <\/div>\r\n        <\/div>\r\n            <\/div>\r\n<\/div>\r\n<!-- End Material Bullet Style -->\r\n\t\t\t\t<\/div>\n\t\t\t\t<\/div>\n\t\t\t\t\t<\/div>\n\t\t<\/div>\n\t\t\t\t\t<\/div>\n\t\t<\/section>\n\t\t\t\t<\/div>\n\t\t","protected":false},"excerpt":{"rendered":"<p>Picualia Ce moulin \u00e0 huile puissant et moderne est n\u00e9 de la fusion des Coop\u00e9ratives Agricole de Bail\u00e9n et Vierge de Zocueca. Il y a 70 ans, ses agriculteurs se sont fix\u00e9 pour objectif de produire des huiles d\u2019olive de mani\u00e8re durable et dans le respect constant de l\u2019environnement. Le r\u00e9sultat est un produit d\u2019une [&hellip;]<\/p>\n","protected":false},"author":1,"featured_media":0,"parent":0,"menu_order":0,"comment_status":"closed","ping_status":"closed","template":"elementor_header_footer","meta":{"footnotes":""},"class_list":["post-8089","page","type-page","status-publish","hentry"],"_links":{"self":[{"href":"https:\/\/turismobailen.com\/fr\/wp-json\/wp\/v2\/pages\/8089","targetHints":{"allow":["GET"]}}],"collection":[{"href":"https:\/\/turismobailen.com\/fr\/wp-json\/wp\/v2\/pages"}],"about":[{"href":"https:\/\/turismobailen.com\/fr\/wp-json\/wp\/v2\/types\/page"}],"author":[{"embeddable":true,"href":"https:\/\/turismobailen.com\/fr\/wp-json\/wp\/v2\/users\/1"}],"replies":[{"embeddable":true,"href":"https:\/\/turismobailen.com\/fr\/wp-json\/wp\/v2\/comments?post=8089"}],"version-history":[{"count":16,"href":"https:\/\/turismobailen.com\/fr\/wp-json\/wp\/v2\/pages\/8089\/revisions"}],"predecessor-version":[{"id":13706,"href":"https:\/\/turismobailen.com\/fr\/wp-json\/wp\/v2\/pages\/8089\/revisions\/13706"}],"wp:attachment":[{"href":"https:\/\/turismobailen.com\/fr\/wp-json\/wp\/v2\/media?parent=8089"}],"curies":[{"name":"wp","href":"https:\/\/api.w.org\/{rel}","templated":true}]}}