{"id":8102,"date":"2022-03-02T07:40:55","date_gmt":"2022-03-02T07:40:55","guid":{"rendered":"https:\/\/turismobailen.com\/como-llegar\/"},"modified":"2025-08-20T10:36:02","modified_gmt":"2025-08-20T10:36:02","slug":"como-llegar","status":"publish","type":"page","link":"https:\/\/turismobailen.com\/fr\/como-llegar\/","title":{"rendered":"Comment s\u2019y rendre"},"content":{"rendered":"\t\t<div data-elementor-type=\"wp-page\" data-elementor-id=\"8102\" class=\"elementor elementor-8102\" data-elementor-post-type=\"page\">\n\t\t\t\t\t\t<section class=\"elementor-section elementor-top-section elementor-element elementor-element-12877ae elementor-section-boxed elementor-section-height-default elementor-section-height-default\" data-id=\"12877ae\" data-element_type=\"section\" data-e-type=\"section\" data-settings=\"{&quot;jet_parallax_layout_list&quot;:[],&quot;background_background&quot;:&quot;classic&quot;}\">\n\t\t\t\t\t\t<div class=\"elementor-container elementor-column-gap-default\">\n\t\t\t\t\t<div class=\"elementor-column elementor-col-100 elementor-top-column elementor-element elementor-element-a2c46d0\" data-id=\"a2c46d0\" data-element_type=\"column\" data-e-type=\"column\">\n\t\t\t<div class=\"elementor-widget-wrap elementor-element-populated\">\n\t\t\t\t\t\t\t<\/div>\n\t\t<\/div>\n\t\t\t\t\t<\/div>\n\t\t<\/section>\n\t\t\t\t<section class=\"elementor-section elementor-top-section elementor-element elementor-element-0d4d51f elementor-section-boxed elementor-section-height-default elementor-section-height-default\" data-id=\"0d4d51f\" data-element_type=\"section\" data-e-type=\"section\" data-settings=\"{&quot;jet_parallax_layout_list&quot;:[]}\">\n\t\t\t\t\t\t<div class=\"elementor-container elementor-column-gap-default\">\n\t\t\t\t\t<div class=\"elementor-column elementor-col-100 elementor-top-column elementor-element elementor-element-e40f0bc\" data-id=\"e40f0bc\" data-element_type=\"column\" data-e-type=\"column\">\n\t\t\t<div class=\"elementor-widget-wrap elementor-element-populated\">\n\t\t\t\t\t\t<div class=\"elementor-element elementor-element-3efec05 elementor-widget elementor-widget-spacer\" data-id=\"3efec05\" data-element_type=\"widget\" data-e-type=\"widget\" data-widget_type=\"spacer.default\">\n\t\t\t\t<div class=\"elementor-widget-container\">\n\t\t\t\t\t\t\t<div class=\"elementor-spacer\">\n\t\t\t<div class=\"elementor-spacer-inner\"><\/div>\n\t\t<\/div>\n\t\t\t\t\t\t<\/div>\n\t\t\t\t<\/div>\n\t\t\t\t\t<\/div>\n\t\t<\/div>\n\t\t\t\t\t<\/div>\n\t\t<\/section>\n\t\t\t\t<section class=\"elementor-section elementor-top-section elementor-element elementor-element-ea36c46 elementor-section-boxed elementor-section-height-default elementor-section-height-default\" data-id=\"ea36c46\" data-element_type=\"section\" data-e-type=\"section\" data-settings=\"{&quot;jet_parallax_layout_list&quot;:[]}\">\n\t\t\t\t\t\t<div class=\"elementor-container elementor-column-gap-default\">\n\t\t\t\t\t<div class=\"elementor-column elementor-col-100 elementor-top-column elementor-element elementor-element-1e2d0a4\" data-id=\"1e2d0a4\" data-element_type=\"column\" data-e-type=\"column\">\n\t\t\t<div class=\"elementor-widget-wrap elementor-element-populated\">\n\t\t\t\t\t\t<div class=\"elementor-element elementor-element-8ac2933 elementor-widget elementor-widget-heading\" data-id=\"8ac2933\" data-element_type=\"widget\" data-e-type=\"widget\" data-widget_type=\"heading.default\">\n\t\t\t\t<div class=\"elementor-widget-container\">\n\t\t\t\t\t<h2 class=\"elementor-heading-title elementor-size-default\">Comment y aller ? <\/h2>\t\t\t\t<\/div>\n\t\t\t\t<\/div>\n\t\t\t\t<div class=\"elementor-element elementor-element-a5dd17e elementor-widget elementor-widget-text-editor\" data-id=\"a5dd17e\" data-element_type=\"widget\" data-e-type=\"widget\" data-widget_type=\"text-editor.default\">\n\t\t\t\t<div class=\"elementor-widget-container\">\n\t\t\t\t\t\t\t\t\t<p>Bail\u00e9n est situ\u00e9e dans le quadrant nord-ouest de la province de Ja\u00e9n, ce qui lui conf\u00e8re un emplacement remarquable pour servir de lien entre les principales voies de communication qui relient l\u2019Andalouise au reste de la P\u00e9ninsule. Son territoire communal est limit\u00e9 au nord par Ba\u00f1os de la Encina et Guarrom\u00e1n, au sud par Espel\u00fay et Jabalquinto, \u00e0 l\u2019est par Linares et \u00e0 l\u2019ouest par Villanueva de la Reina.<\/p>\t\t\t\t\t\t\t\t<\/div>\n\t\t\t\t<\/div>\n\t\t\t\t\t<\/div>\n\t\t<\/div>\n\t\t\t\t\t<\/div>\n\t\t<\/section>\n\t\t\t\t<section class=\"elementor-section elementor-top-section elementor-element elementor-element-c17683e elementor-section-boxed elementor-section-height-default elementor-section-height-default\" data-id=\"c17683e\" data-element_type=\"section\" data-e-type=\"section\" data-settings=\"{&quot;jet_parallax_layout_list&quot;:[]}\">\n\t\t\t\t\t\t<div class=\"elementor-container elementor-column-gap-default\">\n\t\t\t\t\t<div class=\"elementor-column elementor-col-25 elementor-top-column elementor-element elementor-element-c99ea4c\" data-id=\"c99ea4c\" data-element_type=\"column\" data-e-type=\"column\">\n\t\t\t<div class=\"elementor-widget-wrap elementor-element-populated\">\n\t\t\t\t\t\t<div class=\"elementor-element elementor-element-1b4391d elementor-flip-box--effect-slide elementor-flip-box--direction-up elementor-widget elementor-widget-flip-box\" data-id=\"1b4391d\" data-element_type=\"widget\" data-e-type=\"widget\" data-widget_type=\"flip-box.default\">\n\t\t\t\t<div class=\"elementor-widget-container\">\n\t\t\t\t\t\t\t<div class=\"elementor-flip-box\" tabindex=\"0\">\n\t\t\t<div class=\"elementor-flip-box__layer elementor-flip-box__front\">\n\t\t\t\t<div class=\"elementor-flip-box__layer__overlay\">\n\t\t\t\t\t<div class=\"elementor-flip-box__layer__inner\">\n\t\t\t\t\t\t\t\t\t\t\t\t\t<div class=\"elementor-icon-wrapper elementor-view-default\">\n\t\t\t\t\t\t\t\t<div class=\"elementor-icon\">\n\t\t\t\t\t\t\t\t\t<i aria-hidden=\"true\" class=\"fas fa-car\"><\/i>\t\t\t\t\t\t\t\t<\/div>\n\t\t\t\t\t\t\t<\/div>\n\t\t\t\t\t\t\n\t\t\t\t\t\t\t\t\t\t\t\t\t<h3 class=\"elementor-flip-box__layer__title\">\n\t\t\t\t\t\t\t\tEn Voiture\t\t\t\t\t\t\t<\/h3>\n\t\t\t\t\t\t\n\t\t\t\t\t\t\t\t\t\t\t<\/div>\n\t\t\t\t<\/div>\n\t\t\t<\/div>\n\t\t\t<div class=\"elementor-flip-box__layer elementor-flip-box__back\">\n\t\t\t<div class=\"elementor-flip-box__layer__overlay\">\n\t\t\t\t<div class=\"elementor-flip-box__layer__inner\">\n\t\t\t\t\t\n\t\t\t\t\t\t\t\t\t\t\t<div class=\"elementor-flip-box__layer__description\">\n\t\t\t\t\t\t\tL\u2019acc\u00e8s routine \u00e0 Bail\u00e9n est imbattable, \u00e0 la jonction de l\u2019A4 et de l\u2019A4, reliant Ja\u00e9n, C\u00f3rdoba, Granada et Madrid. \t\t\t\t\t\t<\/div>\n\t\t\t\t\t\n\t\t\t\t\t\t\t\t<\/div>\n\t\t<\/div>\n\t\t<\/div>\n\t\t<\/div>\n\t\t\t\t\t\t<\/div>\n\t\t\t\t<\/div>\n\t\t\t\t<div class=\"elementor-element elementor-element-7583d10 elementor-widget elementor-widget-uael-modal-popup\" data-id=\"7583d10\" data-element_type=\"widget\" data-e-type=\"widget\" data-widget_type=\"uael-modal-popup.default\">\n\t\t\t\t<div class=\"elementor-widget-container\">\n\t\t\t\t\t<div id=\"7583d10-overlay\" data-trigger-on=\"button\" data-close-on-esc=\"no\" data-close-on-overlay=\"no\" data-exit-intent=\"no\" data-after-sec=\"no\" data-after-sec-val=\"1\" data-cookies=\"no\" data-cookies-days=\"1\" data-cookies-type=\"default\" data-custom=\"\" data-custom-id=\"\" data-content=\"iframe\" data-autoplay=\"no\" data-device=\"false\" data-async=\"\" data-scroll-direction=\"down\" data-scroll-percentage=\"30\" data-scroll-element=\"\" data-page-views-enabled=\"no\" data-page-views-count=\"3\" data-page-views-scope=\"global\" data-sessions-enabled=\"no\" data-sessions-count=\"2\" class=\"uael-modal-parent-wrapper uael-module-content uamodal-7583d10 uael-aspect-ratio-16_9 -popup\">\n\t<div id=\"modal-7583d10\" class=\"uael-modal uael-center-modal uael-modal-custom uael-modal-iframe uael-effect-1   uael-aspect-ratio-16_9\">\n\t\t<div class=\"uael-content\">\n\t\t\t\t\t\t<div class=\"uael-modal-title-wrap\">\n\t\t\t\t<h3 class=\"uael-modal-title elementor-inline-editing\" data-elementor-setting-key=\"title\" data-elementor-inline-editing-toolbar=\"basic\">Connectivit\u00e9<\/h3>\n\t\t\t<\/div>\n\t\t\t\t\t\t<div class=\"uael-modal-text uael-modal-content-data clearfix\">\n\t\t\t<iframe src=\"https:\/\/www.google.com\/maps\/embed?pb=!1m18!1m12!1m3!1d25119.462503550134!2d-3.7954811959020214!3d38.095227650934234!2m3!1f0!2f0!3f0!3m2!1i1024!2i768!4f13.1!3m3!1m2!1s0xd6c27d19e4db627%3A0xd1036a4b1dc407f4!2zMjM3MTAgQmFpbMOpbiwgSmHDqW4!5e0!3m2!1ses!2ses!4v1646212780245!5m2!1ses!2ses\" class=\"uael-content-iframe\" frameborder=\"0\" width=\"100%\" height=\"100%\" allowfullscreen><\/iframe>\t\t\t<\/div>\n\t\t<\/div>\n\t<\/div>\n\n\t\n\t\t<span class=\"uael-modal-close uael-close-icon elementor-clickable uael-close-custom-top-right\" >\n\t\t<i aria-hidden=\"true\" class=\"fas fa-times\"><\/i>\t\t<\/span>\n\t\t\t<div class=\"uael-overlay\"><\/div>\n<\/div>\n\n<div class=\"uael-modal-action-wrap elementor-widget-button\">\n\t\t\t<div class=\"uael-button-wrapper elementor-align-center\">\n\t\t\t<a href=\"javascript:void(0);\" class=\"uael-trigger elementor-button-link elementor-button elementor-clickable elementor-size-sm\" data-modal=\"7583d10\">\n\t\t\t\t\t\t<span class=\"elementor-button-content-wrapper\">\n\n\t\t\t\t\t\t\t\t\t\t\t\t<span class=\"elementor-align-icon- elementor-button-icon\">\n\t\t\t\t\t\t\t\t\t\t\t<\/span>\n\t\t\t\t\t\t\t\t\t\t\t<span class=\"elementor-button-text elementor-inline-editing\" data-elementor-setting-key=\"btn_text\" data-elementor-inline-editing-toolbar=\"none\" >Connectivit\u00e9 <i aria-hidden=\"true\" class=\"fa fa-car\"><\/i><\/span>\n\t\t<\/span>\n\t\t\t\t\t<\/a>\n\t\t<\/div>\n\t\t<\/div>\n\t\t\t\t<\/div>\n\t\t\t\t<\/div>\n\t\t\t\t\t<\/div>\n\t\t<\/div>\n\t\t\t\t<div class=\"elementor-column elementor-col-25 elementor-top-column elementor-element elementor-element-613106e\" data-id=\"613106e\" data-element_type=\"column\" data-e-type=\"column\">\n\t\t\t<div class=\"elementor-widget-wrap elementor-element-populated\">\n\t\t\t\t\t\t<div class=\"elementor-element elementor-element-6ed7df9 elementor-flip-box--effect-slide elementor-flip-box--direction-up elementor-widget elementor-widget-flip-box\" data-id=\"6ed7df9\" data-element_type=\"widget\" data-e-type=\"widget\" data-widget_type=\"flip-box.default\">\n\t\t\t\t<div class=\"elementor-widget-container\">\n\t\t\t\t\t\t\t<div class=\"elementor-flip-box\" tabindex=\"0\">\n\t\t\t<div class=\"elementor-flip-box__layer elementor-flip-box__front\">\n\t\t\t\t<div class=\"elementor-flip-box__layer__overlay\">\n\t\t\t\t\t<div class=\"elementor-flip-box__layer__inner\">\n\t\t\t\t\t\t\t\t\t\t\t\t\t<div class=\"elementor-icon-wrapper elementor-view-default\">\n\t\t\t\t\t\t\t\t<div class=\"elementor-icon\">\n\t\t\t\t\t\t\t\t\t<i aria-hidden=\"true\" class=\"fas fa-bus\"><\/i>\t\t\t\t\t\t\t\t<\/div>\n\t\t\t\t\t\t\t<\/div>\n\t\t\t\t\t\t\n\t\t\t\t\t\t\t\t\t\t\t\t\t<h3 class=\"elementor-flip-box__layer__title\">\n\t\t\t\t\t\t\t\tEn Bus \t\t\t\t\t\t\t<\/h3>\n\t\t\t\t\t\t\n\t\t\t\t\t\t\t\t\t\t\t<\/div>\n\t\t\t\t<\/div>\n\t\t\t<\/div>\n\t\t\t<div class=\"elementor-flip-box__layer elementor-flip-box__back\">\n\t\t\t<div class=\"elementor-flip-box__layer__overlay\">\n\t\t\t\t<div class=\"elementor-flip-box__layer__inner\">\n\t\t\t\t\t\n\t\t\t\t\t\t\t\t\t\t\t<div class=\"elementor-flip-box__layer__description\">\n\t\t\t\t\t\t\tLa liaison routi\u00e8re est imbattable, la commune \u00e9tant un lien avec l\u2019Andaluc\u00eda.\t\t\t\t\t\t<\/div>\n\t\t\t\t\t\n\t\t\t\t\t\t\t\t<\/div>\n\t\t<\/div>\n\t\t<\/div>\n\t\t<\/div>\n\t\t\t\t\t\t<\/div>\n\t\t\t\t<\/div>\n\t\t\t\t<div class=\"elementor-element elementor-element-962f13b elementor-widget elementor-widget-uael-modal-popup\" data-id=\"962f13b\" data-element_type=\"widget\" data-e-type=\"widget\" data-widget_type=\"uael-modal-popup.default\">\n\t\t\t\t<div class=\"elementor-widget-container\">\n\t\t\t\t\t<div id=\"962f13b-overlay\" data-trigger-on=\"button\" data-close-on-esc=\"no\" data-close-on-overlay=\"no\" data-exit-intent=\"no\" data-after-sec=\"no\" data-after-sec-val=\"1\" data-cookies=\"no\" data-cookies-days=\"1\" data-cookies-type=\"default\" data-custom=\"\" data-custom-id=\"\" data-content=\"content\" data-autoplay=\"no\" data-device=\"false\" data-async=\"\" data-scroll-direction=\"down\" data-scroll-percentage=\"30\" data-scroll-element=\"\" data-page-views-enabled=\"no\" data-page-views-count=\"3\" data-page-views-scope=\"global\" data-sessions-enabled=\"no\" data-sessions-count=\"2\" class=\"uael-modal-parent-wrapper uael-module-content uamodal-962f13b uael-aspect-ratio-16_9 -popup\">\n\t<div id=\"modal-962f13b\" class=\"uael-modal uael-center-modal uael-modal-custom uael-modal-content uael-effect-1   uael-aspect-ratio-16_9\">\n\t\t<div class=\"uael-content\">\n\t\t\t\n\t\t<span class=\"uael-modal-close uael-close-icon elementor-clickable uael-close-custom-popup-top-right\" >\n\t\t<i aria-hidden=\"true\" class=\"fas fa-times\"><\/i>\t\t<\/span>\n\t\t\t\t\t<div class=\"uael-modal-title-wrap\">\n\t\t\t\t<h3 class=\"uael-modal-title elementor-inline-editing\" data-elementor-setting-key=\"title\" data-elementor-inline-editing-toolbar=\"basic\">Gares<\/h3>\n\t\t\t<\/div>\n\t\t\t\t\t\t<div class=\"uael-modal-text uael-modal-content-data clearfix\">\n\t\t\t<div class=\"uael-text-editor elementor-inline-editing\" data-elementor-setting-key=\"ct_content\" data-elementor-inline-editing-toolbar=\"advanced\"><p><strong>Gare Bail\u00e9n<\/strong><br \/><span class=\"street-address\">Avenida del Parador 3, 23710<\/span>,\u00a0<span class=\"city-state-zip\">Bail\u00e9n, Ja\u00e9n.<br \/>T\u00e9l\u00e9phone: (+34) 953 67 00 72<\/span><\/p>\n<\/div>\t\t\t<\/div>\n\t\t<\/div>\n\t<\/div>\n\n\t\t<div class=\"uael-overlay\"><\/div>\n<\/div>\n\n<div class=\"uael-modal-action-wrap elementor-widget-button\">\n\t\t\t<div class=\"uael-button-wrapper elementor-align-center\">\n\t\t\t<a href=\"javascript:void(0);\" class=\"uael-trigger elementor-button-link elementor-button elementor-clickable elementor-size-sm\" data-modal=\"962f13b\">\n\t\t\t\t\t\t<span class=\"elementor-button-content-wrapper\">\n\n\t\t\t\t\t\t\t\t\t\t\t\t<span class=\"elementor-align-icon- elementor-button-icon\">\n\t\t\t\t\t\t\t\t\t\t\t<\/span>\n\t\t\t\t\t\t\t\t\t\t\t<span class=\"elementor-button-text elementor-inline-editing\" data-elementor-setting-key=\"btn_text\" data-elementor-inline-editing-toolbar=\"none\" >Gares  <i aria-hidden=\"true\" class=\"fa fa-bus\"><\/i><\/span>\n\t\t<\/span>\n\t\t\t\t\t<\/a>\n\t\t<\/div>\n\t\t<\/div>\n\t\t\t\t<\/div>\n\t\t\t\t<\/div>\n\t\t\t\t\t<\/div>\n\t\t<\/div>\n\t\t\t\t<div class=\"elementor-column elementor-col-25 elementor-top-column elementor-element elementor-element-0206f6c\" data-id=\"0206f6c\" data-element_type=\"column\" data-e-type=\"column\">\n\t\t\t<div class=\"elementor-widget-wrap elementor-element-populated\">\n\t\t\t\t\t\t<div class=\"elementor-element elementor-element-d3c2304 elementor-flip-box--effect-slide elementor-flip-box--direction-up elementor-widget elementor-widget-flip-box\" data-id=\"d3c2304\" data-element_type=\"widget\" data-e-type=\"widget\" data-widget_type=\"flip-box.default\">\n\t\t\t\t<div class=\"elementor-widget-container\">\n\t\t\t\t\t\t\t<div class=\"elementor-flip-box\" tabindex=\"0\">\n\t\t\t<div class=\"elementor-flip-box__layer elementor-flip-box__front\">\n\t\t\t\t<div class=\"elementor-flip-box__layer__overlay\">\n\t\t\t\t\t<div class=\"elementor-flip-box__layer__inner\">\n\t\t\t\t\t\t\t\t\t\t\t\t\t<div class=\"elementor-icon-wrapper elementor-view-default\">\n\t\t\t\t\t\t\t\t<div class=\"elementor-icon\">\n\t\t\t\t\t\t\t\t\t<i aria-hidden=\"true\" class=\"fas fa-train\"><\/i>\t\t\t\t\t\t\t\t<\/div>\n\t\t\t\t\t\t\t<\/div>\n\t\t\t\t\t\t\n\t\t\t\t\t\t\t\t\t\t\t\t\t<h3 class=\"elementor-flip-box__layer__title\">\n\t\t\t\t\t\t\t\tEn Tren\t\t\t\t\t\t\t<\/h3>\n\t\t\t\t\t\t\n\t\t\t\t\t\t\t\t\t\t\t<\/div>\n\t\t\t\t<\/div>\n\t\t\t<\/div>\n\t\t\t<div class=\"elementor-flip-box__layer elementor-flip-box__back\">\n\t\t\t<div class=\"elementor-flip-box__layer__overlay\">\n\t\t\t\t<div class=\"elementor-flip-box__layer__inner\">\n\t\t\t\t\t\n\t\t\t\t\t\t\t\t\t\t\t<div class=\"elementor-flip-box__layer__description\">\n\t\t\t\t\t\t\tLa gare de Linares-Baeza ou la gare de l\u2019And\u00fajar sont les options si vous d\u00e9cidez de voyager en train jusqu\u2019\u00e0 notre ville. \t\t\t\t\t\t<\/div>\n\t\t\t\t\t\n\t\t\t\t\t\t\t\t<\/div>\n\t\t<\/div>\n\t\t<\/div>\n\t\t<\/div>\n\t\t\t\t\t\t<\/div>\n\t\t\t\t<\/div>\n\t\t\t\t<div class=\"elementor-element elementor-element-0a91ec5 elementor-widget elementor-widget-uael-modal-popup\" data-id=\"0a91ec5\" data-element_type=\"widget\" data-e-type=\"widget\" data-widget_type=\"uael-modal-popup.default\">\n\t\t\t\t<div class=\"elementor-widget-container\">\n\t\t\t\t\t<div id=\"0a91ec5-overlay\" data-trigger-on=\"button\" data-close-on-esc=\"no\" data-close-on-overlay=\"no\" data-exit-intent=\"no\" data-after-sec=\"no\" data-after-sec-val=\"1\" data-cookies=\"no\" data-cookies-days=\"1\" data-cookies-type=\"default\" data-custom=\"\" data-custom-id=\"\" data-content=\"content\" data-autoplay=\"no\" data-device=\"false\" data-async=\"\" data-scroll-direction=\"down\" data-scroll-percentage=\"30\" data-scroll-element=\"\" data-page-views-enabled=\"no\" data-page-views-count=\"3\" data-page-views-scope=\"global\" data-sessions-enabled=\"no\" data-sessions-count=\"2\" class=\"uael-modal-parent-wrapper uael-module-content uamodal-0a91ec5 uael-aspect-ratio-16_9 -popup\">\n\t<div id=\"modal-0a91ec5\" class=\"uael-modal uael-center-modal uael-modal-custom uael-modal-content uael-effect-1   uael-aspect-ratio-16_9\">\n\t\t<div class=\"uael-content\">\n\t\t\t\n\t\t<span class=\"uael-modal-close uael-close-icon elementor-clickable uael-close-custom-popup-top-right\" >\n\t\t<i aria-hidden=\"true\" class=\"fas fa-times\"><\/i>\t\t<\/span>\n\t\t\t\t\t<div class=\"uael-modal-title-wrap\">\n\t\t\t\t<h3 class=\"uael-modal-title elementor-inline-editing\" data-elementor-setting-key=\"title\" data-elementor-inline-editing-toolbar=\"basic\">Gare <\/h3>\n\t\t\t<\/div>\n\t\t\t\t\t\t<div class=\"uael-modal-text uael-modal-content-data clearfix\">\n\t\t\t<div class=\"uael-text-editor elementor-inline-editing\" data-elementor-setting-key=\"ct_content\" data-elementor-inline-editing-toolbar=\"advanced\"><p><strong>Estaci\u00f3n Linares-Baeza<\/strong><br \/>Plaza de las Palmeras, s\/n, 23490 Linares Baeza, Ja\u00e9n<\/p>\n<p><strong>Estaci\u00f3n de And\u00fajar<\/strong><br \/>Pol\u00edgono de la Estaci\u00f3n, s\/n 23740 And\u00fajar, Ja\u00e9n<\/p>\n<\/div>\t\t\t<\/div>\n\t\t<\/div>\n\t<\/div>\n\n\t\t<div class=\"uael-overlay\"><\/div>\n<\/div>\n\n<div class=\"uael-modal-action-wrap elementor-widget-button\">\n\t\t\t<div class=\"uael-button-wrapper elementor-align-center\">\n\t\t\t<a href=\"javascript:void(0);\" class=\"uael-trigger elementor-button-link elementor-button elementor-clickable elementor-size-sm\" data-modal=\"0a91ec5\">\n\t\t\t\t\t\t<span class=\"elementor-button-content-wrapper\">\n\n\t\t\t\t\t\t\t\t\t\t\t\t<span class=\"elementor-align-icon- elementor-button-icon\">\n\t\t\t\t\t\t\t\t\t\t\t<\/span>\n\t\t\t\t\t\t\t\t\t\t\t<span class=\"elementor-button-text elementor-inline-editing\" data-elementor-setting-key=\"btn_text\" data-elementor-inline-editing-toolbar=\"none\" >Gares <i aria-hidden=\"true\" class=\"fa fa-train\"><\/i><\/span>\n\t\t<\/span>\n\t\t\t\t\t<\/a>\n\t\t<\/div>\n\t\t<\/div>\n\t\t\t\t<\/div>\n\t\t\t\t<\/div>\n\t\t\t\t\t<\/div>\n\t\t<\/div>\n\t\t\t\t<div class=\"elementor-column elementor-col-25 elementor-top-column elementor-element elementor-element-43f1b49\" data-id=\"43f1b49\" data-element_type=\"column\" data-e-type=\"column\">\n\t\t\t<div class=\"elementor-widget-wrap elementor-element-populated\">\n\t\t\t\t\t\t<div class=\"elementor-element elementor-element-8332f50 elementor-flip-box--effect-slide elementor-flip-box--direction-up elementor-widget elementor-widget-flip-box\" data-id=\"8332f50\" data-element_type=\"widget\" data-e-type=\"widget\" data-widget_type=\"flip-box.default\">\n\t\t\t\t<div class=\"elementor-widget-container\">\n\t\t\t\t\t\t\t<div class=\"elementor-flip-box\" tabindex=\"0\">\n\t\t\t<div class=\"elementor-flip-box__layer elementor-flip-box__front\">\n\t\t\t\t<div class=\"elementor-flip-box__layer__overlay\">\n\t\t\t\t\t<div class=\"elementor-flip-box__layer__inner\">\n\t\t\t\t\t\t\t\t\t\t\t\t\t<div class=\"elementor-icon-wrapper elementor-view-default\">\n\t\t\t\t\t\t\t\t<div class=\"elementor-icon\">\n\t\t\t\t\t\t\t\t\t<i aria-hidden=\"true\" class=\"fas fa-plane\"><\/i>\t\t\t\t\t\t\t\t<\/div>\n\t\t\t\t\t\t\t<\/div>\n\t\t\t\t\t\t\n\t\t\t\t\t\t\t\t\t\t\t\t\t<h3 class=\"elementor-flip-box__layer__title\">\n\t\t\t\t\t\t\t\tEn Avion\t\t\t\t\t\t\t<\/h3>\n\t\t\t\t\t\t\n\t\t\t\t\t\t\t\t\t\t\t<\/div>\n\t\t\t\t<\/div>\n\t\t\t<\/div>\n\t\t\t<div class=\"elementor-flip-box__layer elementor-flip-box__back\">\n\t\t\t<div class=\"elementor-flip-box__layer__overlay\">\n\t\t\t\t<div class=\"elementor-flip-box__layer__inner\">\n\t\t\t\t\t\n\t\t\t\t\t\t\t\t\t\t\t<div class=\"elementor-flip-box__layer__description\">\n\t\t\t\t\t\t\t\u00c0 un peu plus d\u2019une heure, l\u2019a\u00e9roport Federico Garc\u00eda Lorca, Granada-Ja\u00e9n relie les destinations nationales et europ\u00e9ennes.\t\t\t\t\t\t<\/div>\n\t\t\t\t\t\n\t\t\t\t\t\t\t\t<\/div>\n\t\t<\/div>\n\t\t<\/div>\n\t\t<\/div>\n\t\t\t\t\t\t<\/div>\n\t\t\t\t<\/div>\n\t\t\t\t<div class=\"elementor-element elementor-element-e82154d elementor-widget elementor-widget-uael-modal-popup\" data-id=\"e82154d\" data-element_type=\"widget\" data-e-type=\"widget\" data-widget_type=\"uael-modal-popup.default\">\n\t\t\t\t<div class=\"elementor-widget-container\">\n\t\t\t\t\t<div id=\"e82154d-overlay\" data-trigger-on=\"button\" data-close-on-esc=\"no\" data-close-on-overlay=\"no\" data-exit-intent=\"no\" data-after-sec=\"no\" data-after-sec-val=\"1\" data-cookies=\"no\" data-cookies-days=\"1\" data-cookies-type=\"default\" data-custom=\"\" data-custom-id=\"\" data-content=\"content\" data-autoplay=\"no\" data-device=\"false\" data-async=\"\" data-scroll-direction=\"down\" data-scroll-percentage=\"30\" data-scroll-element=\"\" data-page-views-enabled=\"no\" data-page-views-count=\"3\" data-page-views-scope=\"global\" data-sessions-enabled=\"no\" data-sessions-count=\"2\" class=\"uael-modal-parent-wrapper uael-module-content uamodal-e82154d uael-aspect-ratio-16_9 -popup\">\n\t<div id=\"modal-e82154d\" class=\"uael-modal uael-center-modal uael-modal-custom uael-modal-content uael-effect-1   uael-aspect-ratio-16_9\">\n\t\t<div class=\"uael-content\">\n\t\t\t\n\t\t<span class=\"uael-modal-close uael-close-icon elementor-clickable uael-close-custom-popup-top-right\" >\n\t\t<i aria-hidden=\"true\" class=\"fas fa-times\"><\/i>\t\t<\/span>\n\t\t\t\t\t<div class=\"uael-modal-title-wrap\">\n\t\t\t\t<h3 class=\"uael-modal-title elementor-inline-editing\" data-elementor-setting-key=\"title\" data-elementor-inline-editing-toolbar=\"basic\">A\u00e9roport <\/h3>\n\t\t\t<\/div>\n\t\t\t\t\t\t<div class=\"uael-modal-text uael-modal-content-data clearfix\">\n\t\t\t<div class=\"uael-text-editor elementor-inline-editing\" data-elementor-setting-key=\"ct_content\" data-elementor-inline-editing-toolbar=\"advanced\"><p><strong>A\u00e9roport Federico Garcia Lorca<\/strong><br \/>Ctra. De M\u00e1laga, 18329 Chauchina, Granada<br \/>T\u00e9l\u00e9phone: (+34) 913 21 10 00<\/p>\n<\/div>\t\t\t<\/div>\n\t\t<\/div>\n\t<\/div>\n\n\t\t<div class=\"uael-overlay\"><\/div>\n<\/div>\n\n<div class=\"uael-modal-action-wrap elementor-widget-button\">\n\t\t\t<div class=\"uael-button-wrapper elementor-align-center\">\n\t\t\t<a href=\"javascript:void(0);\" class=\"uael-trigger elementor-button-link elementor-button elementor-clickable elementor-size-sm\" data-modal=\"e82154d\">\n\t\t\t\t\t\t<span class=\"elementor-button-content-wrapper\">\n\n\t\t\t\t\t\t\t\t\t\t\t\t<span class=\"elementor-align-icon- elementor-button-icon\">\n\t\t\t\t\t\t\t\t\t\t\t<\/span>\n\t\t\t\t\t\t\t\t\t\t\t<span class=\"elementor-button-text elementor-inline-editing\" data-elementor-setting-key=\"btn_text\" data-elementor-inline-editing-toolbar=\"none\" >A\u00e9roport <i aria-hidden=\"true\" class=\"fa fa-plane\"><\/i><\/span>\n\t\t<\/span>\n\t\t\t\t\t<\/a>\n\t\t<\/div>\n\t\t<\/div>\n\t\t\t\t<\/div>\n\t\t\t\t<\/div>\n\t\t\t\t\t<\/div>\n\t\t<\/div>\n\t\t\t\t\t<\/div>\n\t\t<\/section>\n\t\t\t\t<section class=\"elementor-section elementor-top-section elementor-element elementor-element-eabb78c elementor-section-boxed elementor-section-height-default elementor-section-height-default\" data-id=\"eabb78c\" data-element_type=\"section\" data-e-type=\"section\" data-settings=\"{&quot;jet_parallax_layout_list&quot;:[]}\">\n\t\t\t\t\t\t<div class=\"elementor-container elementor-column-gap-default\">\n\t\t\t\t\t<div class=\"elementor-column elementor-col-100 elementor-top-column elementor-element elementor-element-5f5e89c\" data-id=\"5f5e89c\" data-element_type=\"column\" data-e-type=\"column\">\n\t\t\t<div class=\"elementor-widget-wrap elementor-element-populated\">\n\t\t\t\t\t\t<div class=\"elementor-element elementor-element-cd74e81 elementor-widget elementor-widget-spacer\" data-id=\"cd74e81\" data-element_type=\"widget\" data-e-type=\"widget\" data-widget_type=\"spacer.default\">\n\t\t\t\t<div class=\"elementor-widget-container\">\n\t\t\t\t\t\t\t<div class=\"elementor-spacer\">\n\t\t\t<div class=\"elementor-spacer-inner\"><\/div>\n\t\t<\/div>\n\t\t\t\t\t\t<\/div>\n\t\t\t\t<\/div>\n\t\t\t\t\t<\/div>\n\t\t<\/div>\n\t\t\t\t\t<\/div>\n\t\t<\/section>\n\t\t\t\t<\/div>\n\t\t","protected":false},"excerpt":{"rendered":"<p>Comment y aller ? Bail\u00e9n est situ\u00e9e dans le quadrant nord-ouest de la province de Ja\u00e9n, ce qui lui conf\u00e8re un emplacement remarquable pour servir de lien entre les principales voies de communication qui relient l\u2019Andalouise au reste de la P\u00e9ninsule. Son territoire communal est limit\u00e9 au nord par Ba\u00f1os de la Encina et Guarrom\u00e1n, [&hellip;]<\/p>\n","protected":false},"author":1,"featured_media":0,"parent":0,"menu_order":0,"comment_status":"closed","ping_status":"closed","template":"elementor_header_footer","meta":{"footnotes":""},"class_list":["post-8102","page","type-page","status-publish","hentry"],"_links":{"self":[{"href":"https:\/\/turismobailen.com\/fr\/wp-json\/wp\/v2\/pages\/8102","targetHints":{"allow":["GET"]}}],"collection":[{"href":"https:\/\/turismobailen.com\/fr\/wp-json\/wp\/v2\/pages"}],"about":[{"href":"https:\/\/turismobailen.com\/fr\/wp-json\/wp\/v2\/types\/page"}],"author":[{"embeddable":true,"href":"https:\/\/turismobailen.com\/fr\/wp-json\/wp\/v2\/users\/1"}],"replies":[{"embeddable":true,"href":"https:\/\/turismobailen.com\/fr\/wp-json\/wp\/v2\/comments?post=8102"}],"version-history":[{"count":30,"href":"https:\/\/turismobailen.com\/fr\/wp-json\/wp\/v2\/pages\/8102\/revisions"}],"predecessor-version":[{"id":12930,"href":"https:\/\/turismobailen.com\/fr\/wp-json\/wp\/v2\/pages\/8102\/revisions\/12930"}],"wp:attachment":[{"href":"https:\/\/turismobailen.com\/fr\/wp-json\/wp\/v2\/media?parent=8102"}],"curies":[{"name":"wp","href":"https:\/\/api.w.org\/{rel}","templated":true}]}}