{"id":8288,"date":"2022-03-02T09:54:43","date_gmt":"2022-03-02T09:54:43","guid":{"rendered":"https:\/\/turismobailen.com\/donde-dormir\/"},"modified":"2025-09-04T12:34:00","modified_gmt":"2025-09-04T12:34:00","slug":"donde-dormir","status":"publish","type":"page","link":"https:\/\/turismobailen.com\/fr\/donde-dormir\/","title":{"rendered":"O\u00f9 dormir"},"content":{"rendered":"\t\t<div data-elementor-type=\"wp-page\" data-elementor-id=\"8288\" class=\"elementor elementor-8288 elementor-8287\" data-elementor-post-type=\"page\">\n\t\t\t\t\t\t<section class=\"elementor-section elementor-top-section elementor-element elementor-element-91fcacb elementor-section-boxed elementor-section-height-default elementor-section-height-default\" data-id=\"91fcacb\" data-element_type=\"section\" data-e-type=\"section\" data-settings=\"{&quot;jet_parallax_layout_list&quot;:[],&quot;background_background&quot;:&quot;classic&quot;}\">\n\t\t\t\t\t\t\t<div class=\"elementor-background-overlay\"><\/div>\n\t\t\t\t\t\t\t<div class=\"elementor-container elementor-column-gap-default\">\n\t\t\t\t\t<div class=\"elementor-column elementor-col-100 elementor-top-column elementor-element elementor-element-64d13a0\" data-id=\"64d13a0\" data-element_type=\"column\" data-e-type=\"column\">\n\t\t\t<div class=\"elementor-widget-wrap elementor-element-populated\">\n\t\t\t\t\t\t\t<\/div>\n\t\t<\/div>\n\t\t\t\t\t<\/div>\n\t\t<\/section>\n\t\t\t\t<section class=\"elementor-section elementor-top-section elementor-element elementor-element-bc60cd6 elementor-section-boxed elementor-section-height-default elementor-section-height-default\" data-id=\"bc60cd6\" data-element_type=\"section\" data-e-type=\"section\" data-settings=\"{&quot;jet_parallax_layout_list&quot;:[]}\">\n\t\t\t\t\t\t<div class=\"elementor-container elementor-column-gap-default\">\n\t\t\t\t\t<div class=\"elementor-column elementor-col-100 elementor-top-column elementor-element elementor-element-a28f760\" data-id=\"a28f760\" data-element_type=\"column\" data-e-type=\"column\">\n\t\t\t<div class=\"elementor-widget-wrap elementor-element-populated\">\n\t\t\t\t\t\t<div class=\"elementor-element elementor-element-e2f0f63 elementor-headline--style-highlight elementor-widget elementor-widget-animated-headline\" data-id=\"e2f0f63\" data-element_type=\"widget\" data-e-type=\"widget\" data-settings=\"{&quot;marker&quot;:&quot;curly&quot;,&quot;highlighted_text&quot;:&quot;H\\u00e9bergement&quot;,&quot;headline_style&quot;:&quot;highlight&quot;,&quot;loop&quot;:&quot;yes&quot;,&quot;highlight_animation_duration&quot;:1200,&quot;highlight_iteration_delay&quot;:8000}\" data-widget_type=\"animated-headline.default\">\n\t\t\t\t<div class=\"elementor-widget-container\">\n\t\t\t\t\t\t\t<h3 class=\"elementor-headline\">\n\t\t\t\t<span class=\"elementor-headline-dynamic-wrapper elementor-headline-text-wrapper\">\n\t\t\t\t\t<span class=\"elementor-headline-dynamic-text elementor-headline-text-active\">H\u00e9bergement<\/span>\n\t\t\t\t<\/span>\n\t\t\t\t<\/h3>\n\t\t\t\t\t\t<\/div>\n\t\t\t\t<\/div>\n\t\t\t\t\t<\/div>\n\t\t<\/div>\n\t\t\t\t\t<\/div>\n\t\t<\/section>\n\t\t\t\t<section class=\"elementor-section elementor-top-section elementor-element elementor-element-e023f41 elementor-section-boxed elementor-section-height-default elementor-section-height-default\" data-id=\"e023f41\" data-element_type=\"section\" data-e-type=\"section\" data-settings=\"{&quot;jet_parallax_layout_list&quot;:[]}\">\n\t\t\t\t\t\t<div class=\"elementor-container elementor-column-gap-default\">\n\t\t\t\t\t<div class=\"elementor-column elementor-col-100 elementor-top-column elementor-element elementor-element-3597387\" data-id=\"3597387\" data-element_type=\"column\" data-e-type=\"column\">\n\t\t\t<div class=\"elementor-widget-wrap elementor-element-populated\">\n\t\t\t\t\t\t<div class=\"elementor-element elementor-element-ee1eec4 elementor-widget elementor-widget-text-editor\" data-id=\"ee1eec4\" data-element_type=\"widget\" data-e-type=\"widget\" data-widget_type=\"text-editor.default\">\n\t\t\t\t<div class=\"elementor-widget-container\">\n\t\t\t\t\t\t\t\t\t<p>Bail\u00e9n dispose d\u2019une grande vari\u00e9t\u00e9 d\u2019h\u00f4tels de qualit\u00e9 o\u00f9 pourrez passer la nuit dans cette ville historique, tels que:<\/p>\t\t\t\t\t\t\t\t<\/div>\n\t\t\t\t<\/div>\n\t\t\t\t<div class=\"elementor-element elementor-element-53aa830 elementor-widget elementor-widget-spacer\" data-id=\"53aa830\" data-element_type=\"widget\" data-e-type=\"widget\" data-widget_type=\"spacer.default\">\n\t\t\t\t<div class=\"elementor-widget-container\">\n\t\t\t\t\t\t\t<div class=\"elementor-spacer\">\n\t\t\t<div class=\"elementor-spacer-inner\"><\/div>\n\t\t<\/div>\n\t\t\t\t\t\t<\/div>\n\t\t\t\t<\/div>\n\t\t\t\t\t<\/div>\n\t\t<\/div>\n\t\t\t\t\t<\/div>\n\t\t<\/section>\n\t\t\t\t<section class=\"elementor-section elementor-top-section elementor-element elementor-element-dfd2816 elementor-section-boxed elementor-section-height-default elementor-section-height-default\" data-id=\"dfd2816\" data-element_type=\"section\" data-e-type=\"section\" data-settings=\"{&quot;jet_parallax_layout_list&quot;:[]}\">\n\t\t\t\t\t\t<div class=\"elementor-container elementor-column-gap-default\">\n\t\t\t\t\t<div class=\"elementor-column elementor-col-100 elementor-top-column elementor-element elementor-element-db1639c\" data-id=\"db1639c\" data-element_type=\"column\" data-e-type=\"column\">\n\t\t\t<div class=\"elementor-widget-wrap elementor-element-populated\">\n\t\t\t\t\t\t<div class=\"elementor-element elementor-element-b294e75 ova_toggle_custom_egovt elementor-widget elementor-widget-toggle\" data-id=\"b294e75\" data-element_type=\"widget\" data-e-type=\"widget\" data-widget_type=\"toggle.default\">\n\t\t\t\t<div class=\"elementor-widget-container\">\n\t\t\t\t\t\t\t<div class=\"elementor-toggle\">\n\t\t\t\t\t\t\t<div class=\"elementor-toggle-item\">\n\t\t\t\t\t<div id=\"elementor-tab-title-1871\" class=\"elementor-tab-title\" data-tab=\"1\" role=\"button\" aria-controls=\"elementor-tab-content-1871\" aria-expanded=\"false\">\n\t\t\t\t\t\t\t\t\t\t\t\t<span class=\"elementor-toggle-icon elementor-toggle-icon-right\" aria-hidden=\"true\">\n\t\t\t\t\t\t\t\t\t\t\t\t\t\t\t<span class=\"elementor-toggle-icon-closed\"><i class=\"fas fa-angle-down\"><\/i><\/span>\n\t\t\t\t\t\t\t\t<span class=\"elementor-toggle-icon-opened\"><i class=\"elementor-toggle-icon-opened fas fa-angle-up\"><\/i><\/span>\n\t\t\t\t\t\t\t\t\t\t\t\t\t<\/span>\n\t\t\t\t\t\t\t\t\t\t\t\t<a class=\"elementor-toggle-title\" tabindex=\"0\">Hotel Zodiaco 3*<\/a>\n\t\t\t\t\t<\/div>\n\n\t\t\t\t\t<div id=\"elementor-tab-content-1871\" class=\"elementor-tab-content elementor-clearfix\" data-tab=\"1\" role=\"region\" aria-labelledby=\"elementor-tab-title-1871\"><p>Construit en 1973 et enti\u00e8rement r\u00e9nov\u00e9 en 2023 par le nouveau groupe h\u00f4telier \u201cHijos de Ciriaco S.L.\u201d est aujoud\u2019hui un embl\u00e8me de confort et de modernit\u00e9.<br \/>Il est situ\u00e9 dans un emplacement privil\u00e9gi\u00e9 pour les communications, vous permettant de vous connecter facilement avec les routes qui vont \u00e0 Madrid, C\u00e1diz ou Levante. A proximit\u00e9 d\u2019espaces d\u2019int\u00e9r\u00eat culturel comme les poteries et les moulins \u00e0 huile, il dispose d\u2019un total de 52 chambres.  <\/p>\n<p>Carretera Madrid C\u00e1diz, Km. 294<br \/>23710 Bail\u00e9n (Ja\u00e9n)<br \/>Website: <a href=\"http:\/\/www.hotelzodiacobailen.com\">www.hotelzodiacobailen.com<\/a><br \/>Tel.: (+34) 953 67 10 58<br \/>E-mail: reservas@hzodiaco.com <\/p>\n<\/div>\n\t\t\t\t<\/div>\n\t\t\t\t\t\t\t<div class=\"elementor-toggle-item\">\n\t\t\t\t\t<div id=\"elementor-tab-title-1872\" class=\"elementor-tab-title\" data-tab=\"2\" role=\"button\" aria-controls=\"elementor-tab-content-1872\" aria-expanded=\"false\">\n\t\t\t\t\t\t\t\t\t\t\t\t<span class=\"elementor-toggle-icon elementor-toggle-icon-right\" aria-hidden=\"true\">\n\t\t\t\t\t\t\t\t\t\t\t\t\t\t\t<span class=\"elementor-toggle-icon-closed\"><i class=\"fas fa-angle-down\"><\/i><\/span>\n\t\t\t\t\t\t\t\t<span class=\"elementor-toggle-icon-opened\"><i class=\"elementor-toggle-icon-opened fas fa-angle-up\"><\/i><\/span>\n\t\t\t\t\t\t\t\t\t\t\t\t\t<\/span>\n\t\t\t\t\t\t\t\t\t\t\t\t<a class=\"elementor-toggle-title\" tabindex=\"0\">Hotel Salvador 3*<\/a>\n\t\t\t\t\t<\/div>\n\n\t\t\t\t\t<div id=\"elementor-tab-content-1872\" class=\"elementor-tab-content elementor-clearfix\" data-tab=\"2\" role=\"region\" aria-labelledby=\"elementor-tab-title-1872\"><p>Reli\u00e9 \u00e0 la fois au centre historique et au principal p\u00f4le de communication de la ville, cet h\u00f4tel, r\u00e9nov\u00e9 en 2004 et construit dans un style villa\/bungalouw, offre un total de 27 chambres.<\/p>\n<p>Carretera Madrid C\u00e1diz, Km. 296<br \/>23710 Bail\u00e9n (Ja\u00e9n)<br \/>Website: <a href=\"https:\/\/www.booking.com\/hotel\/es\/salvador.es.html?aid=318615&amp;label=New_Spanish_ES_ES_21463012345-OA_2HiR6w1oApPLG_g8_RgS217290270448%3Apl%3Ata%3Ap1%3Ap2%3Aac%3Aap%3Aneg&amp;sid=4dcb0b5002b9b3b10a9fe8aa8c1ac57f&amp;dest_id=-372167&amp;dest_type=city&amp;dist=0&amp;group_adults=2&amp;group_children=0&amp;hapos=1&amp;hpos=1&amp;no_rooms=1&amp;req_adults=2&amp;req_children=0&amp;room1=A%2CA&amp;sb_price_type=total&amp;sr_order=popularity&amp;srepoch=1755674630&amp;srpvid=d7cd3401786e0846&amp;type=total&amp;ucfs=1&amp;\">Booking &#8211; Hotel Salvador<\/a><br \/>Tel.: (+34) 953 67 00 58<br \/>E-mail: recepcion@hsalvador.com <\/p>\n<\/div>\n\t\t\t\t<\/div>\n\t\t\t\t\t\t\t<div class=\"elementor-toggle-item\">\n\t\t\t\t\t<div id=\"elementor-tab-title-1873\" class=\"elementor-tab-title\" data-tab=\"3\" role=\"button\" aria-controls=\"elementor-tab-content-1873\" aria-expanded=\"false\">\n\t\t\t\t\t\t\t\t\t\t\t\t<span class=\"elementor-toggle-icon elementor-toggle-icon-right\" aria-hidden=\"true\">\n\t\t\t\t\t\t\t\t\t\t\t\t\t\t\t<span class=\"elementor-toggle-icon-closed\"><i class=\"fas fa-angle-down\"><\/i><\/span>\n\t\t\t\t\t\t\t\t<span class=\"elementor-toggle-icon-opened\"><i class=\"elementor-toggle-icon-opened fas fa-angle-up\"><\/i><\/span>\n\t\t\t\t\t\t\t\t\t\t\t\t\t<\/span>\n\t\t\t\t\t\t\t\t\t\t\t\t<a class=\"elementor-toggle-title\" tabindex=\"0\">Hotel El Cordob\u00e9s<\/a>\n\t\t\t\t\t<\/div>\n\n\t\t\t\t\t<div id=\"elementor-tab-content-1873\" class=\"elementor-tab-content elementor-clearfix\" data-tab=\"3\" role=\"region\" aria-labelledby=\"elementor-tab-title-1873\"><p>Situ\u00e9 \u00e0 c\u00f4t\u00e9 de l\u2019autoroute d\u2019Andaluc\u00eda, il a \u00e9t\u00e9 fond\u00e9 en 1990. Il dispose aujourd&#8217;hui de 18 chambres \u00e9quip\u00e9es de chauffage, de climatisation, de t\u00e9l\u00e9vision, d&#8217;une salle de bain et bien plus encore . Sa sp\u00e9cialit\u00e9 est la cuisine andalouse, que vous pourrez d\u00e9guster dans son vaste menu au restaurant.  <\/p>\n<p>Carretera Madrid-C\u00e1diz, Km. 291<br \/>23710 Bail\u00e9n (Ja\u00e9n)<br \/>Website: <a href=\"https:\/\/hotelelcordobes.es\/\">www.hotelelcordobes.es<\/a><br \/>Tel.: (+34) 953 67 33 88 \/\/ 637 86 20 01<br \/>E-mail: hotelelcordobes@hotmail.com <\/p>\n<\/div>\n\t\t\t\t<\/div>\n\t\t\t\t\t\t\t<div class=\"elementor-toggle-item\">\n\t\t\t\t\t<div id=\"elementor-tab-title-1874\" class=\"elementor-tab-title\" data-tab=\"4\" role=\"button\" aria-controls=\"elementor-tab-content-1874\" aria-expanded=\"false\">\n\t\t\t\t\t\t\t\t\t\t\t\t<span class=\"elementor-toggle-icon elementor-toggle-icon-right\" aria-hidden=\"true\">\n\t\t\t\t\t\t\t\t\t\t\t\t\t\t\t<span class=\"elementor-toggle-icon-closed\"><i class=\"fas fa-angle-down\"><\/i><\/span>\n\t\t\t\t\t\t\t\t<span class=\"elementor-toggle-icon-opened\"><i class=\"elementor-toggle-icon-opened fas fa-angle-up\"><\/i><\/span>\n\t\t\t\t\t\t\t\t\t\t\t\t\t<\/span>\n\t\t\t\t\t\t\t\t\t\t\t\t<a class=\"elementor-toggle-title\" tabindex=\"0\">Hostal El Paso 1*<\/a>\n\t\t\t\t\t<\/div>\n\n\t\t\t\t\t<div id=\"elementor-tab-content-1874\" class=\"elementor-tab-content elementor-clearfix\" data-tab=\"4\" role=\"region\" aria-labelledby=\"elementor-tab-title-1874\"><p>Situ\u00e9 sur le p\u00e9riph\u00e9rique qui relie la ville aux routes principales. Il dispose de 15 chambres, id\u00e9al pour les voyageurs qui souhaitent visiter \u00e0 la fois la ville elle-m\u00eame et d\u2019autres villes voisines gr\u00e2ce \u00e0 la facilit\u00e9 de connexion qu\u2019elle offre.  <\/p>\n<p>Carretera Madrid-C\u00e1diz, Km. 294<br \/>23710 Bail\u00e9n (Ja\u00e9n)<br \/>Website: <a href=\"https:\/\/www.booking.com\/hotel\/es\/hostal-restaurante-el-paso.es.html\">Booking &#8211; Hostal El Paso<\/a><br \/>Tel.: (+34) 953 67 10 50<br \/>E-mail: recepcion@elpaso.es <\/p>\n<\/div>\n\t\t\t\t<\/div>\n\t\t\t\t\t\t\t<div class=\"elementor-toggle-item\">\n\t\t\t\t\t<div id=\"elementor-tab-title-1875\" class=\"elementor-tab-title\" data-tab=\"5\" role=\"button\" aria-controls=\"elementor-tab-content-1875\" aria-expanded=\"false\">\n\t\t\t\t\t\t\t\t\t\t\t\t<span class=\"elementor-toggle-icon elementor-toggle-icon-right\" aria-hidden=\"true\">\n\t\t\t\t\t\t\t\t\t\t\t\t\t\t\t<span class=\"elementor-toggle-icon-closed\"><i class=\"fas fa-angle-down\"><\/i><\/span>\n\t\t\t\t\t\t\t\t<span class=\"elementor-toggle-icon-opened\"><i class=\"elementor-toggle-icon-opened fas fa-angle-up\"><\/i><\/span>\n\t\t\t\t\t\t\t\t\t\t\t\t\t<\/span>\n\t\t\t\t\t\t\t\t\t\t\t\t<a class=\"elementor-toggle-title\" tabindex=\"0\">Hostal Braser\u00eda Alc\u00e1ntara<\/a>\n\t\t\t\t\t<\/div>\n\n\t\t\t\t\t<div id=\"elementor-tab-content-1875\" class=\"elementor-tab-content elementor-clearfix\" data-tab=\"5\" role=\"region\" aria-labelledby=\"elementor-tab-title-1875\"><p>Cet \u00e9tablissement est situ\u00e9 sur l&#8217;autoroute Madrid-Cadix, la rocade qui traverse Bail\u00e9n. Il propose non seulement un h\u00e9bergement confortable, mais aussi un bar-restaurant o\u00f9 vous pourrez d\u00e9guster des grillades et une cuisine locale traditionnelle. <\/p>\n<p>Carretera Madrid-C\u00e1diz, Km. 294<br \/>23710 Bail\u00e9n (Ja\u00e9n)<br \/>Website: <a href=\"https:\/\/hostalbraseriaalcantara.com\/index.html\">www.hostalbraseriaalcantara.com<\/a><br \/>Tel.: (+34) 659 26 88 70<br \/>E-mail: info@hostalbraseriaalcantara.com <\/p>\n<\/div>\n\t\t\t\t<\/div>\n\t\t\t\t\t\t\t\t<\/div>\n\t\t\t\t\t\t<\/div>\n\t\t\t\t<\/div>\n\t\t\t\t\t<\/div>\n\t\t<\/div>\n\t\t\t\t\t<\/div>\n\t\t<\/section>\n\t\t\t\t<section class=\"elementor-section elementor-top-section elementor-element elementor-element-d3cd44c elementor-section-boxed elementor-section-height-default elementor-section-height-default\" data-id=\"d3cd44c\" data-element_type=\"section\" data-e-type=\"section\" data-settings=\"{&quot;jet_parallax_layout_list&quot;:[]}\">\n\t\t\t\t\t\t<div class=\"elementor-container elementor-column-gap-default\">\n\t\t\t\t\t<div class=\"elementor-column elementor-col-100 elementor-top-column elementor-element elementor-element-75b8d60\" data-id=\"75b8d60\" data-element_type=\"column\" data-e-type=\"column\">\n\t\t\t<div class=\"elementor-widget-wrap elementor-element-populated\">\n\t\t\t\t\t\t<div class=\"elementor-element elementor-element-29a56c0 elementor-widget elementor-widget-spacer\" data-id=\"29a56c0\" data-element_type=\"widget\" data-e-type=\"widget\" data-widget_type=\"spacer.default\">\n\t\t\t\t<div class=\"elementor-widget-container\">\n\t\t\t\t\t\t\t<div class=\"elementor-spacer\">\n\t\t\t<div class=\"elementor-spacer-inner\"><\/div>\n\t\t<\/div>\n\t\t\t\t\t\t<\/div>\n\t\t\t\t<\/div>\n\t\t\t\t\t<\/div>\n\t\t<\/div>\n\t\t\t\t\t<\/div>\n\t\t<\/section>\n\t\t\t\t<\/div>\n\t\t","protected":false},"excerpt":{"rendered":"<p>H\u00e9bergement Bail\u00e9n dispose d\u2019une grande vari\u00e9t\u00e9 d\u2019h\u00f4tels de qualit\u00e9 o\u00f9 pourrez passer la nuit dans cette ville historique, tels que: Hotel Zodiaco 3* Construit en 1973 et enti\u00e8rement r\u00e9nov\u00e9 en 2023 par le nouveau groupe h\u00f4telier \u201cHijos de Ciriaco S.L.\u201d est aujoud\u2019hui un embl\u00e8me de confort et de modernit\u00e9.Il est situ\u00e9 dans un emplacement privil\u00e9gi\u00e9 [&hellip;]<\/p>\n","protected":false},"author":1,"featured_media":0,"parent":0,"menu_order":0,"comment_status":"closed","ping_status":"closed","template":"elementor_header_footer","meta":{"footnotes":""},"class_list":["post-8288","page","type-page","status-publish","hentry"],"_links":{"self":[{"href":"https:\/\/turismobailen.com\/fr\/wp-json\/wp\/v2\/pages\/8288","targetHints":{"allow":["GET"]}}],"collection":[{"href":"https:\/\/turismobailen.com\/fr\/wp-json\/wp\/v2\/pages"}],"about":[{"href":"https:\/\/turismobailen.com\/fr\/wp-json\/wp\/v2\/types\/page"}],"author":[{"embeddable":true,"href":"https:\/\/turismobailen.com\/fr\/wp-json\/wp\/v2\/users\/1"}],"replies":[{"embeddable":true,"href":"https:\/\/turismobailen.com\/fr\/wp-json\/wp\/v2\/comments?post=8288"}],"version-history":[{"count":11,"href":"https:\/\/turismobailen.com\/fr\/wp-json\/wp\/v2\/pages\/8288\/revisions"}],"predecessor-version":[{"id":13698,"href":"https:\/\/turismobailen.com\/fr\/wp-json\/wp\/v2\/pages\/8288\/revisions\/13698"}],"wp:attachment":[{"href":"https:\/\/turismobailen.com\/fr\/wp-json\/wp\/v2\/media?parent=8288"}],"curies":[{"name":"wp","href":"https:\/\/api.w.org\/{rel}","templated":true}]}}