{"id":9854,"date":"2022-03-01T12:09:57","date_gmt":"2022-03-01T12:09:57","guid":{"rendered":"https:\/\/turismobailen.com\/murales-conciencia\/"},"modified":"2025-09-04T10:41:42","modified_gmt":"2025-09-04T10:41:42","slug":"murales-conciencia","status":"publish","type":"page","link":"https:\/\/turismobailen.com\/fr\/murales-conciencia\/","title":{"rendered":"Peintures Murales de Sensibilisation"},"content":{"rendered":"\t\t<div data-elementor-type=\"wp-page\" data-elementor-id=\"9854\" class=\"elementor elementor-9854 elementor-6879\" data-elementor-post-type=\"page\">\n\t\t\t\t\t\t<section class=\"elementor-section elementor-top-section elementor-element elementor-element-c5c28a3 elementor-section-full_width elementor-section-height-default elementor-section-height-default\" data-id=\"c5c28a3\" data-element_type=\"section\" data-e-type=\"section\" data-settings=\"{&quot;jet_parallax_layout_list&quot;:[],&quot;background_background&quot;:&quot;classic&quot;}\">\n\t\t\t\t\t\t\t<div class=\"elementor-background-overlay\"><\/div>\n\t\t\t\t\t\t\t<div class=\"elementor-container elementor-column-gap-default\">\n\t\t\t\t\t<div class=\"elementor-column elementor-col-100 elementor-top-column elementor-element elementor-element-96cadfe\" data-id=\"96cadfe\" data-element_type=\"column\" data-e-type=\"column\">\n\t\t\t<div class=\"elementor-widget-wrap elementor-element-populated\">\n\t\t\t\t\t\t\t<\/div>\n\t\t<\/div>\n\t\t\t\t\t<\/div>\n\t\t<\/section>\n\t\t\t\t<section class=\"elementor-section elementor-top-section elementor-element elementor-element-0d928d0 elementor-section-boxed elementor-section-height-default elementor-section-height-default\" data-id=\"0d928d0\" data-element_type=\"section\" data-e-type=\"section\" data-settings=\"{&quot;jet_parallax_layout_list&quot;:[]}\">\n\t\t\t\t\t\t<div class=\"elementor-container elementor-column-gap-default\">\n\t\t\t\t\t<div class=\"elementor-column elementor-col-100 elementor-top-column elementor-element elementor-element-093fd1c\" data-id=\"093fd1c\" data-element_type=\"column\" data-e-type=\"column\">\n\t\t\t<div class=\"elementor-widget-wrap elementor-element-populated\">\n\t\t\t\t\t\t<div class=\"elementor-element elementor-element-06b7d94 elementor-widget elementor-widget-spacer\" data-id=\"06b7d94\" data-element_type=\"widget\" data-e-type=\"widget\" data-widget_type=\"spacer.default\">\n\t\t\t\t<div class=\"elementor-widget-container\">\n\t\t\t\t\t\t\t<div class=\"elementor-spacer\">\n\t\t\t<div class=\"elementor-spacer-inner\"><\/div>\n\t\t<\/div>\n\t\t\t\t\t\t<\/div>\n\t\t\t\t<\/div>\n\t\t\t\t\t<\/div>\n\t\t<\/div>\n\t\t\t\t\t<\/div>\n\t\t<\/section>\n\t\t\t\t<section class=\"elementor-section elementor-top-section elementor-element elementor-element-5f3d87b elementor-section-content-middle elementor-section-boxed elementor-section-height-default elementor-section-height-default\" data-id=\"5f3d87b\" data-element_type=\"section\" data-e-type=\"section\" data-settings=\"{&quot;jet_parallax_layout_list&quot;:[]}\">\n\t\t\t\t\t\t<div class=\"elementor-container elementor-column-gap-default\">\n\t\t\t\t\t<div class=\"elementor-column elementor-col-50 elementor-top-column elementor-element elementor-element-c70acce\" data-id=\"c70acce\" data-element_type=\"column\" data-e-type=\"column\">\n\t\t\t<div class=\"elementor-widget-wrap elementor-element-populated\">\n\t\t\t\t\t\t<div class=\"elementor-element elementor-element-df9b79a elementor-widget elementor-widget-heading\" data-id=\"df9b79a\" data-element_type=\"widget\" data-e-type=\"widget\" data-widget_type=\"heading.default\">\n\t\t\t\t<div class=\"elementor-widget-container\">\n\t\t\t\t\t<h2 class=\"elementor-heading-title elementor-size-default\">L\u2019art urbain et la communication scientifique...<\/h2>\t\t\t\t<\/div>\n\t\t\t\t<\/div>\n\t\t\t\t<div class=\"elementor-element elementor-element-68ae426 elementor-widget elementor-widget-text-editor\" data-id=\"68ae426\" data-element_type=\"widget\" data-e-type=\"widget\" data-widget_type=\"text-editor.default\">\n\t\t\t\t<div class=\"elementor-widget-container\">\n\t\t\t\t\t\t\t\t\t<p>Se rejoignent avec un objectif commun: montrer la valeur esth\u00e9tique, informative, culturelle, patrimoniale et touristique de la ville. Des espaces non seulement esth\u00e9tiquement attrayants, mais aussi de diffusion innovante qui proposent de nouveaux langages autour de la ville \u00e0 travers la vision particuli\u00e8re de chacun des artistes de chaque projet sur les grands domaines de la science. <\/p>\t\t\t\t\t\t\t\t<\/div>\n\t\t\t\t<\/div>\n\t\t\t\t\t<\/div>\n\t\t<\/div>\n\t\t\t\t<div class=\"elementor-column elementor-col-50 elementor-top-column elementor-element elementor-element-6c1efa6\" data-id=\"6c1efa6\" data-element_type=\"column\" data-e-type=\"column\">\n\t\t\t<div class=\"elementor-widget-wrap elementor-element-populated\">\n\t\t\t\t\t\t<div class=\"elementor-element elementor-element-b73a5dd elementor-widget elementor-widget-image\" data-id=\"b73a5dd\" data-element_type=\"widget\" data-e-type=\"widget\" data-widget_type=\"image.default\">\n\t\t\t\t<div class=\"elementor-widget-container\">\n\t\t\t\t\t\t\t\t\t\t\t\t\t\t\t\t<a href=\"https:\/\/turismobailen.pruebas.tic4you.com\/wp-content\/uploads\/2022\/03\/Mapa-ruta-monolitos.jpg\" data-elementor-open-lightbox=\"yes\" data-elementor-lightbox-title=\"Mapa ruta monolitos\" data-e-action-hash=\"#elementor-action%3Aaction%3Dlightbox%26settings%3DeyJpZCI6OTYxOCwidXJsIjoiaHR0cHM6XC9cL3R1cmlzbW9iYWlsZW4uY29tXC93cC1jb250ZW50XC91cGxvYWRzXC8yMDIyXC8wM1wvTWFwYS1ydXRhLW1vbm9saXRvcy5qcGcifQ%3D%3D\">\n\t\t\t\t\t\t\t<img fetchpriority=\"high\" decoding=\"async\" width=\"1024\" height=\"511\" src=\"https:\/\/turismobailen.com\/wp-content\/uploads\/2022\/03\/Mapa-ruta-monolitos-1024x511.jpg\" class=\"attachment-large size-large wp-image-9618\" alt=\"\" srcset=\"https:\/\/turismobailen.com\/wp-content\/uploads\/2022\/03\/Mapa-ruta-monolitos-1024x511.jpg 1024w, https:\/\/turismobailen.com\/wp-content\/uploads\/2022\/03\/Mapa-ruta-monolitos-300x150.jpg 300w, https:\/\/turismobailen.com\/wp-content\/uploads\/2022\/03\/Mapa-ruta-monolitos-768x384.jpg 768w, https:\/\/turismobailen.com\/wp-content\/uploads\/2022\/03\/Mapa-ruta-monolitos-1536x767.jpg 1536w, https:\/\/turismobailen.com\/wp-content\/uploads\/2022\/03\/Mapa-ruta-monolitos-600x300.jpg 600w, https:\/\/turismobailen.com\/wp-content\/uploads\/2022\/03\/Mapa-ruta-monolitos-560x280.jpg 560w, https:\/\/turismobailen.com\/wp-content\/uploads\/2022\/03\/Mapa-ruta-monolitos.jpg 1790w\" sizes=\"(max-width: 1024px) 100vw, 1024px\" \/>\t\t\t\t\t\t\t\t<\/a>\n\t\t\t\t\t\t\t\t\t\t\t\t\t\t\t<\/div>\n\t\t\t\t<\/div>\n\t\t\t\t\t<\/div>\n\t\t<\/div>\n\t\t\t\t\t<\/div>\n\t\t<\/section>\n\t\t\t\t<section class=\"elementor-section elementor-top-section elementor-element elementor-element-381032c elementor-section-boxed elementor-section-height-default elementor-section-height-default\" data-id=\"381032c\" data-element_type=\"section\" data-e-type=\"section\" data-settings=\"{&quot;jet_parallax_layout_list&quot;:[]}\">\n\t\t\t\t\t\t<div class=\"elementor-container elementor-column-gap-default\">\n\t\t\t\t\t<div class=\"elementor-column elementor-col-100 elementor-top-column elementor-element elementor-element-213b521\" data-id=\"213b521\" data-element_type=\"column\" data-e-type=\"column\">\n\t\t\t<div class=\"elementor-widget-wrap elementor-element-populated\">\n\t\t\t\t\t\t<div class=\"elementor-element elementor-element-18f0d45 elementor-widget elementor-widget-spacer\" data-id=\"18f0d45\" data-element_type=\"widget\" data-e-type=\"widget\" data-widget_type=\"spacer.default\">\n\t\t\t\t<div class=\"elementor-widget-container\">\n\t\t\t\t\t\t\t<div class=\"elementor-spacer\">\n\t\t\t<div class=\"elementor-spacer-inner\"><\/div>\n\t\t<\/div>\n\t\t\t\t\t\t<\/div>\n\t\t\t\t<\/div>\n\t\t\t\t\t<\/div>\n\t\t<\/div>\n\t\t\t\t\t<\/div>\n\t\t<\/section>\n\t\t\t\t<section class=\"elementor-section elementor-top-section elementor-element elementor-element-0fbdbf5 elementor-section-full_width elementor-section-height-default elementor-section-height-default\" data-id=\"0fbdbf5\" data-element_type=\"section\" data-e-type=\"section\" data-settings=\"{&quot;jet_parallax_layout_list&quot;:[],&quot;background_background&quot;:&quot;classic&quot;}\">\n\t\t\t\t\t\t<div class=\"elementor-container elementor-column-gap-default\">\n\t\t\t\t\t<div class=\"elementor-column elementor-col-100 elementor-top-column elementor-element elementor-element-6b79720\" data-id=\"6b79720\" data-element_type=\"column\" data-e-type=\"column\">\n\t\t\t<div class=\"elementor-widget-wrap elementor-element-populated\">\n\t\t\t\t\t\t<div class=\"elementor-element elementor-element-fbf9756 elementor-widget elementor-widget-heading\" data-id=\"fbf9756\" data-element_type=\"widget\" data-e-type=\"widget\" data-widget_type=\"heading.default\">\n\t\t\t\t<div class=\"elementor-widget-container\">\n\t\t\t\t\t<h2 class=\"elementor-heading-title elementor-size-default\">Peintures Murales de Sensibilisation<\/h2>\t\t\t\t<\/div>\n\t\t\t\t<\/div>\n\t\t\t\t<div class=\"elementor-element elementor-element-976a786 anwp-pg-widget-header-style--b anwp-pg-post-teaser__post-icon--size-16 elementor-arrows-position-inside elementor-pagination-position-outside elementor-widget elementor-widget-anwp-pg-simple-slider\" data-id=\"976a786\" data-element_type=\"widget\" data-e-type=\"widget\" data-widget_type=\"anwp-pg-simple-slider.default\">\n\t\t\t\t<div class=\"elementor-widget-container\">\n\t\t\t\t\t<div class=\"anwp-pg-wrap\">\n\n\t\n\t<!-- Slider main container -->\n\t<div\n\t\tclass=\"anwp-pg-simple-slider anwp-pg-swiper-wrapper position-relative swiper swiper-container anwp-pg-no-transform\"\n\t\tdata-pg-slides-per-view=\"3\"\n\t\tdata-pg-slides-per-view-mobile=\"1\"\n\t\tdata-pg-slides-per-view-tablet=\"2\"\n\t\tdata-pg-slides-per-group=\"1\"\n\t\tdata-pg-slides-per-group-mobile=\"1\"\n\t\tdata-pg-slides-per-group-tablet=\"1\"\n\t\tdata-pg-autoplay=\"yes\"\n\t\tdata-pg-autoplay-delay=\"5000\"\n\t\tdata-pg-space-between=\"20\"\n\t\tdata-pg-effect=\"slide\"\n\t\tdata-pg-enable-observer=\"no\"\n\t\tdata-pg-loop=\"no\"\n\t\tdir=\"ltr\"\n\t>\n\t\t<!-- Additional required wrapper -->\n\t\t<div class=\"swiper-wrapper\">\n\t\t\t<!-- Slides -->\n\t\t\t<div class=\"anwp-pg-post-teaser anwp-pg-post-teaser--layout-c swiper-slide\">\n\t<div class=\"anwp-pg-post-teaser__thumbnail position-relative\">\n\n\t\t\n\t\t\t\t\t<img loading=\"lazy\" class=\"anwp-pg-post-teaser__thumbnail-img d-block anwp-pg-height-400 anwp-object-cover m-0 w-100\"\n\t\t\t\talt=\"Gald\u00f3s\"\n\t\t\t\tsrc=\"https:\/\/turismobailen.com\/wp-content\/uploads\/2022\/03\/Galdos.jpg\"\/>\n\t\t\n\t\t<div class=\"anwp-pg-post-teaser__muted_bg\"><\/div>\n\t\t<div class=\"anwp-pg-post-teaser__thumbnail-bg anwp-position-cover\"><\/div>\n\n\t\t<div class=\"anwp-pg-post-teaser__content d-flex flex-column anwp-position-cover\">\n\t\t\t<div class=\"anwp-pg-post-teaser__top-meta d-flex mb-2\">\n\t\t\t\t\n\t\t\t<\/div>\n\n\t\t\t\n\t\t\t<div class=\"anwp-pg-post-teaser__bottom-block d-flex align-items-center position-relative py-4 px-1 mb-3 mt-auto\">\n\t\t\t\t\n\t\t\t\t<div class=\"anwp-pg-post-teaser__title anwp-font-heading\">\n\t\t\t\t\tGald\u00f3s\t\t\t\t<\/div>\n\t\t\t<\/div>\n\t\t<\/div>\n\n\t\t<a class=\"anwp-position-cover anwp-link-without-effects\" href=\"https:\/\/turismobailen.com\/fr\/galdos\/\" aria-hidden=\"true\" ><\/a>\n\t<\/div>\n<\/div>\n<div class=\"anwp-pg-post-teaser anwp-pg-post-teaser--layout-c swiper-slide\">\n\t<div class=\"anwp-pg-post-teaser__thumbnail position-relative\">\n\n\t\t\n\t\t\t\t\t<img loading=\"lazy\" class=\"anwp-pg-post-teaser__thumbnail-img d-block anwp-pg-height-400 anwp-object-cover m-0 w-100\"\n\t\t\t\talt=\"C\u00e9ramique et \u00e9ducation\"\n\t\t\t\tsrc=\"https:\/\/turismobailen.com\/wp-content\/uploads\/2022\/03\/Ceramica-y-educacion.jpg\"\/>\n\t\t\n\t\t<div class=\"anwp-pg-post-teaser__muted_bg\"><\/div>\n\t\t<div class=\"anwp-pg-post-teaser__thumbnail-bg anwp-position-cover\"><\/div>\n\n\t\t<div class=\"anwp-pg-post-teaser__content d-flex flex-column anwp-position-cover\">\n\t\t\t<div class=\"anwp-pg-post-teaser__top-meta d-flex mb-2\">\n\t\t\t\t\n\t\t\t<\/div>\n\n\t\t\t\n\t\t\t<div class=\"anwp-pg-post-teaser__bottom-block d-flex align-items-center position-relative py-4 px-1 mb-3 mt-auto\">\n\t\t\t\t\n\t\t\t\t<div class=\"anwp-pg-post-teaser__title anwp-font-heading\">\n\t\t\t\t\tC\u00e9ramique et \u00e9ducation\t\t\t\t<\/div>\n\t\t\t<\/div>\n\t\t<\/div>\n\n\t\t<a class=\"anwp-position-cover anwp-link-without-effects\" href=\"https:\/\/turismobailen.com\/fr\/ceramica-y-educacion\/\" aria-hidden=\"true\" ><\/a>\n\t<\/div>\n<\/div>\n<div class=\"anwp-pg-post-teaser anwp-pg-post-teaser--layout-c swiper-slide\">\n\t<div class=\"anwp-pg-post-teaser__thumbnail position-relative\">\n\n\t\t\n\t\t\t\t\t<img loading=\"lazy\" class=\"anwp-pg-post-teaser__thumbnail-img d-block anwp-pg-height-400 anwp-object-cover m-0 w-100\"\n\t\t\t\talt=\"D\u00e9esse de l&#8217;astronomie\"\n\t\t\t\tsrc=\"https:\/\/turismobailen.com\/wp-content\/uploads\/2022\/03\/La-diosa-de-la-astronomia.jpg\"\/>\n\t\t\n\t\t<div class=\"anwp-pg-post-teaser__muted_bg\"><\/div>\n\t\t<div class=\"anwp-pg-post-teaser__thumbnail-bg anwp-position-cover\"><\/div>\n\n\t\t<div class=\"anwp-pg-post-teaser__content d-flex flex-column anwp-position-cover\">\n\t\t\t<div class=\"anwp-pg-post-teaser__top-meta d-flex mb-2\">\n\t\t\t\t\n\t\t\t<\/div>\n\n\t\t\t\n\t\t\t<div class=\"anwp-pg-post-teaser__bottom-block d-flex align-items-center position-relative py-4 px-1 mb-3 mt-auto\">\n\t\t\t\t\n\t\t\t\t<div class=\"anwp-pg-post-teaser__title anwp-font-heading\">\n\t\t\t\t\tD\u00e9esse de l&#8217;astronomie\t\t\t\t<\/div>\n\t\t\t<\/div>\n\t\t<\/div>\n\n\t\t<a class=\"anwp-position-cover anwp-link-without-effects\" href=\"https:\/\/turismobailen.com\/fr\/la-diosa-de-la-astronomia\/\" aria-hidden=\"true\" ><\/a>\n\t<\/div>\n<\/div>\n<div class=\"anwp-pg-post-teaser anwp-pg-post-teaser--layout-c swiper-slide\">\n\t<div class=\"anwp-pg-post-teaser__thumbnail position-relative\">\n\n\t\t\n\t\t\t\t\t<img loading=\"lazy\" class=\"anwp-pg-post-teaser__thumbnail-img d-block anwp-pg-height-400 anwp-object-cover m-0 w-100\"\n\t\t\t\talt=\"F\u00f4ret de neurones\"\n\t\t\t\tsrc=\"https:\/\/turismobailen.com\/wp-content\/uploads\/2022\/03\/Bosque-de-neuronas-1024x417.jpg\"\/>\n\t\t\n\t\t<div class=\"anwp-pg-post-teaser__muted_bg\"><\/div>\n\t\t<div class=\"anwp-pg-post-teaser__thumbnail-bg anwp-position-cover\"><\/div>\n\n\t\t<div class=\"anwp-pg-post-teaser__content d-flex flex-column anwp-position-cover\">\n\t\t\t<div class=\"anwp-pg-post-teaser__top-meta d-flex mb-2\">\n\t\t\t\t\n\t\t\t<\/div>\n\n\t\t\t\n\t\t\t<div class=\"anwp-pg-post-teaser__bottom-block d-flex align-items-center position-relative py-4 px-1 mb-3 mt-auto\">\n\t\t\t\t\n\t\t\t\t<div class=\"anwp-pg-post-teaser__title anwp-font-heading\">\n\t\t\t\t\tF\u00f4ret de neurones\t\t\t\t<\/div>\n\t\t\t<\/div>\n\t\t<\/div>\n\n\t\t<a class=\"anwp-position-cover anwp-link-without-effects\" href=\"https:\/\/turismobailen.com\/fr\/bosque-de-neuronas\/\" aria-hidden=\"true\" ><\/a>\n\t<\/div>\n<\/div>\n<div class=\"anwp-pg-post-teaser anwp-pg-post-teaser--layout-c swiper-slide\">\n\t<div class=\"anwp-pg-post-teaser__thumbnail position-relative\">\n\n\t\t\n\t\t\t\t\t<img loading=\"lazy\" class=\"anwp-pg-post-teaser__thumbnail-img d-block anwp-pg-height-400 anwp-object-cover m-0 w-100\"\n\t\t\t\talt=\"Cruches communicateurs\"\n\t\t\t\tsrc=\"https:\/\/turismobailen.com\/wp-content\/uploads\/2022\/03\/Cantaros-comunicantes.jpg\"\/>\n\t\t\n\t\t<div class=\"anwp-pg-post-teaser__muted_bg\"><\/div>\n\t\t<div class=\"anwp-pg-post-teaser__thumbnail-bg anwp-position-cover\"><\/div>\n\n\t\t<div class=\"anwp-pg-post-teaser__content d-flex flex-column anwp-position-cover\">\n\t\t\t<div class=\"anwp-pg-post-teaser__top-meta d-flex mb-2\">\n\t\t\t\t\n\t\t\t<\/div>\n\n\t\t\t\n\t\t\t<div class=\"anwp-pg-post-teaser__bottom-block d-flex align-items-center position-relative py-4 px-1 mb-3 mt-auto\">\n\t\t\t\t\n\t\t\t\t<div class=\"anwp-pg-post-teaser__title anwp-font-heading\">\n\t\t\t\t\tCruches communicateurs\t\t\t\t<\/div>\n\t\t\t<\/div>\n\t\t<\/div>\n\n\t\t<a class=\"anwp-position-cover anwp-link-without-effects\" href=\"https:\/\/turismobailen.com\/fr\/cantaros-comunicantes\/\" aria-hidden=\"true\" ><\/a>\n\t<\/div>\n<\/div>\n<div class=\"anwp-pg-post-teaser anwp-pg-post-teaser--layout-c swiper-slide\">\n\t<div class=\"anwp-pg-post-teaser__thumbnail position-relative\">\n\n\t\t\n\t\t\t\t\t<img loading=\"lazy\" class=\"anwp-pg-post-teaser__thumbnail-img d-block anwp-pg-height-400 anwp-object-cover m-0 w-100\"\n\t\t\t\talt=\"Reboisement\"\n\t\t\t\tsrc=\"https:\/\/turismobailen.com\/wp-content\/uploads\/2022\/03\/Reforestando-1024x413.jpg\"\/>\n\t\t\n\t\t<div class=\"anwp-pg-post-teaser__muted_bg\"><\/div>\n\t\t<div class=\"anwp-pg-post-teaser__thumbnail-bg anwp-position-cover\"><\/div>\n\n\t\t<div class=\"anwp-pg-post-teaser__content d-flex flex-column anwp-position-cover\">\n\t\t\t<div class=\"anwp-pg-post-teaser__top-meta d-flex mb-2\">\n\t\t\t\t\n\t\t\t<\/div>\n\n\t\t\t\n\t\t\t<div class=\"anwp-pg-post-teaser__bottom-block d-flex align-items-center position-relative py-4 px-1 mb-3 mt-auto\">\n\t\t\t\t\n\t\t\t\t<div class=\"anwp-pg-post-teaser__title anwp-font-heading\">\n\t\t\t\t\tReboisement\t\t\t\t<\/div>\n\t\t\t<\/div>\n\t\t<\/div>\n\n\t\t<a class=\"anwp-position-cover anwp-link-without-effects\" href=\"https:\/\/turismobailen.com\/fr\/reforestando\/\" aria-hidden=\"true\" ><\/a>\n\t<\/div>\n<\/div>\n<div class=\"anwp-pg-post-teaser anwp-pg-post-teaser--layout-c swiper-slide\">\n\t<div class=\"anwp-pg-post-teaser__thumbnail position-relative\">\n\n\t\t\n\t\t\t\t\t<img loading=\"lazy\" class=\"anwp-pg-post-teaser__thumbnail-img d-block anwp-pg-height-400 anwp-object-cover m-0 w-100\"\n\t\t\t\talt=\"Hawking et l\u2019universalit\u00e9 de l\u2019EVOO\"\n\t\t\t\tsrc=\"https:\/\/turismobailen.com\/wp-content\/uploads\/2022\/03\/Hawking.jpg\"\/>\n\t\t\n\t\t<div class=\"anwp-pg-post-teaser__muted_bg\"><\/div>\n\t\t<div class=\"anwp-pg-post-teaser__thumbnail-bg anwp-position-cover\"><\/div>\n\n\t\t<div class=\"anwp-pg-post-teaser__content d-flex flex-column anwp-position-cover\">\n\t\t\t<div class=\"anwp-pg-post-teaser__top-meta d-flex mb-2\">\n\t\t\t\t\n\t\t\t<\/div>\n\n\t\t\t\n\t\t\t<div class=\"anwp-pg-post-teaser__bottom-block d-flex align-items-center position-relative py-4 px-1 mb-3 mt-auto\">\n\t\t\t\t\n\t\t\t\t<div class=\"anwp-pg-post-teaser__title anwp-font-heading\">\n\t\t\t\t\tHawking et l\u2019universalit\u00e9 de l\u2019EVOO\t\t\t\t<\/div>\n\t\t\t<\/div>\n\t\t<\/div>\n\n\t\t<a class=\"anwp-position-cover anwp-link-without-effects\" href=\"https:\/\/turismobailen.com\/fr\/hawking-y-la-universalidad-del-aove\/\" aria-hidden=\"true\" ><\/a>\n\t<\/div>\n<\/div>\n<div class=\"anwp-pg-post-teaser anwp-pg-post-teaser--layout-c swiper-slide\">\n\t<div class=\"anwp-pg-post-teaser__thumbnail position-relative\">\n\n\t\t\n\t\t\t\t\t<img loading=\"lazy\" class=\"anwp-pg-post-teaser__thumbnail-img d-block anwp-pg-height-400 anwp-object-cover m-0 w-100\"\n\t\t\t\talt=\"La reddition de Bail\u00e9n\"\n\t\t\t\tsrc=\"https:\/\/turismobailen.com\/wp-content\/uploads\/2022\/03\/La-rendicion-de-Bailen-1024x683.jpg\"\/>\n\t\t\n\t\t<div class=\"anwp-pg-post-teaser__muted_bg\"><\/div>\n\t\t<div class=\"anwp-pg-post-teaser__thumbnail-bg anwp-position-cover\"><\/div>\n\n\t\t<div class=\"anwp-pg-post-teaser__content d-flex flex-column anwp-position-cover\">\n\t\t\t<div class=\"anwp-pg-post-teaser__top-meta d-flex mb-2\">\n\t\t\t\t\n\t\t\t<\/div>\n\n\t\t\t\n\t\t\t<div class=\"anwp-pg-post-teaser__bottom-block d-flex align-items-center position-relative py-4 px-1 mb-3 mt-auto\">\n\t\t\t\t\n\t\t\t\t<div class=\"anwp-pg-post-teaser__title anwp-font-heading\">\n\t\t\t\t\tLa reddition de Bail\u00e9n\t\t\t\t<\/div>\n\t\t\t<\/div>\n\t\t<\/div>\n\n\t\t<a class=\"anwp-position-cover anwp-link-without-effects\" href=\"https:\/\/turismobailen.com\/fr\/la-rendicion-de-bailen\/\" aria-hidden=\"true\" ><\/a>\n\t<\/div>\n<\/div>\n<div class=\"anwp-pg-post-teaser anwp-pg-post-teaser--layout-c swiper-slide\">\n\t<div class=\"anwp-pg-post-teaser__thumbnail position-relative\">\n\n\t\t\n\t\t\t\t\t<img loading=\"lazy\" class=\"anwp-pg-post-teaser__thumbnail-img d-block anwp-pg-height-400 anwp-object-cover m-0 w-100\"\n\t\t\t\talt=\"Topo-graphies\"\n\t\t\t\tsrc=\"https:\/\/turismobailen.com\/wp-content\/uploads\/2022\/03\/Topografias-1024x415.jpg\"\/>\n\t\t\n\t\t<div class=\"anwp-pg-post-teaser__muted_bg\"><\/div>\n\t\t<div class=\"anwp-pg-post-teaser__thumbnail-bg anwp-position-cover\"><\/div>\n\n\t\t<div class=\"anwp-pg-post-teaser__content d-flex flex-column anwp-position-cover\">\n\t\t\t<div class=\"anwp-pg-post-teaser__top-meta d-flex mb-2\">\n\t\t\t\t\n\t\t\t<\/div>\n\n\t\t\t\n\t\t\t<div class=\"anwp-pg-post-teaser__bottom-block d-flex align-items-center position-relative py-4 px-1 mb-3 mt-auto\">\n\t\t\t\t\n\t\t\t\t<div class=\"anwp-pg-post-teaser__title anwp-font-heading\">\n\t\t\t\t\tTopo-graphies\t\t\t\t<\/div>\n\t\t\t<\/div>\n\t\t<\/div>\n\n\t\t<a class=\"anwp-position-cover anwp-link-without-effects\" href=\"https:\/\/turismobailen.com\/fr\/topo-grafias\/\" aria-hidden=\"true\" ><\/a>\n\t<\/div>\n<\/div>\n<div class=\"anwp-pg-post-teaser anwp-pg-post-teaser--layout-c swiper-slide\">\n\t<div class=\"anwp-pg-post-teaser__thumbnail position-relative\">\n\n\t\t\n\t\t\t\t\t<img loading=\"lazy\" class=\"anwp-pg-post-teaser__thumbnail-img d-block anwp-pg-height-400 anwp-object-cover m-0 w-100\"\n\t\t\t\talt=\"Nous sommes cr\u00e9ation\"\n\t\t\t\tsrc=\"https:\/\/turismobailen.com\/wp-content\/uploads\/2022\/03\/Somos-creacion.jpg\"\/>\n\t\t\n\t\t<div class=\"anwp-pg-post-teaser__muted_bg\"><\/div>\n\t\t<div class=\"anwp-pg-post-teaser__thumbnail-bg anwp-position-cover\"><\/div>\n\n\t\t<div class=\"anwp-pg-post-teaser__content d-flex flex-column anwp-position-cover\">\n\t\t\t<div class=\"anwp-pg-post-teaser__top-meta d-flex mb-2\">\n\t\t\t\t\n\t\t\t<\/div>\n\n\t\t\t\n\t\t\t<div class=\"anwp-pg-post-teaser__bottom-block d-flex align-items-center position-relative py-4 px-1 mb-3 mt-auto\">\n\t\t\t\t\n\t\t\t\t<div class=\"anwp-pg-post-teaser__title anwp-font-heading\">\n\t\t\t\t\tNous sommes cr\u00e9ation\t\t\t\t<\/div>\n\t\t\t<\/div>\n\t\t<\/div>\n\n\t\t<a class=\"anwp-position-cover anwp-link-without-effects\" href=\"https:\/\/turismobailen.com\/fr\/somos-creacion\/\" aria-hidden=\"true\" ><\/a>\n\t<\/div>\n<\/div>\n<div class=\"anwp-pg-post-teaser anwp-pg-post-teaser--layout-c swiper-slide\">\n\t<div class=\"anwp-pg-post-teaser__thumbnail position-relative\">\n\n\t\t\n\t\t\t\t\t<img loading=\"lazy\" class=\"anwp-pg-post-teaser__thumbnail-img d-block anwp-pg-height-400 anwp-object-cover m-0 w-100\"\n\t\t\t\talt=\"Le poisson dans el Vivero\"\n\t\t\t\tsrc=\"https:\/\/turismobailen.com\/wp-content\/uploads\/2022\/03\/Los-peces-del-Vivero.jpg\"\/>\n\t\t\n\t\t<div class=\"anwp-pg-post-teaser__muted_bg\"><\/div>\n\t\t<div class=\"anwp-pg-post-teaser__thumbnail-bg anwp-position-cover\"><\/div>\n\n\t\t<div class=\"anwp-pg-post-teaser__content d-flex flex-column anwp-position-cover\">\n\t\t\t<div class=\"anwp-pg-post-teaser__top-meta d-flex mb-2\">\n\t\t\t\t\n\t\t\t<\/div>\n\n\t\t\t\n\t\t\t<div class=\"anwp-pg-post-teaser__bottom-block d-flex align-items-center position-relative py-4 px-1 mb-3 mt-auto\">\n\t\t\t\t\n\t\t\t\t<div class=\"anwp-pg-post-teaser__title anwp-font-heading\">\n\t\t\t\t\tLe poisson dans el Vivero\t\t\t\t<\/div>\n\t\t\t<\/div>\n\t\t<\/div>\n\n\t\t<a class=\"anwp-position-cover anwp-link-without-effects\" href=\"https:\/\/turismobailen.com\/fr\/los-peces-del-vivero\/\" aria-hidden=\"true\" ><\/a>\n\t<\/div>\n<\/div>\n<div class=\"anwp-pg-post-teaser anwp-pg-post-teaser--layout-c swiper-slide\">\n\t<div class=\"anwp-pg-post-teaser__thumbnail position-relative\">\n\n\t\t\n\t\t\t\t\t<img loading=\"lazy\" class=\"anwp-pg-post-teaser__thumbnail-img d-block anwp-pg-height-400 anwp-object-cover m-0 w-100\"\n\t\t\t\talt=\"Symbiose\"\n\t\t\t\tsrc=\"https:\/\/turismobailen.com\/wp-content\/uploads\/2022\/03\/Simbiosis-1024x496.jpg\"\/>\n\t\t\n\t\t<div class=\"anwp-pg-post-teaser__muted_bg\"><\/div>\n\t\t<div class=\"anwp-pg-post-teaser__thumbnail-bg anwp-position-cover\"><\/div>\n\n\t\t<div class=\"anwp-pg-post-teaser__content d-flex flex-column anwp-position-cover\">\n\t\t\t<div class=\"anwp-pg-post-teaser__top-meta d-flex mb-2\">\n\t\t\t\t\n\t\t\t<\/div>\n\n\t\t\t\n\t\t\t<div class=\"anwp-pg-post-teaser__bottom-block d-flex align-items-center position-relative py-4 px-1 mb-3 mt-auto\">\n\t\t\t\t\n\t\t\t\t<div class=\"anwp-pg-post-teaser__title anwp-font-heading\">\n\t\t\t\t\tSymbiose\t\t\t\t<\/div>\n\t\t\t<\/div>\n\t\t<\/div>\n\n\t\t<a class=\"anwp-position-cover anwp-link-without-effects\" href=\"https:\/\/turismobailen.com\/fr\/simbiosis\/\" aria-hidden=\"true\" ><\/a>\n\t<\/div>\n<\/div>\n\t\t<\/div>\n\n\t\t\t\t\t\t\t\t\t<div class=\"swiper-pagination\"><\/div>\n\t\t\t\t\t\t\t\t\t\t<div class=\"elementor-swiper-button elementor-swiper-button-prev\">\n\t\t\t\t\t<svg class=\"anwp-pg-icon anwp-pg-icon--feather anwp-pg-icon--s28\">\n\t\t\t\t\t\t<use xlink:href=\"#icon-anwp-pg-chevron-left\"><\/use>\n\t\t\t\t\t<\/svg>\n\t\t\t\t\t<span class=\"elementor-screen-only\">Previous<\/span>\n\t\t\t\t<\/div>\n\t\t\t\t<div class=\"elementor-swiper-button elementor-swiper-button-next\">\n\t\t\t\t\t<svg class=\"anwp-pg-icon anwp-pg-icon--feather anwp-pg-icon--s28\">\n\t\t\t\t\t\t<use xlink:href=\"#icon-anwp-pg-chevron-right\"><\/use>\n\t\t\t\t\t<\/svg>\n\t\t\t\t\t<span class=\"elementor-screen-only\">Next<\/span>\n\t\t\t\t<\/div>\n\t\t\t\t\t\t<\/div>\n<\/div>\n\t\t\t\t<\/div>\n\t\t\t\t<\/div>\n\t\t\t\t\t<\/div>\n\t\t<\/div>\n\t\t\t\t\t<\/div>\n\t\t<\/section>\n\t\t\t\t<\/div>\n\t\t","protected":false},"excerpt":{"rendered":"<p>L\u2019art urbain et la communication scientifique&#8230; Se rejoignent avec un objectif commun: montrer la valeur esth\u00e9tique, informative, culturelle, patrimoniale et touristique de la ville. Des espaces non seulement esth\u00e9tiquement attrayants, mais aussi de diffusion innovante qui proposent de nouveaux langages autour de la ville \u00e0 travers la vision particuli\u00e8re de chacun des artistes de chaque [&hellip;]<\/p>\n","protected":false},"author":1,"featured_media":0,"parent":0,"menu_order":0,"comment_status":"closed","ping_status":"closed","template":"elementor_header_footer","meta":{"footnotes":""},"class_list":["post-9854","page","type-page","status-publish","hentry"],"_links":{"self":[{"href":"https:\/\/turismobailen.com\/fr\/wp-json\/wp\/v2\/pages\/9854","targetHints":{"allow":["GET"]}}],"collection":[{"href":"https:\/\/turismobailen.com\/fr\/wp-json\/wp\/v2\/pages"}],"about":[{"href":"https:\/\/turismobailen.com\/fr\/wp-json\/wp\/v2\/types\/page"}],"author":[{"embeddable":true,"href":"https:\/\/turismobailen.com\/fr\/wp-json\/wp\/v2\/users\/1"}],"replies":[{"embeddable":true,"href":"https:\/\/turismobailen.com\/fr\/wp-json\/wp\/v2\/comments?post=9854"}],"version-history":[{"count":11,"href":"https:\/\/turismobailen.com\/fr\/wp-json\/wp\/v2\/pages\/9854\/revisions"}],"predecessor-version":[{"id":13690,"href":"https:\/\/turismobailen.com\/fr\/wp-json\/wp\/v2\/pages\/9854\/revisions\/13690"}],"wp:attachment":[{"href":"https:\/\/turismobailen.com\/fr\/wp-json\/wp\/v2\/media?parent=9854"}],"curies":[{"name":"wp","href":"https:\/\/api.w.org\/{rel}","templated":true}]}}